{"id":4623,"date":"2023-07-19T09:57:33","date_gmt":"2023-07-19T09:57:33","guid":{"rendered":"https:\/\/klima-theke.com\/produkt\/standboden-edm-33910-ersatzteil\/"},"modified":"2023-10-04T12:02:22","modified_gmt":"2023-10-04T10:02:22","slug":"standboden-edm-33910-ersatzteil","status":"publish","type":"product","link":"https:\/\/klima-theke.com\/?product=standboden-edm-33910-ersatzteil","title":{"rendered":"Standboden EDM 33910 Ersatzteil"},"content":{"rendered":"<p>Wenn Sie bei der Einrichtung ihres Heims Wert auf Details legen und bei Produkten, die Ihnen das Leben leichter machen, auf dem letzten Stand sein m\u00f6chten, dann kaufen Sie <b>Standboden EDM 33910 Ersatzteil<\/b> zum besten Preis.<\/p>\n<ul>\n<li>Farbe: Wei\u00df<\/li>\n<li>Anzahl der St\u00fccke: 2 St\u00fccke<\/li>\n<li>Art: Ersatzteil<\/li>\n<\/ul>\n","protected":false},"excerpt":{"rendered":"<p>Wenn Sie bei der Einrichtung ihres Heims Wert auf Details legen und bei Produkten, die Ihnen das Leben leichter machen, auf dem letzten Stand sein m\u00f6chten, dann kaufen Sie Standboden EDM 33910 Ersatzteil zum besten Preis. Farbe: Wei\u00df Anzahl der St\u00fccke: 2 St\u00fccke Art: Ersatzteil<\/p>\n","protected":false},"featured_media":96004,"template":"","meta":[],"product_cat":[34],"product_tag":[],"class_list":{"0":"post-4623","1":"product","2":"type-product","3":"status-publish","4":"has-post-thumbnail","6":"product_cat-tisch-standventilatoren","8":"first","9":"instock","10":"taxable","11":"shipping-taxable","12":"purchasable","13":"product-type-simple"},"_links":{"self":[{"href":"https:\/\/klima-theke.com\/index.php?rest_route=\/wp\/v2\/product\/4623","targetHints":{"allow":["GET"]}}],"collection":[{"href":"https:\/\/klima-theke.com\/index.php?rest_route=\/wp\/v2\/product"}],"about":[{"href":"https:\/\/klima-theke.com\/index.php?rest_route=\/wp\/v2\/types\/product"}],"wp:featuredmedia":[{"embeddable":true,"href":"https:\/\/klima-theke.com\/index.php?rest_route=\/wp\/v2\/media\/96004"}],"wp:attachment":[{"href":"https:\/\/klima-theke.com\/index.php?rest_route=%2Fwp%2Fv2%2Fmedia&parent=4623"}],"wp:term":[{"taxonomy":"product_cat","embeddable":true,"href":"https:\/\/klima-theke.com\/index.php?rest_route=%2Fwp%2Fv2%2Fproduct_cat&post=4623"},{"taxonomy":"product_tag","embeddable":true,"href":"https:\/\/klima-theke.com\/index.php?rest_route=%2Fwp%2Fv2%2Fproduct_tag&post=4623"}],"curies":[{"name":"wp","href":"https:\/\/api.w.org\/{rel}","templated":true}]}}