{"id":4607,"date":"2023-07-19T11:57:18","date_gmt":"2023-07-19T09:57:18","guid":{"rendered":"https:\/\/klima-theke.com\/produkt\/standfuesse-des-heizkoerpers-cointra-14800-weiss\/"},"modified":"2023-10-29T00:42:08","modified_gmt":"2023-10-28T22:42:08","slug":"standfuesse-des-heizkoerpers-cointra-14800-weiss","status":"publish","type":"product","link":"https:\/\/klima-theke.com\/?product=standfuesse-des-heizkoerpers-cointra-14800-weiss","title":{"rendered":"Standf\u00fc\u00dfe des Heizk\u00f6rpers Cointra 14800 Wei\u00df"},"content":{"rendered":"<p>Wenn Sie Haushaltsger\u00e4te zum besten Gro\u00dfhandelspreis suchen, dann verpassen Sie nicht Ihre Chance auf <b>Standf\u00fc\u00dfe des Heizk\u00f6rpers Cointra 14800 Wei\u00df<\/b> sowie ein breites Sortiment an kleinen Haushaltsger\u00e4ten!<\/p>\n<ul>\n<li>Farbe: Wei\u00df<\/li>\n<li>Kompatibel:\n<ul>\n<li>Cointra Apolo Series<\/li>\n<li>Cointra Siena Series<\/li>\n<\/ul>\n<\/li>\n<li>Ma\u00dfe ca.: 19,5 x 4 cm<\/li>\n<li>Material: Kunststoff<\/li>\n<\/ul>\n","protected":false},"excerpt":{"rendered":"<p>Wenn Sie Haushaltsger\u00e4te zum besten Gro\u00dfhandelspreis suchen, dann verpassen Sie nicht Ihre Chance auf Standf\u00fc\u00dfe des Heizk\u00f6rpers Cointra 14800 Wei\u00df sowie ein breites Sortiment an kleinen Haushaltsger\u00e4ten! Farbe: Wei\u00df Kompatibel: Cointra Apolo Series Cointra Siena Series Ma\u00dfe ca.: 19,5 x 4 cm Material: Kunststoff<\/p>\n","protected":false},"featured_media":123984,"template":"","meta":[],"product_cat":[34],"product_tag":[],"class_list":{"0":"post-4607","1":"product","2":"type-product","3":"status-publish","4":"has-post-thumbnail","6":"product_cat-tisch-standventilatoren","8":"first","9":"instock","10":"taxable","11":"shipping-taxable","12":"purchasable","13":"product-type-simple"},"_links":{"self":[{"href":"https:\/\/klima-theke.com\/index.php?rest_route=\/wp\/v2\/product\/4607","targetHints":{"allow":["GET"]}}],"collection":[{"href":"https:\/\/klima-theke.com\/index.php?rest_route=\/wp\/v2\/product"}],"about":[{"href":"https:\/\/klima-theke.com\/index.php?rest_route=\/wp\/v2\/types\/product"}],"wp:featuredmedia":[{"embeddable":true,"href":"https:\/\/klima-theke.com\/index.php?rest_route=\/wp\/v2\/media\/123984"}],"wp:attachment":[{"href":"https:\/\/klima-theke.com\/index.php?rest_route=%2Fwp%2Fv2%2Fmedia&parent=4607"}],"wp:term":[{"taxonomy":"product_cat","embeddable":true,"href":"https:\/\/klima-theke.com\/index.php?rest_route=%2Fwp%2Fv2%2Fproduct_cat&post=4607"},{"taxonomy":"product_tag","embeddable":true,"href":"https:\/\/klima-theke.com\/index.php?rest_route=%2Fwp%2Fv2%2Fproduct_tag&post=4607"}],"curies":[{"name":"wp","href":"https:\/\/api.w.org\/{rel}","templated":true}]}}