{"id":46,"date":"2023-07-16T04:54:35","date_gmt":"2023-07-16T04:54:35","guid":{"rendered":"https:\/\/klima-theke.com\/produkt\/tischventilator-orbegozo-tf-0148-weiss-50-w-60-w\/"},"modified":"2023-08-28T14:32:07","modified_gmt":"2023-08-28T12:32:07","slug":"tischventilator-orbegozo-tf-0148-weiss-50-w-60-w","status":"publish","type":"product","link":"https:\/\/klima-theke.com\/?product=tischventilator-orbegozo-tf-0148-weiss-50-w-60-w","title":{"rendered":"Tischventilator Orbegozo TF 0148 Wei\u00df 50 W 60 W"},"content":{"rendered":"<p>Wenn Sie Haushaltsger\u00e4te zum besten Gro\u00dfhandelspreis suchen, dann verpassen Sie nicht Ihre Chance auf <b>Tischventilator Orbegozo TF 0148 Wei\u00df 50 W 60 W<\/b> sowie ein breites Sortiment an kleinen Haushaltsger\u00e4ten!<\/p>\n<ul>\n<li>Leistung:\n<ul>\n<li>60 W<\/li>\n<li>50 W<\/li>\n<\/ul>\n<\/li>\n<li>Geschwindigkeiten: 4<\/li>\n<li>Farbe:\n<ul>\n<li>Wei\u00df\/Blau<\/li>\n<li>Wei\u00df<\/li>\n<\/ul>\n<\/li>\n<li>Art: Ventilator<\/li>\n<li>Material: Edelstahl<\/li>\n<li>Merkmale:\n<ul>\n<li>Tasten-Steuerung<\/li>\n<li>Griff<\/li>\n<li>Schutzgitter<\/li>\n<\/ul>\n<\/li>\n<li>Spannung: 230 V<\/li>\n<li>Frequenz: 50 Hz<\/li>\n<li>Enthalten: Anzeigeleuchte<\/li>\n<li>Energieverbrauch: 50 kWh<\/li>\n<\/ul>\n","protected":false},"excerpt":{"rendered":"<p>Wenn Sie Haushaltsger\u00e4te zum besten Gro\u00dfhandelspreis suchen, dann verpassen Sie nicht Ihre Chance auf Tischventilator Orbegozo TF 0148 Wei\u00df 50 W 60 W sowie ein breites Sortiment an kleinen Haushaltsger\u00e4ten! Leistung: 60 W 50 W Geschwindigkeiten: 4 Farbe: Wei\u00df\/Blau Wei\u00df Art: Ventilator Material: Edelstahl Merkmale: Tasten-Steuerung Griff Schutzgitter Spannung: 230 V Frequenz: 50 Hz Enthalten: [&#8230;]\n","protected":false},"featured_media":54027,"template":"","meta":[],"product_cat":[34],"product_tag":[],"class_list":{"0":"post-46","1":"product","2":"type-product","3":"status-publish","4":"has-post-thumbnail","6":"product_cat-tisch-standventilatoren","8":"first","9":"outofstock","10":"taxable","11":"shipping-taxable","12":"purchasable","13":"product-type-simple"},"_links":{"self":[{"href":"https:\/\/klima-theke.com\/index.php?rest_route=\/wp\/v2\/product\/46","targetHints":{"allow":["GET"]}}],"collection":[{"href":"https:\/\/klima-theke.com\/index.php?rest_route=\/wp\/v2\/product"}],"about":[{"href":"https:\/\/klima-theke.com\/index.php?rest_route=\/wp\/v2\/types\/product"}],"wp:featuredmedia":[{"embeddable":true,"href":"https:\/\/klima-theke.com\/index.php?rest_route=\/wp\/v2\/media\/54027"}],"wp:attachment":[{"href":"https:\/\/klima-theke.com\/index.php?rest_route=%2Fwp%2Fv2%2Fmedia&parent=46"}],"wp:term":[{"taxonomy":"product_cat","embeddable":true,"href":"https:\/\/klima-theke.com\/index.php?rest_route=%2Fwp%2Fv2%2Fproduct_cat&post=46"},{"taxonomy":"product_tag","embeddable":true,"href":"https:\/\/klima-theke.com\/index.php?rest_route=%2Fwp%2Fv2%2Fproduct_tag&post=46"}],"curies":[{"name":"wp","href":"https:\/\/api.w.org\/{rel}","templated":true}]}}