{"id":4509,"date":"2023-07-19T11:56:04","date_gmt":"2023-07-19T09:56:04","guid":{"rendered":"https:\/\/klima-theke.com\/produkt\/oelheizung-7-kammern-edm-weiss-1500-w\/"},"modified":"2023-10-30T12:59:20","modified_gmt":"2023-10-30T10:59:20","slug":"oelheizung-7-kammern-edm-weiss-1500-w","status":"publish","type":"product","link":"https:\/\/klima-theke.com\/?product=oelheizung-7-kammern-edm-weiss-1500-w","title":{"rendered":"\u00d6lheizung (7 Kammern) EDM Wei\u00df 1500 W"},"content":{"rendered":"<p>Wenn Sie Haushaltsger\u00e4te zum besten Gro\u00dfhandelspreis suchen, dann verpassen Sie nicht Ihre Chance auf <b>\u00d6lheizung (7 Kammern) EDM Wei\u00df 1500 W<\/b> sowie ein breites Sortiment an kleinen Haushaltsger\u00e4ten!<\/p>\n<ul>\n<li>Art: Heizk\u00f6rper<\/li>\n<li>Farbe: Wei\u00df<\/li>\n<li>Leistung: 1500 W<\/li>\n<li>Spannung: 220-240 V<\/li>\n<li>Merkmale: \u00d6lheizung (7 Kammern)<\/li>\n<li>Ma\u00dfe ca.: 16,5 x 37 x 73 cm<\/li>\n<\/ul>\n","protected":false},"excerpt":{"rendered":"<p>Wenn Sie Haushaltsger\u00e4te zum besten Gro\u00dfhandelspreis suchen, dann verpassen Sie nicht Ihre Chance auf \u00d6lheizung (7 Kammern) EDM Wei\u00df 1500 W sowie ein breites Sortiment an kleinen Haushaltsger\u00e4ten! Art: Heizk\u00f6rper Farbe: Wei\u00df Leistung: 1500 W Spannung: 220-240 V Merkmale: \u00d6lheizung (7 Kammern) Ma\u00dfe ca.: 16,5 x 37 x 73 cm<\/p>\n","protected":false},"featured_media":125189,"template":"","meta":[],"product_cat":[116],"product_tag":[],"class_list":{"0":"post-4509","1":"product","2":"type-product","3":"status-publish","4":"has-post-thumbnail","6":"product_cat-radiator-heizkoerper","8":"first","9":"instock","10":"taxable","11":"shipping-taxable","12":"purchasable","13":"product-type-simple"},"_links":{"self":[{"href":"https:\/\/klima-theke.com\/index.php?rest_route=\/wp\/v2\/product\/4509","targetHints":{"allow":["GET"]}}],"collection":[{"href":"https:\/\/klima-theke.com\/index.php?rest_route=\/wp\/v2\/product"}],"about":[{"href":"https:\/\/klima-theke.com\/index.php?rest_route=\/wp\/v2\/types\/product"}],"wp:featuredmedia":[{"embeddable":true,"href":"https:\/\/klima-theke.com\/index.php?rest_route=\/wp\/v2\/media\/125189"}],"wp:attachment":[{"href":"https:\/\/klima-theke.com\/index.php?rest_route=%2Fwp%2Fv2%2Fmedia&parent=4509"}],"wp:term":[{"taxonomy":"product_cat","embeddable":true,"href":"https:\/\/klima-theke.com\/index.php?rest_route=%2Fwp%2Fv2%2Fproduct_cat&post=4509"},{"taxonomy":"product_tag","embeddable":true,"href":"https:\/\/klima-theke.com\/index.php?rest_route=%2Fwp%2Fv2%2Fproduct_tag&post=4509"}],"curies":[{"name":"wp","href":"https:\/\/api.w.org\/{rel}","templated":true}]}}