{"id":4485,"date":"2023-07-19T11:55:46","date_gmt":"2023-07-19T09:55:46","guid":{"rendered":"https:\/\/klima-theke.com\/produkt\/lamellenloser-luftkuehler-mit-verdunstungsionisatoren-und-led-lichtern-evareer-innovagoods\/"},"modified":"2023-10-30T10:25:03","modified_gmt":"2023-10-30T08:25:03","slug":"lamellenloser-luftkuehler-mit-verdunstungsionisatoren-und-led-lichtern-evareer-innovagoods","status":"publish","type":"product","link":"https:\/\/klima-theke.com\/?product=lamellenloser-luftkuehler-mit-verdunstungsionisatoren-und-led-lichtern-evareer-innovagoods","title":{"rendered":"Lamellenloser Luftk\u00fchler mit Verdunstungsionisatoren und LED-Lichtern Evareer InnovaGoods"},"content":{"rendered":"<p><b>InnovaGoods<\/b> bietet Ihnen die Neuheiten f\u00fcr Ihr Zuhause, wie zum Beispiel <b>Lamellenloser Luftk\u00fchler mit Verdunstungsionisatoren und LED-Lichtern Evareer InnovaGoods <\/b>! Entdecken Sie eine breite Palette von Qualit\u00e4tsprodukten, die sich durch Funktionalit\u00e4t, Effizienz und innovatives Design auszeichnen: Beleuchtung, Organisation, Dekoration, Klimaanlage, Garten, Haustiere, Reinigung, etc.<\/p>\n<p>Ein tragbares Klimager\u00e4t mit Verdunstungsionisator, das dank seiner 4 Funktionen (Ionisator, Ventilator, Luftk\u00fchler und Luftbefeuchter) die Umgebungsluft erfrischt und reinigt. Dieses Luftk\u00fchlungs- und -reinigungsger\u00e4t saugt verschmutzte Luft an und gibt dank seiner stets aktiven Ionisierungsfunktion saubere Luft ab. Sein originelles lamellenloses Design verst\u00e4rkt den konstanten und sanften Luftstrom. Diese innovative aerodynamische Technologie macht ihn leicht zu reinigen und reduziert den Ger\u00e4uschpegel und m\u00f6gliche Gefahren. Er verf\u00fcgt \u00fcber einen 360\u00b0-Luftauslass, ein Touch-Bedienfeld, eine Fernbedienung, einen Timer (bis zu 8 Std.), 3 Geschwindigkeitsstufen (niedrig\/mittel\/hoch) und 3 L\u00fcftungsbetriebsarten: normal (durgehende L\u00fcftung), nat\u00fcrlich (nat\u00fcrliche Brise) und Nacht (sanfte Brise). Die automatische Abschaltung kann zwischen 1 und 8 Stunden eingestellt werden: 1 Std., 2 Std., 4 Std., 8 Std. Dar\u00fcber hinaus verf\u00fcgt er \u00fcber eine LED-Beleuchtung in 6 Farben, die seinem Design einen modernen und eleganten Touch verleiht und eine entspannende und angenehme Atmosph\u00e4re schafft. Der eingebaute Wasserbeh\u00e4lter hat ein Fassungsverm\u00f6gen von 3l und kann, genauso wie der Filter, zur leichteren Reinigung herausgenommen werden. Au\u00dferdem enth\u00e4lt der Ger\u00e4t K\u00e4ltespeicher: 2 herausnehmbare Beh\u00e4lter f\u00fcr Eis, mit denen der K\u00fchlungseffekt auf Wunsch verst\u00e4rkt werden kann. Mit seinen 4 R\u00e4dern l\u00e4sst er sich im Haus, im B\u00fcro usw. leicht von einem Ort zum anderen bewegen. Sein Aktionsradius betr\u00e4gt ca. 20 m\u00b2, seine Leistung liegt bei 110 W und er ist sparsam im Verbrauch, also energiesparend.<\/p>\n<p><\/p>\n<ul>\n<li>Material: ABS<\/li>\n<li>Farbe:\n<ul>\n<li>Wei\u00df<\/li>\n<li>Schwarz<\/li>\n<\/ul>\n<\/li>\n<li>Modernes und elegantes Design:\n<ul>\n<li>Ohne Klingen<\/li>\n<li>Touch-Steuerung<\/li>\n<li>Geringer Verbrauch<\/li>\n<\/ul>\n<\/li>\n<li>Multifunktion:\n<ul>\n<li>4-in-1<\/li>\n<li>Ventilator<\/li>\n<li>Luftbefeuchter<\/li>\n<li>Ionisator<\/li>\n<li>K\u00fchlger\u00e4t<\/li>\n<\/ul>\n<\/li>\n<li>Kapazit\u00e4t: 3 L<\/li>\n<li>Luftstrom: 360\u00ba<\/li>\n<li>3 Modi: Normal-Natural-Sleep<\/li>\n<li>3 Geschwindigkeitsstufen: Einstellbare Geschwindigkeit<\/li>\n<li>LED Leicht: 6 Farben<\/li>\n<li>Zeitschaltuhr: Bis zu 8 h<\/li>\n<li>Inklusive Fernbedienung: Batteriebetrieben (1 x CR2025, enthalten)<\/li>\n<li>K\u00e4ltespeicher: 2 abnehmbare Eistanks<\/li>\n<li>Mit R\u00e4dern:\n<ul>\n<li>Originell und handlich<\/li>\n<li>M\u00fchelos zu transportieren und aufzubewahren<\/li>\n<\/ul>\n<\/li>\n<li>Ungef\u00e4hre Reichweite: 20 m2<\/li>\n<li>L\u00e4rmpegel: \u226455,5 dB<\/li>\n<li>Leistung: 110 W<\/li>\n<li>Steckertyp:\n<ul>\n<li>C<\/li>\n<li>L\u00e4nge des Kabels: 146,5 cm<\/li>\n<\/ul>\n<\/li>\n<li>AC In: 220-240 V \/ 50 Hz<\/li>\n<li>Ma\u00dfe ca.: 30 x 76 x 17,5 cm<\/li>\n<li>Verpackung und Anleitung in 24 Sprachen: Englisch, Franz\u00f6sisch, Spanisch, Deutsch, Italienisch, Portugiesisch, Niederl\u00e4ndisch, Polnisch, Ungarisch, Rum\u00e4nisch, D\u00e4nisch, Schwedisch, Finnisch, Litauisch, Norwegisch, Slowenisch, Griechisch, Tschechisch, Bulgarisch, Kroatisch, Slowakisch, Estnisch, Russisch, Lettisch<\/li>\n<\/ul>\n","protected":false},"excerpt":{"rendered":"<p>InnovaGoods bietet Ihnen die Neuheiten f\u00fcr Ihr Zuhause, wie zum Beispiel Lamellenloser Luftk\u00fchler mit Verdunstungsionisatoren und LED-Lichtern Evareer InnovaGoods ! Entdecken Sie eine breite Palette von Qualit\u00e4tsprodukten, die sich durch Funktionalit\u00e4t, Effizienz und innovatives Design auszeichnen: Beleuchtung, Organisation, Dekoration, Klimaanlage, Garten, Haustiere, Reinigung, etc. Ein tragbares Klimager\u00e4t mit Verdunstungsionisator, das dank seiner 4 Funktionen (Ionisator, [&#8230;]\n","protected":false},"featured_media":124961,"template":"","meta":[],"product_cat":[52],"product_tag":[],"class_list":{"0":"post-4485","1":"product","2":"type-product","3":"status-publish","4":"has-post-thumbnail","6":"product_cat-luftkuehler","8":"first","9":"instock","10":"taxable","11":"shipping-taxable","12":"purchasable","13":"product-type-simple"},"_links":{"self":[{"href":"https:\/\/klima-theke.com\/index.php?rest_route=\/wp\/v2\/product\/4485","targetHints":{"allow":["GET"]}}],"collection":[{"href":"https:\/\/klima-theke.com\/index.php?rest_route=\/wp\/v2\/product"}],"about":[{"href":"https:\/\/klima-theke.com\/index.php?rest_route=\/wp\/v2\/types\/product"}],"wp:featuredmedia":[{"embeddable":true,"href":"https:\/\/klima-theke.com\/index.php?rest_route=\/wp\/v2\/media\/124961"}],"wp:attachment":[{"href":"https:\/\/klima-theke.com\/index.php?rest_route=%2Fwp%2Fv2%2Fmedia&parent=4485"}],"wp:term":[{"taxonomy":"product_cat","embeddable":true,"href":"https:\/\/klima-theke.com\/index.php?rest_route=%2Fwp%2Fv2%2Fproduct_cat&post=4485"},{"taxonomy":"product_tag","embeddable":true,"href":"https:\/\/klima-theke.com\/index.php?rest_route=%2Fwp%2Fv2%2Fproduct_tag&post=4485"}],"curies":[{"name":"wp","href":"https:\/\/api.w.org\/{rel}","templated":true}]}}