{"id":43826,"date":"2023-08-20T20:21:55","date_gmt":"2023-08-20T18:21:55","guid":{"rendered":"https:\/\/klima-theke.com\/produkt\/unterstand-fuer-feuerholz-lagerschuppen-kiefernholz-impraegniert-2\/"},"modified":"2023-10-23T14:48:18","modified_gmt":"2023-10-23T12:48:18","slug":"unterstand-fuer-feuerholz-lagerschuppen-kiefernholz-impraegniert-2","status":"publish","type":"product","link":"https:\/\/klima-theke.com\/?product=unterstand-fuer-feuerholz-lagerschuppen-kiefernholz-impraegniert-2","title":{"rendered":"Unterstand f\u00fcr Feuerholz Lagerschuppen Kiefernholz Impr\u00e4gniert"},"content":{"rendered":"<p>Dieser robuste Holz-Unterstand ist eine praktische, \u00fcberdachte Holzkonstruktion, die sich bestens zur Lagerung verschiedenster Gartenutensilien, wie Feuerholz, gr\u00f6\u00dfere Gartenger\u00e4te, Gartenm\u00f6bel, Fahrr\u00e4der oder anderer Gegenst\u00e4nde, die Sie gerne im Au\u00dfenbereich aufbewahren m\u00f6chten, eignet. Die langlebige Garten\u00fcberdachung ist aus hochwertigem, impr\u00e4gniertem und somit f\u00e4ulnisresistentem Kiefernholz gefertigt. Das geneigte Holzdach sorgt daf\u00fcr, dass Ihr Eigentum stets vor Regen und Schnee gesch\u00fctzt bleibt. Die beiden Seitenw\u00e4nde bietet zus\u00e4tzlichen Schutz vor Witterungseinfl\u00fcssen. Der Zusammenbau ist einfach. Bitte beachten Sie, dass Holz ein Naturprodukt ist und somit Unvollkommenheiten aufweisen kann.<\/p>\n<ul>\n<li>Material: Kiefernholz, gr\u00fcn impr\u00e4gniert<\/li>\n<li>Verrottungsfest<\/li>\n<li>\u00c4u\u00dfere Abmessungen: 170 x 170 x 180 cm (B x T x H)<\/li>\n<li>Innere Abmessungen: 150 x 150 x 160 cm (B x T x H)<\/li>\n<li>Volumen: 3,6 m\u00b3<\/li>\n<li>Mit zwei Seitenw\u00e4nden<\/li>\n<li>Einfacher Zusammenbau<\/li>\n<\/ul>\n","protected":false},"excerpt":{"rendered":"<p>Dieser robuste Holz-Unterstand ist eine praktische, \u00fcberdachte Holzkonstruktion, die sich bestens zur Lagerung verschiedenster Gartenutensilien, wie Feuerholz, gr\u00f6\u00dfere Gartenger\u00e4te, Gartenm\u00f6bel, Fahrr\u00e4der oder anderer Gegenst\u00e4nde, die Sie gerne im Au\u00dfenbereich aufbewahren m\u00f6chten, eignet. Die langlebige Garten\u00fcberdachung ist aus hochwertigem, impr\u00e4gniertem und somit f\u00e4ulnisresistentem Kiefernholz gefertigt. Das geneigte Holzdach sorgt daf\u00fcr, dass Ihr Eigentum stets vor Regen [&#8230;]\n","protected":false},"featured_media":118641,"template":"","meta":[],"product_cat":[45],"product_tag":[],"class_list":{"0":"post-43826","1":"product","2":"type-product","3":"status-publish","4":"has-post-thumbnail","6":"product_cat-regale","8":"first","9":"instock","10":"taxable","11":"shipping-taxable","12":"purchasable","13":"product-type-simple"},"_links":{"self":[{"href":"https:\/\/klima-theke.com\/index.php?rest_route=\/wp\/v2\/product\/43826","targetHints":{"allow":["GET"]}}],"collection":[{"href":"https:\/\/klima-theke.com\/index.php?rest_route=\/wp\/v2\/product"}],"about":[{"href":"https:\/\/klima-theke.com\/index.php?rest_route=\/wp\/v2\/types\/product"}],"wp:featuredmedia":[{"embeddable":true,"href":"https:\/\/klima-theke.com\/index.php?rest_route=\/wp\/v2\/media\/118641"}],"wp:attachment":[{"href":"https:\/\/klima-theke.com\/index.php?rest_route=%2Fwp%2Fv2%2Fmedia&parent=43826"}],"wp:term":[{"taxonomy":"product_cat","embeddable":true,"href":"https:\/\/klima-theke.com\/index.php?rest_route=%2Fwp%2Fv2%2Fproduct_cat&post=43826"},{"taxonomy":"product_tag","embeddable":true,"href":"https:\/\/klima-theke.com\/index.php?rest_route=%2Fwp%2Fv2%2Fproduct_tag&post=43826"}],"curies":[{"name":"wp","href":"https:\/\/api.w.org\/{rel}","templated":true}]}}