{"id":43806,"date":"2023-08-20T20:21:42","date_gmt":"2023-08-20T18:21:42","guid":{"rendered":"https:\/\/klima-theke.com\/produkt\/brennholzlager-verzinkter-stahl-172-x-91-x-154-cm-grau\/"},"modified":"2023-10-17T12:35:40","modified_gmt":"2023-10-17T10:35:40","slug":"brennholzlager-verzinkter-stahl-172-x-91-x-154-cm-grau","status":"publish","type":"product","link":"https:\/\/klima-theke.com\/?product=brennholzlager-verzinkter-stahl-172-x-91-x-154-cm-grau","title":{"rendered":"Brennholzlager Verzinkter Stahl 172 x 91 x 154 cm Grau"},"content":{"rendered":"<p>Dieses Brennholzlager bietet eine hervorragende Aufbewahrungsl\u00f6sung f\u00fcr Ihr Feuerholz. Es verf\u00fcgt \u00fcber eine stabile Konstruktion mit Stahlst\u00fctzstangen und extra Rohren auf beiden Seiten. Da es aus verzinktem Stahl gefertigt ist, ben\u00f6tigt dieses Brennholzlager nur wenig Pflege und ist auch sehr langlebig. Au\u00dferdem ist das Kaminholzlager mit einem Stahlbodenrahmen f\u00fcr zus\u00e4tzliche Stabilit\u00e4t und mit erh\u00f6hten Bodenleisten ausgestattet, die das Feuerholz trocken und gut bel\u00fcftet halten. Die Dachschr\u00e4ge leitet Regenwasser automatisch ab. Unser Brennholzschuppen ist leicht zu montieren. In diesem kompakten Holzlager bewahren Sie Ihr Kaminholz ordentlich gestapelt, trocken und gut bel\u00fcftet auf!<\/p>\n<ul>\n<li>Farbe: Grau<\/li>\n<li>Material: Verzinkter Stahl<\/li>\n<li>Abmessungen: 172 x 91 x 145\/154 cm (L x B x H)<\/li>\n<li>Mit zus\u00e4tzlichen Rohren auf beiden Seiten<\/li>\n<\/ul>\n","protected":false},"excerpt":{"rendered":"<p>Dieses Brennholzlager bietet eine hervorragende Aufbewahrungsl\u00f6sung f\u00fcr Ihr Feuerholz. Es verf\u00fcgt \u00fcber eine stabile Konstruktion mit Stahlst\u00fctzstangen und extra Rohren auf beiden Seiten. Da es aus verzinktem Stahl gefertigt ist, ben\u00f6tigt dieses Brennholzlager nur wenig Pflege und ist auch sehr langlebig. Au\u00dferdem ist das Kaminholzlager mit einem Stahlbodenrahmen f\u00fcr zus\u00e4tzliche Stabilit\u00e4t und mit erh\u00f6hten Bodenleisten [&#8230;]\n","protected":false},"featured_media":113321,"template":"","meta":[],"product_cat":[45],"product_tag":[],"class_list":{"0":"post-43806","1":"product","2":"type-product","3":"status-publish","4":"has-post-thumbnail","6":"product_cat-regale","8":"first","9":"instock","10":"taxable","11":"shipping-taxable","12":"purchasable","13":"product-type-simple"},"_links":{"self":[{"href":"https:\/\/klima-theke.com\/index.php?rest_route=\/wp\/v2\/product\/43806","targetHints":{"allow":["GET"]}}],"collection":[{"href":"https:\/\/klima-theke.com\/index.php?rest_route=\/wp\/v2\/product"}],"about":[{"href":"https:\/\/klima-theke.com\/index.php?rest_route=\/wp\/v2\/types\/product"}],"wp:featuredmedia":[{"embeddable":true,"href":"https:\/\/klima-theke.com\/index.php?rest_route=\/wp\/v2\/media\/113321"}],"wp:attachment":[{"href":"https:\/\/klima-theke.com\/index.php?rest_route=%2Fwp%2Fv2%2Fmedia&parent=43806"}],"wp:term":[{"taxonomy":"product_cat","embeddable":true,"href":"https:\/\/klima-theke.com\/index.php?rest_route=%2Fwp%2Fv2%2Fproduct_cat&post=43806"},{"taxonomy":"product_tag","embeddable":true,"href":"https:\/\/klima-theke.com\/index.php?rest_route=%2Fwp%2Fv2%2Fproduct_tag&post=43806"}],"curies":[{"name":"wp","href":"https:\/\/api.w.org\/{rel}","templated":true}]}}