{"id":43761,"date":"2023-08-20T20:21:16","date_gmt":"2023-08-20T18:21:16","guid":{"rendered":"https:\/\/klima-theke.com\/produkt\/garten-brennholzlager-anthrazit-245x98x159-cm-verzinkter-stahl\/"},"modified":"2023-10-26T16:25:09","modified_gmt":"2023-10-26T14:25:09","slug":"garten-brennholzlager-anthrazit-245x98x159-cm-verzinkter-stahl","status":"publish","type":"product","link":"https:\/\/klima-theke.com\/?product=garten-brennholzlager-anthrazit-245x98x159-cm-verzinkter-stahl","title":{"rendered":"Garten Brennholzlager Anthrazit 245x98x159 cm Verzinkter Stahl"},"content":{"rendered":"<p>Dieser 2-in-1 Gartenschuppen eignet sich perfekt zur Aufbewahrung einer Vielzahl von Gegenst\u00e4nden wie Brennholz, Werkzeugen, Gartenm\u00f6beln, Gartenger\u00e4ten usw. Der Schuppen bietet Schutz vor Schmutz, Staub und auch vor starkem Wind und Wetter. Dieser Gartenschuppen, bestehend aus einem Holzregal und einem gro\u00dfen Schuppen, bietet ausreichend Platz f\u00fcr die Organisation Ihrer Outdoor-Werkzeuge. Da dieser Lagerschuppen aus verzinktem Stahl besteht, ist er wartungsarm und sehr langlebig. Regenwasser flie\u00dft dank seiner geneigten Konstruktion automatisch vom Dach ab.<\/p>\n<ul>\n<li>Farbe: Anthrazit<\/li>\n<li>Material: Verzinkter Stahl<\/li>\n<li>Gesamtabmessungen: 245 x 98 x 148\/159 cm (B x T x H)<\/li>\n<li>Ohne Boden<\/li>\n<li>Zusammenbau erforderlich: Ja<\/li>\n<\/ul>\n","protected":false},"excerpt":{"rendered":"<p>Dieser 2-in-1 Gartenschuppen eignet sich perfekt zur Aufbewahrung einer Vielzahl von Gegenst\u00e4nden wie Brennholz, Werkzeugen, Gartenm\u00f6beln, Gartenger\u00e4ten usw. Der Schuppen bietet Schutz vor Schmutz, Staub und auch vor starkem Wind und Wetter. Dieser Gartenschuppen, bestehend aus einem Holzregal und einem gro\u00dfen Schuppen, bietet ausreichend Platz f\u00fcr die Organisation Ihrer Outdoor-Werkzeuge. Da dieser Lagerschuppen aus verzinktem [&#8230;]\n","protected":false},"featured_media":122333,"template":"","meta":[],"product_cat":[45],"product_tag":[],"class_list":{"0":"post-43761","1":"product","2":"type-product","3":"status-publish","4":"has-post-thumbnail","6":"product_cat-regale","8":"first","9":"instock","10":"taxable","11":"shipping-taxable","12":"purchasable","13":"product-type-simple"},"_links":{"self":[{"href":"https:\/\/klima-theke.com\/index.php?rest_route=\/wp\/v2\/product\/43761","targetHints":{"allow":["GET"]}}],"collection":[{"href":"https:\/\/klima-theke.com\/index.php?rest_route=\/wp\/v2\/product"}],"about":[{"href":"https:\/\/klima-theke.com\/index.php?rest_route=\/wp\/v2\/types\/product"}],"wp:featuredmedia":[{"embeddable":true,"href":"https:\/\/klima-theke.com\/index.php?rest_route=\/wp\/v2\/media\/122333"}],"wp:attachment":[{"href":"https:\/\/klima-theke.com\/index.php?rest_route=%2Fwp%2Fv2%2Fmedia&parent=43761"}],"wp:term":[{"taxonomy":"product_cat","embeddable":true,"href":"https:\/\/klima-theke.com\/index.php?rest_route=%2Fwp%2Fv2%2Fproduct_cat&post=43761"},{"taxonomy":"product_tag","embeddable":true,"href":"https:\/\/klima-theke.com\/index.php?rest_route=%2Fwp%2Fv2%2Fproduct_tag&post=43761"}],"curies":[{"name":"wp","href":"https:\/\/api.w.org\/{rel}","templated":true}]}}