{"id":4367,"date":"2023-07-19T11:51:47","date_gmt":"2023-07-19T09:51:47","guid":{"rendered":"https:\/\/klima-theke.com\/produkt\/plug-in-keramikheizkoerper-heatpod-innovagoods-400w\/"},"modified":"2023-10-30T12:28:32","modified_gmt":"2023-10-30T10:28:32","slug":"plug-in-keramikheizkoerper-heatpod-innovagoods-400w","status":"publish","type":"product","link":"https:\/\/klima-theke.com\/?product=plug-in-keramikheizkoerper-heatpod-innovagoods-400w","title":{"rendered":"Plug-in Keramikheizk\u00f6rper Heatpod InnovaGoods 400W"},"content":{"rendered":"<p><b>InnovaGoods<\/b> bietet Ihnen die besten Neuigkeiten f\u00fcr Ihr Zuhause, wie zum Beispiel <b>Plug-in Keramikheizk\u00f6rper Heatpod InnovaGoods 400W Home Climate<\/b>! Entdecken Sie eine breite Palette von Qualit\u00e4tsprodukten, die sich durch Funktionalit\u00e4t, Effizienz und innovatives Design auszeichnen: Beleuchtung, Organisation, Dekoration, Klimaanlage, Garten, Haustiere, Reinigung, etc.<\/p>\n<ul>\n<li>Material:\n<ul>\n<li>ABS<\/li>\n<li>PA<\/li>\n<li>PBT<\/li>\n<\/ul>\n<\/li>\n<li>Schaltfl\u00e4che: On\/Off<\/li>\n<li>2 Geschwindigkeitsstufen<\/li>\n<li>Thermostat: Einstellbar<\/li>\n<li>Temperatur: 15-32 \u2103<\/li>\n<li>Zeitschaltuhr: Bis zu 12 h<\/li>\n<li>Display:\n<ul>\n<li>LED<\/li>\n<li>Digital<\/li>\n<\/ul>\n<\/li>\n<li>Geringer Verbrauch<\/li>\n<li>Leise<\/li>\n<li>Leicht, handlich und einfach zu benutzen<\/li>\n<li>M\u00fchelos zu transportieren und aufzubewahren<\/li>\n<li>Leistung: 400 W<\/li>\n<li>220-240 V \/ 50-60 Hz<\/li>\n<li>Steckertyp: F<\/li>\n<li>Ma\u00dfe ca.: 8,5 x 16 x 14 cm<\/li>\n<li>Verpackung und Anleitung in 24 Sprachen (Englisch, Franz\u00f6sisch, Spanisch, Deutsch, Italienisch, Portugiesisch, Niederl\u00e4ndisch, Polnisch, Ungarisch, Rum\u00e4nisch, D\u00e4nisch, Schwedisch, Finnisch, Litauisch, Norwegisch, Slowenisch, Griechisch, Tschechisch, Bulgarisch, Kroatisch, Slowakisch, Estnisch, Russisch, Lettisch)<\/li>\n<\/ul>\n","protected":false},"excerpt":{"rendered":"<p>InnovaGoods bietet Ihnen die besten Neuigkeiten f\u00fcr Ihr Zuhause, wie zum Beispiel Plug-in Keramikheizk\u00f6rper Heatpod InnovaGoods 400W Home Climate! Entdecken Sie eine breite Palette von Qualit\u00e4tsprodukten, die sich durch Funktionalit\u00e4t, Effizienz und innovatives Design auszeichnen: Beleuchtung, Organisation, Dekoration, Klimaanlage, Garten, Haustiere, Reinigung, etc. Material: ABS PA PBT Schaltfl\u00e4che: On\/Off 2 Geschwindigkeitsstufen Thermostat: Einstellbar Temperatur: 15-32 [&#8230;]\n","protected":false},"featured_media":125136,"template":"","meta":[],"product_cat":[118],"product_tag":[],"class_list":{"0":"post-4367","1":"product","2":"type-product","3":"status-publish","4":"has-post-thumbnail","6":"product_cat-keramik-heizung","8":"first","9":"instock","10":"taxable","11":"shipping-taxable","12":"purchasable","13":"product-type-simple"},"_links":{"self":[{"href":"https:\/\/klima-theke.com\/index.php?rest_route=\/wp\/v2\/product\/4367","targetHints":{"allow":["GET"]}}],"collection":[{"href":"https:\/\/klima-theke.com\/index.php?rest_route=\/wp\/v2\/product"}],"about":[{"href":"https:\/\/klima-theke.com\/index.php?rest_route=\/wp\/v2\/types\/product"}],"wp:featuredmedia":[{"embeddable":true,"href":"https:\/\/klima-theke.com\/index.php?rest_route=\/wp\/v2\/media\/125136"}],"wp:attachment":[{"href":"https:\/\/klima-theke.com\/index.php?rest_route=%2Fwp%2Fv2%2Fmedia&parent=4367"}],"wp:term":[{"taxonomy":"product_cat","embeddable":true,"href":"https:\/\/klima-theke.com\/index.php?rest_route=%2Fwp%2Fv2%2Fproduct_cat&post=4367"},{"taxonomy":"product_tag","embeddable":true,"href":"https:\/\/klima-theke.com\/index.php?rest_route=%2Fwp%2Fv2%2Fproduct_tag&post=4367"}],"curies":[{"name":"wp","href":"https:\/\/api.w.org\/{rel}","templated":true}]}}