{"id":42872,"date":"2023-08-19T10:07:30","date_gmt":"2023-08-19T08:07:30","guid":{"rendered":"https:\/\/klima-theke.com\/produkt\/holzkohle-grillkamin-aus-beton-mit-rauchabzug-2\/"},"modified":"2023-10-14T16:17:23","modified_gmt":"2023-10-14T14:17:23","slug":"holzkohle-grillkamin-aus-beton-mit-rauchabzug-2","status":"publish","type":"product","link":"https:\/\/klima-theke.com\/?product=holzkohle-grillkamin-aus-beton-mit-rauchabzug-2","title":{"rendered":"Holzkohle-Grillkamin aus Beton mit Rauchabzug"},"content":{"rendered":"<p>Genie\u00dfen Sie das Grillen an diesem Grillkamin mit Ihren Freunden und Familien, im Garten oder auf der Terrasse! Der Gartengrill ist aus Beton gefertigt und ist dadurch stabil und robust. Legen Sie den Bratrost einfach in eine der 4 H\u00f6henstufen, um die W\u00e4rme der Holzkohle optimal zu nutzen. Es gibt au\u00dferdem eine Seitenablage, auf der Sie Ihr Grillzubeh\u00f6r bequem und griffbereit aufbewahren k\u00f6nnen. Dank des Rauchabzugs und des verchromten Grillrosts mit Griffen werden Ihre Grillpartys unterhaltsam und unvergesslich sein! Der Beton-Grillkamin kann in jede m\u00f6gliche Farbe Ihrer Wahl gestrichen werden. Bitte beachten Sie: Dieses Produkt funktioniert nur mit Holzkohle; nicht f\u00fcr Holz geeignet. Montage erforderlich.<\/p>\n<ul>\n<li>Material: Beton<\/li>\n<li>Gesamtma\u00dfe: 76 x 43 x 195,5 cm (B x T x H)<\/li>\n<li>Grillrost-Ma\u00dfe: 48 x 33 cm (L x B)<\/li>\n<li>Garh\u00f6he: in 4 Stufen einstellbar<\/li>\n<li>Mit verchromtem Bratrost mit Griffen<\/li>\n<li>Mit einem Beistelltisch<\/li>\n<li>Mit Rauchabzug<\/li>\n<li>Sie k\u00f6nnen den Grill in der gew\u00fcnschten Farbe anstreichen<\/li>\n<li>Bitte beachten Sie: Dieser Grill ist f\u00fcr Holzkohle vorgesehen; nicht f\u00fcr Holz geeignet<\/li>\n<\/ul>\n","protected":false},"excerpt":{"rendered":"<p>Genie\u00dfen Sie das Grillen an diesem Grillkamin mit Ihren Freunden und Familien, im Garten oder auf der Terrasse! Der Gartengrill ist aus Beton gefertigt und ist dadurch stabil und robust. Legen Sie den Bratrost einfach in eine der 4 H\u00f6henstufen, um die W\u00e4rme der Holzkohle optimal zu nutzen. Es gibt au\u00dferdem eine Seitenablage, auf der [&#8230;]\n","protected":false},"featured_media":110506,"template":"","meta":[],"product_cat":[51],"product_tag":[],"class_list":{"0":"post-42872","1":"product","2":"type-product","3":"status-publish","4":"has-post-thumbnail","6":"product_cat-grills-abdeckungen","7":"product_shipping_class-spedition-light","9":"first","10":"instock","11":"taxable","12":"shipping-taxable","13":"purchasable","14":"product-type-simple"},"_links":{"self":[{"href":"https:\/\/klima-theke.com\/index.php?rest_route=\/wp\/v2\/product\/42872","targetHints":{"allow":["GET"]}}],"collection":[{"href":"https:\/\/klima-theke.com\/index.php?rest_route=\/wp\/v2\/product"}],"about":[{"href":"https:\/\/klima-theke.com\/index.php?rest_route=\/wp\/v2\/types\/product"}],"wp:featuredmedia":[{"embeddable":true,"href":"https:\/\/klima-theke.com\/index.php?rest_route=\/wp\/v2\/media\/110506"}],"wp:attachment":[{"href":"https:\/\/klima-theke.com\/index.php?rest_route=%2Fwp%2Fv2%2Fmedia&parent=42872"}],"wp:term":[{"taxonomy":"product_cat","embeddable":true,"href":"https:\/\/klima-theke.com\/index.php?rest_route=%2Fwp%2Fv2%2Fproduct_cat&post=42872"},{"taxonomy":"product_tag","embeddable":true,"href":"https:\/\/klima-theke.com\/index.php?rest_route=%2Fwp%2Fv2%2Fproduct_tag&post=42872"}],"curies":[{"name":"wp","href":"https:\/\/api.w.org\/{rel}","templated":true}]}}