{"id":4283,"date":"2023-07-19T11:50:34","date_gmt":"2023-07-19T09:50:34","guid":{"rendered":"https:\/\/klima-theke.com\/produkt\/heizkoerper-taurus-prmb-weiss-1600-w\/"},"modified":"2023-10-28T13:53:16","modified_gmt":"2023-10-28T11:53:16","slug":"heizkoerper-taurus-prmb-weiss-1600-w","status":"publish","type":"product","link":"https:\/\/klima-theke.com\/?product=heizkoerper-taurus-prmb-weiss-1600-w","title":{"rendered":"Heizk\u00f6rper Taurus PRMB Wei\u00df 1600 W"},"content":{"rendered":"<p>Wenn Sie Haushaltsger\u00e4te zum besten Gro\u00dfhandelspreis suchen, dann verpassen Sie nicht Ihre Chance auf <b>Heizk\u00f6rper Taurus PRMB Wei\u00df 1600 W<\/b> sowie ein breites Sortiment an kleinen Haushaltsger\u00e4ten!<\/p>\n<ul>\n<li>Farbe: Wei\u00df<\/li>\n<li>Thermostat: Einstellbar<\/li>\n<li>Leistung: 1600 W<\/li>\n<li>Technologie: Infrarot<\/li>\n<li>Temperatur:\n<ul>\n<li>Einstellbar<\/li>\n<li>3 Ebenen<\/li>\n<\/ul>\n<\/li>\n<li>Steuerung: Drehend<\/li>\n<li>Merkmale:\n<ul>\n<li>Thermostat<\/li>\n<li>R\u00e4der<\/li>\n<li>LED-Betriebsanzeige<\/li>\n<\/ul>\n<\/li>\n<li>Ma\u00dfe ca.: 67 x 54 cm<\/li>\n<\/ul>\n","protected":false},"excerpt":{"rendered":"<p>Wenn Sie Haushaltsger\u00e4te zum besten Gro\u00dfhandelspreis suchen, dann verpassen Sie nicht Ihre Chance auf Heizk\u00f6rper Taurus PRMB Wei\u00df 1600 W sowie ein breites Sortiment an kleinen Haushaltsger\u00e4ten! Farbe: Wei\u00df Thermostat: Einstellbar Leistung: 1600 W Technologie: Infrarot Temperatur: Einstellbar 3 Ebenen Steuerung: Drehend Merkmale: Thermostat R\u00e4der LED-Betriebsanzeige Ma\u00dfe ca.: 67 x 54 cm<\/p>\n","protected":false},"featured_media":123768,"template":"","meta":[],"product_cat":[38],"product_tag":[],"class_list":{"0":"post-4283","1":"product","2":"type-product","3":"status-publish","4":"has-post-thumbnail","6":"product_cat-heizungen-zubehoer","8":"first","9":"instock","10":"taxable","11":"shipping-taxable","12":"purchasable","13":"product-type-simple"},"_links":{"self":[{"href":"https:\/\/klima-theke.com\/index.php?rest_route=\/wp\/v2\/product\/4283","targetHints":{"allow":["GET"]}}],"collection":[{"href":"https:\/\/klima-theke.com\/index.php?rest_route=\/wp\/v2\/product"}],"about":[{"href":"https:\/\/klima-theke.com\/index.php?rest_route=\/wp\/v2\/types\/product"}],"wp:featuredmedia":[{"embeddable":true,"href":"https:\/\/klima-theke.com\/index.php?rest_route=\/wp\/v2\/media\/123768"}],"wp:attachment":[{"href":"https:\/\/klima-theke.com\/index.php?rest_route=%2Fwp%2Fv2%2Fmedia&parent=4283"}],"wp:term":[{"taxonomy":"product_cat","embeddable":true,"href":"https:\/\/klima-theke.com\/index.php?rest_route=%2Fwp%2Fv2%2Fproduct_cat&post=4283"},{"taxonomy":"product_tag","embeddable":true,"href":"https:\/\/klima-theke.com\/index.php?rest_route=%2Fwp%2Fv2%2Fproduct_tag&post=4283"}],"curies":[{"name":"wp","href":"https:\/\/api.w.org\/{rel}","templated":true}]}}