{"id":4235,"date":"2023-07-19T11:49:57","date_gmt":"2023-07-19T09:49:57","guid":{"rendered":"https:\/\/klima-theke.com\/produkt\/quartz-heizung-edm-07136-schwarz-1200-w\/"},"modified":"2023-10-30T12:59:16","modified_gmt":"2023-10-30T10:59:16","slug":"quartz-heizung-edm-07136-schwarz-1200-w","status":"publish","type":"product","link":"https:\/\/klima-theke.com\/?product=quartz-heizung-edm-07136-schwarz-1200-w","title":{"rendered":"Quartz-Heizung EDM 07136 Schwarz 1200 W"},"content":{"rendered":"<p>Wenn Sie Haushaltsger\u00e4te zum besten Gro\u00dfhandelspreis suchen, dann verpassen Sie nicht Ihre Chance auf <b>Quartz-Heizung EDM 07136 Schwarz 1200 W<\/b> sowie ein breites Sortiment an kleinen Haushaltsger\u00e4ten!<\/p>\n<ul>\n<li>Art: Heizk\u00f6rper<\/li>\n<li>Leistung: 1200 W<\/li>\n<li>Spannung: 220-240 V<\/li>\n<li>Heizsystem: Quarzstangen<\/li>\n<li>Ma\u00dfe ca.: 36 x 10 x 56 cm<\/li>\n<li>Farbe: Schwarz<\/li>\n<\/ul>\n","protected":false},"excerpt":{"rendered":"<p>Wenn Sie Haushaltsger\u00e4te zum besten Gro\u00dfhandelspreis suchen, dann verpassen Sie nicht Ihre Chance auf Quartz-Heizung EDM 07136 Schwarz 1200 W sowie ein breites Sortiment an kleinen Haushaltsger\u00e4ten! Art: Heizk\u00f6rper Leistung: 1200 W Spannung: 220-240 V Heizsystem: Quarzstangen Ma\u00dfe ca.: 36 x 10 x 56 cm Farbe: Schwarz<\/p>\n","protected":false},"featured_media":125185,"template":"","meta":[],"product_cat":[115],"product_tag":[],"class_list":{"0":"post-4235","1":"product","2":"type-product","3":"status-publish","4":"has-post-thumbnail","6":"product_cat-heizstrahler","8":"first","9":"instock","10":"taxable","11":"shipping-taxable","12":"purchasable","13":"product-type-simple"},"_links":{"self":[{"href":"https:\/\/klima-theke.com\/index.php?rest_route=\/wp\/v2\/product\/4235","targetHints":{"allow":["GET"]}}],"collection":[{"href":"https:\/\/klima-theke.com\/index.php?rest_route=\/wp\/v2\/product"}],"about":[{"href":"https:\/\/klima-theke.com\/index.php?rest_route=\/wp\/v2\/types\/product"}],"wp:featuredmedia":[{"embeddable":true,"href":"https:\/\/klima-theke.com\/index.php?rest_route=\/wp\/v2\/media\/125185"}],"wp:attachment":[{"href":"https:\/\/klima-theke.com\/index.php?rest_route=%2Fwp%2Fv2%2Fmedia&parent=4235"}],"wp:term":[{"taxonomy":"product_cat","embeddable":true,"href":"https:\/\/klima-theke.com\/index.php?rest_route=%2Fwp%2Fv2%2Fproduct_cat&post=4235"},{"taxonomy":"product_tag","embeddable":true,"href":"https:\/\/klima-theke.com\/index.php?rest_route=%2Fwp%2Fv2%2Fproduct_tag&post=4235"}],"curies":[{"name":"wp","href":"https:\/\/api.w.org\/{rel}","templated":true}]}}