{"id":42329,"date":"2023-08-18T20:20:18","date_gmt":"2023-08-18T18:20:18","guid":{"rendered":"https:\/\/klima-theke.com\/produkt\/holzkorb-mit-tragegriffen-58x42x29-cm-natur-weide\/"},"modified":"2023-10-29T10:58:15","modified_gmt":"2023-10-29T08:58:15","slug":"holzkorb-mit-tragegriffen-58x42x29-cm-natur-weide","status":"publish","type":"product","link":"https:\/\/klima-theke.com\/?product=holzkorb-mit-tragegriffen-58x42x29-cm-natur-weide","title":{"rendered":"Holzkorb mit Tragegriffen 58\u00d742\u00d729 cm Natur Weide"},"content":{"rendered":"<p>Dieser robuste Brennholzkorb mit Tragegriffen ist eine ideale Aufbewahrungsl\u00f6sung f\u00fcr Ihr Brennholz neben dem Kamin. Dieser Holzkorb aus Naturweide strahlt einen rustikalen Charme aus und ist somit ein toller Blickfang im Landhausstil. 2 Seilgriffe erleichtern das Tragen des Brennholzkorbes. Starke, schwere Konstruktion sorgt f\u00fcr eine lange Lebensdauer. Vielseitig einsetzbar, kann dieser Weidenkorb auch als W\u00e4schekorb oder Gem\u00fcseaufbewahrungskorb dienen.<\/p>\n<ul>\n<li>Farbe: Braun<\/li>\n<li>Material: Naturweide<\/li>\n<li>Abmessungen: 58 x 42 x 29 cm (L x B x H)<\/li>\n<li>Mit Griffen zum einfachen Tragen<\/li>\n<li>Vielseitig<\/li>\n<\/ul>\n","protected":false},"excerpt":{"rendered":"<p>Dieser robuste Brennholzkorb mit Tragegriffen ist eine ideale Aufbewahrungsl\u00f6sung f\u00fcr Ihr Brennholz neben dem Kamin. Dieser Holzkorb aus Naturweide strahlt einen rustikalen Charme aus und ist somit ein toller Blickfang im Landhausstil. 2 Seilgriffe erleichtern das Tragen des Brennholzkorbes. Starke, schwere Konstruktion sorgt f\u00fcr eine lange Lebensdauer. Vielseitig einsetzbar, kann dieser Weidenkorb auch als W\u00e4schekorb [&#8230;]\n","protected":false},"featured_media":124314,"template":"","meta":[],"product_cat":[46],"product_tag":[],"class_list":{"0":"post-42329","1":"product","2":"type-product","3":"status-publish","4":"has-post-thumbnail","6":"product_cat-aufbewahrungs-koerbe","8":"first","9":"instock","10":"sale","11":"taxable","12":"shipping-taxable","13":"purchasable","14":"product-type-simple"},"_links":{"self":[{"href":"https:\/\/klima-theke.com\/index.php?rest_route=\/wp\/v2\/product\/42329","targetHints":{"allow":["GET"]}}],"collection":[{"href":"https:\/\/klima-theke.com\/index.php?rest_route=\/wp\/v2\/product"}],"about":[{"href":"https:\/\/klima-theke.com\/index.php?rest_route=\/wp\/v2\/types\/product"}],"wp:featuredmedia":[{"embeddable":true,"href":"https:\/\/klima-theke.com\/index.php?rest_route=\/wp\/v2\/media\/124314"}],"wp:attachment":[{"href":"https:\/\/klima-theke.com\/index.php?rest_route=%2Fwp%2Fv2%2Fmedia&parent=42329"}],"wp:term":[{"taxonomy":"product_cat","embeddable":true,"href":"https:\/\/klima-theke.com\/index.php?rest_route=%2Fwp%2Fv2%2Fproduct_cat&post=42329"},{"taxonomy":"product_tag","embeddable":true,"href":"https:\/\/klima-theke.com\/index.php?rest_route=%2Fwp%2Fv2%2Fproduct_tag&post=42329"}],"curies":[{"name":"wp","href":"https:\/\/api.w.org\/{rel}","templated":true}]}}