{"id":42242,"date":"2023-08-18T20:18:25","date_gmt":"2023-08-18T18:18:25","guid":{"rendered":"https:\/\/klima-theke.com\/produkt\/outdoor-kaminholzregal-weiss-108x52x106-cm-massivholz-kiefer\/"},"modified":"2023-10-30T11:38:12","modified_gmt":"2023-10-30T09:38:12","slug":"outdoor-kaminholzregal-weiss-108x52x106-cm-massivholz-kiefer","status":"publish","type":"product","link":"https:\/\/klima-theke.com\/?product=outdoor-kaminholzregal-weiss-108x52x106-cm-massivholz-kiefer","title":{"rendered":"Outdoor-Kaminholzregal Wei\u00df 108x52x106 cm Massivholz Kiefer"},"content":{"rendered":"<p>Diese Outdoor-Holzablage eignet sich perfekt, um dein Brennholz auf der Veranda, im Garten usw. zu lagern, zu trocknen und sogar zur Schau zu stellen. Massives Kiefernholz: Massives Kiefernholz ist ein wundersch\u00f6nes Naturmaterial. Kiefernholz weist eine gerade Maserung auf und die Aststellen verleihen dem Material seine charakteristische, rustikale Optik.F\u00fcr den Au\u00dfenbereich geeignet: Der Kaminholzhalter ist f\u00fcr den Au\u00dfenbereich geeignet und l\u00e4sst sich daher auf deiner Veranda oder in deinem Garten einsetzen, um das Holz vor Feuchtigkeit oder Verrottung zu sch\u00fctzen.Dekoratives Pflanzgef\u00e4\u00df: Das Kaminholzregal ist mit einem oberen Pflanzgef\u00e4\u00df versehen, in dem du Pflanzen anbauen kannst, um dein Zuhause zu versch\u00f6nern.Viel Stauraum: Das Brennholzregal bietet reichlich Stauraum zur ordentlichen Aufbewahrung deines Kaminholzes. Hinweis:Jedes Produkt wird mit einer Montageanleitung in der Verpackung f\u00fcr eine einfache Montage geliefert.<\/p>\n<ul>\n<li>Farbe: Wei\u00df<\/li>\n<li>Material: Massives Kiefernholz<\/li>\n<li>Abmessungen: 108 x 52 x 106 cm (L x B x H)<\/li>\n<\/ul>\n","protected":false},"excerpt":{"rendered":"<p>Diese Outdoor-Holzablage eignet sich perfekt, um dein Brennholz auf der Veranda, im Garten usw. zu lagern, zu trocknen und sogar zur Schau zu stellen. Massives Kiefernholz: Massives Kiefernholz ist ein wundersch\u00f6nes Naturmaterial. Kiefernholz weist eine gerade Maserung auf und die Aststellen verleihen dem Material seine charakteristische, rustikale Optik.F\u00fcr den Au\u00dfenbereich geeignet: Der Kaminholzhalter ist f\u00fcr [&#8230;]\n","protected":false},"featured_media":125092,"template":"","meta":[],"product_cat":[45],"product_tag":[],"class_list":{"0":"post-42242","1":"product","2":"type-product","3":"status-publish","4":"has-post-thumbnail","6":"product_cat-regale","8":"first","9":"outofstock","10":"taxable","11":"shipping-taxable","12":"purchasable","13":"product-type-simple"},"_links":{"self":[{"href":"https:\/\/klima-theke.com\/index.php?rest_route=\/wp\/v2\/product\/42242","targetHints":{"allow":["GET"]}}],"collection":[{"href":"https:\/\/klima-theke.com\/index.php?rest_route=\/wp\/v2\/product"}],"about":[{"href":"https:\/\/klima-theke.com\/index.php?rest_route=\/wp\/v2\/types\/product"}],"wp:featuredmedia":[{"embeddable":true,"href":"https:\/\/klima-theke.com\/index.php?rest_route=\/wp\/v2\/media\/125092"}],"wp:attachment":[{"href":"https:\/\/klima-theke.com\/index.php?rest_route=%2Fwp%2Fv2%2Fmedia&parent=42242"}],"wp:term":[{"taxonomy":"product_cat","embeddable":true,"href":"https:\/\/klima-theke.com\/index.php?rest_route=%2Fwp%2Fv2%2Fproduct_cat&post=42242"},{"taxonomy":"product_tag","embeddable":true,"href":"https:\/\/klima-theke.com\/index.php?rest_route=%2Fwp%2Fv2%2Fproduct_tag&post=42242"}],"curies":[{"name":"wp","href":"https:\/\/api.w.org\/{rel}","templated":true}]}}