{"id":42097,"date":"2023-08-18T20:16:34","date_gmt":"2023-08-18T18:16:34","guid":{"rendered":"https:\/\/klima-theke.com\/produkt\/brennholzregal-mattschwarz-110x28x214-cm-stahl\/"},"modified":"2023-10-26T08:18:49","modified_gmt":"2023-10-26T06:18:49","slug":"brennholzregal-mattschwarz-110x28x214-cm-stahl","status":"publish","type":"product","link":"https:\/\/klima-theke.com\/?product=brennholzregal-mattschwarz-110x28x214-cm-stahl","title":{"rendered":"Brennholzregal Mattschwarz 110x28x214 cm Stahl"},"content":{"rendered":"<p>Dieses Kaminholzregal bietet die ideale L\u00f6sung f\u00fcr die ordentliche Lagerung deines Brennholzes. Langlebiges Material: Dieser Brennholzhalter ist aus Stahl mit schwarzer Pulverbeschichtung gefertigt, der langlebig, robust und witterungsbest\u00e4ndig ist.Viel Stauraum: Dieser Kaminholzst\u00e4nder bietet reichlich Platz f\u00fcr Scheite, um das Feuer sch\u00f6n brennen zu lassen und im Winter stets angenehme W\u00e4rme zu genie\u00dfen.Trockenes Brennholz: Das Brennholzregal h\u00e4lt die Scheite vom Boden fern und erm\u00f6glicht so eine bessere Luftzirkulation, um das Brennholz vor F\u00e4ulnis zu sch\u00fctzen und es trocken zu halten.Praktischer Brennholzhalter: Er ist ein Muss f\u00fcr alle, die das Brennholz sch\u00f6n ordentlich und griffbereit neben dem Kamin bzw. Holzofen aufbewahren m\u00f6chten. Hinweis:Jedes Produkt wird mit einer Montageanleitung in der Verpackung f\u00fcr eine einfache Montage geliefert.<\/p>\n<ul>\n<li>Farbe: Mattschwarz<\/li>\n<li>Material: Stahl<\/li>\n<li>Abmessungen: 110 x 28 x 214 cm (L x B x H)<\/li>\n<li>Abmessungen des Vierkantrohrs: 30 x 15 x 0,7 mm (L x B x T)<\/li>\n<li>Abmessungen des Rundrohrs: 12,7 x 0,5 mm (Durchmesser x T)<\/li>\n<\/ul>\n","protected":false},"excerpt":{"rendered":"<p>Dieses Kaminholzregal bietet die ideale L\u00f6sung f\u00fcr die ordentliche Lagerung deines Brennholzes. Langlebiges Material: Dieser Brennholzhalter ist aus Stahl mit schwarzer Pulverbeschichtung gefertigt, der langlebig, robust und witterungsbest\u00e4ndig ist.Viel Stauraum: Dieser Kaminholzst\u00e4nder bietet reichlich Platz f\u00fcr Scheite, um das Feuer sch\u00f6n brennen zu lassen und im Winter stets angenehme W\u00e4rme zu genie\u00dfen.Trockenes Brennholz: Das Brennholzregal [&#8230;]\n","protected":false},"featured_media":121490,"template":"","meta":[],"product_cat":[45],"product_tag":[],"class_list":{"0":"post-42097","1":"product","2":"type-product","3":"status-publish","4":"has-post-thumbnail","6":"product_cat-regale","8":"first","9":"outofstock","10":"taxable","11":"shipping-taxable","12":"purchasable","13":"product-type-simple"},"_links":{"self":[{"href":"https:\/\/klima-theke.com\/index.php?rest_route=\/wp\/v2\/product\/42097","targetHints":{"allow":["GET"]}}],"collection":[{"href":"https:\/\/klima-theke.com\/index.php?rest_route=\/wp\/v2\/product"}],"about":[{"href":"https:\/\/klima-theke.com\/index.php?rest_route=\/wp\/v2\/types\/product"}],"wp:featuredmedia":[{"embeddable":true,"href":"https:\/\/klima-theke.com\/index.php?rest_route=\/wp\/v2\/media\/121490"}],"wp:attachment":[{"href":"https:\/\/klima-theke.com\/index.php?rest_route=%2Fwp%2Fv2%2Fmedia&parent=42097"}],"wp:term":[{"taxonomy":"product_cat","embeddable":true,"href":"https:\/\/klima-theke.com\/index.php?rest_route=%2Fwp%2Fv2%2Fproduct_cat&post=42097"},{"taxonomy":"product_tag","embeddable":true,"href":"https:\/\/klima-theke.com\/index.php?rest_route=%2Fwp%2Fv2%2Fproduct_tag&post=42097"}],"curies":[{"name":"wp","href":"https:\/\/api.w.org\/{rel}","templated":true}]}}