{"id":4203,"date":"2023-07-19T11:49:34","date_gmt":"2023-07-19T09:49:34","guid":{"rendered":"https:\/\/klima-theke.com\/produkt\/wiederaufladbarer-ultraschall-luftbefeuchter-vaupure-innovagoods\/"},"modified":"2023-10-30T13:32:15","modified_gmt":"2023-10-30T11:32:15","slug":"wiederaufladbarer-ultraschall-luftbefeuchter-vaupure-innovagoods","status":"publish","type":"product","link":"https:\/\/klima-theke.com\/?product=wiederaufladbarer-ultraschall-luftbefeuchter-vaupure-innovagoods","title":{"rendered":"Wiederaufladbarer Ultraschall-Luftbefeuchter Vaupure InnovaGoods"},"content":{"rendered":"<p><b>InnovaGoods<\/b> bietet Ihnen die Neuheiten f\u00fcr Ihr Zuhause, wie zum Beispiel <b>Wiederaufladbarer Ultraschall-Luftbefeuchter Vaupure InnovaGoods Home Deco<\/b>! Entdecken Sie eine breite Palette von Qualit\u00e4tsprodukten, die sich durch Funktionalit\u00e4t, Effizienz und innovatives Design auszeichnen: Beleuchtung, Organisation, Dekoration, Klimaanlage, Garten, Haustiere, Reinigung, etc.<\/p>\n<p>Ein wiederaufladbarer Kaltnebel-Ultraschall-Luftbefeuchter, der das Feuchtigkeitsniveau in der Umgebungsluft reguliert, eine ruhige Atmung f\u00f6rdert und die Qualit\u00e4t des Schlafs sowie die Hautfeuchtigkeit verbessert. Da er mit Ultraschall arbeitet, ist er viel leiser und sicherer, als mit Hei\u00dfluft betriebene Ger\u00e4te. Durch sein tragbares, drahtloses Design ist er einfach zu verwenden und l\u00e4sst sich \u00fcberall platzieren. Er schaltet sich automatisch nach 9 Stunden oder wenn das Wasser fast aufgebraucht ist, ab. Die Bef\u00fcllung erfolgt durch das \u00d6ffnen des Tanks oder von oben, was wesentlich bequemer ist. Er ist ideal f\u00fcr das Schlafzimmer, B\u00fcro, Wohnzimmer usw. Es wird empfohlen destilliertes Wasser zu verwenden und keine Duftstoffe oder aromatisierenden \u00d6le hinzuzuf\u00fcgen.<\/p>\n<ul>\n<li>Material:\n<ul>\n<li>ABS<\/li>\n<li>PP<\/li>\n<li>Silikon<\/li>\n<\/ul>\n<\/li>\n<li>originelles Design und tragbar<\/li>\n<li>Art:\n<ul>\n<li>Elektrisch<\/li>\n<li>Aufladbar<\/li>\n<li>Wireless<\/li>\n<\/ul>\n<\/li>\n<li>Ultraschall: Leise<\/li>\n<li>Kalter Nebel<\/li>\n<li>USB-Ladung: enth\u00e4lt USB-zu-Mikro-USB-Kabel<\/li>\n<li>Warmes Nachtlicht<\/li>\n<li>Kapazit\u00e4t: 1 L<\/li>\n<li>2 F\u00fcllm\u00f6glichkeiten<\/li>\n<li>Spr\u00fchverfahren: 30-50 ml\/h<\/li>\n<li>LED-Ladeanzeige<\/li>\n<li>Ungef\u00e4hre Reichweite: 8 h<\/li>\n<li>Ersatzteile im Lieferumfang enthalten: 4 Baumwollfilter (\u00d8 0,6 x 15 cm)<\/li>\n<li>Einfache Reinigung und Wartung: Die Verwendung von destilliertem Wasser wird empfohlen<\/li>\n<li>Automatische Ausschaltung: 9 h<\/li>\n<li>Batterie: 3,7 V \/ 3000 mAh<\/li>\n<li>DC 5 V \/ 2 A<\/li>\n<li>Leistung: 2 W<\/li>\n<li>Ma\u00dfe ca.: 11 x 16,5 x 11 cm<\/li>\n<li>Verpackung und Anleitung in 24 Sprachen (Englisch, Franz\u00f6sisch, Spanisch, Deutsch, Italienisch, Portugiesisch, Niederl\u00e4ndisch, Polnisch, Ungarisch, Rum\u00e4nisch, D\u00e4nisch, Schwedisch, Finnisch, Litauisch, Norwegisch, Slowenisch, Griechisch, Tschechisch, Bulgarisch, Kroatisch, Slowakisch, Estnisch, Russisch, Lettisch)<\/li>\n<\/ul>\n","protected":false},"excerpt":{"rendered":"<p>InnovaGoods bietet Ihnen die Neuheiten f\u00fcr Ihr Zuhause, wie zum Beispiel Wiederaufladbarer Ultraschall-Luftbefeuchter Vaupure InnovaGoods Home Deco! Entdecken Sie eine breite Palette von Qualit\u00e4tsprodukten, die sich durch Funktionalit\u00e4t, Effizienz und innovatives Design auszeichnen: Beleuchtung, Organisation, Dekoration, Klimaanlage, Garten, Haustiere, Reinigung, etc. Ein wiederaufladbarer Kaltnebel-Ultraschall-Luftbefeuchter, der das Feuchtigkeitsniveau in der Umgebungsluft reguliert, eine ruhige Atmung f\u00f6rdert [&#8230;]\n","protected":false},"featured_media":125246,"template":"","meta":[],"product_cat":[35],"product_tag":[],"class_list":{"0":"post-4203","1":"product","2":"type-product","3":"status-publish","4":"has-post-thumbnail","6":"product_cat-luftbefeuchter-diffusor","8":"first","9":"instock","10":"taxable","11":"shipping-taxable","12":"purchasable","13":"product-type-simple"},"_links":{"self":[{"href":"https:\/\/klima-theke.com\/index.php?rest_route=\/wp\/v2\/product\/4203","targetHints":{"allow":["GET"]}}],"collection":[{"href":"https:\/\/klima-theke.com\/index.php?rest_route=\/wp\/v2\/product"}],"about":[{"href":"https:\/\/klima-theke.com\/index.php?rest_route=\/wp\/v2\/types\/product"}],"wp:featuredmedia":[{"embeddable":true,"href":"https:\/\/klima-theke.com\/index.php?rest_route=\/wp\/v2\/media\/125246"}],"wp:attachment":[{"href":"https:\/\/klima-theke.com\/index.php?rest_route=%2Fwp%2Fv2%2Fmedia&parent=4203"}],"wp:term":[{"taxonomy":"product_cat","embeddable":true,"href":"https:\/\/klima-theke.com\/index.php?rest_route=%2Fwp%2Fv2%2Fproduct_cat&post=4203"},{"taxonomy":"product_tag","embeddable":true,"href":"https:\/\/klima-theke.com\/index.php?rest_route=%2Fwp%2Fv2%2Fproduct_tag&post=4203"}],"curies":[{"name":"wp","href":"https:\/\/api.w.org\/{rel}","templated":true}]}}