{"id":4152,"date":"2023-07-19T09:49:03","date_gmt":"2023-07-19T09:49:03","guid":{"rendered":"https:\/\/klima-theke.com\/produkt\/wandventilator-obergozo-wf242-weiss\/"},"modified":"2023-08-24T10:45:28","modified_gmt":"2023-08-24T08:45:28","slug":"wandventilator-obergozo-wf242-weiss","status":"publish","type":"product","link":"https:\/\/klima-theke.com\/?product=wandventilator-obergozo-wf242-weiss","title":{"rendered":"Wandventilator Obergozo WF242 Wei\u00df"},"content":{"rendered":"<p>Wenn Sie Haushaltsger\u00e4te zum besten Gro\u00dfhandelspreis suchen, dann verpassen Sie nicht Ihre Chance auf <b>Wandventilator Obergozo WF242 Wei\u00df<\/b> sowie ein breites Sortiment an kleinen Haushaltsger\u00e4ten!<\/p>\n<ul>\n<li>Farbe: Wei\u00df<\/li>\n<li>Leistung: 45 W<\/li>\n<li>Frequenz: 50 Hz<\/li>\n<li>Durchmesser ca.: \u00d8 40 cm<\/li>\n<li>Zeituhren: Ja<\/li>\n<li>Spannung: 230 V<\/li>\n<\/ul>\n","protected":false},"excerpt":{"rendered":"<p>Wenn Sie Haushaltsger\u00e4te zum besten Gro\u00dfhandelspreis suchen, dann verpassen Sie nicht Ihre Chance auf Wandventilator Obergozo WF242 Wei\u00df sowie ein breites Sortiment an kleinen Haushaltsger\u00e4ten! Farbe: Wei\u00df Leistung: 45 W Frequenz: 50 Hz Durchmesser ca.: \u00d8 40 cm Zeituhren: Ja Spannung: 230 V<\/p>\n","protected":false},"featured_media":49024,"template":"","meta":[],"product_cat":[34],"product_tag":[],"class_list":{"0":"post-4152","1":"product","2":"type-product","3":"status-publish","4":"has-post-thumbnail","6":"product_cat-tisch-standventilatoren","8":"first","9":"outofstock","10":"taxable","11":"shipping-taxable","12":"purchasable","13":"product-type-simple"},"_links":{"self":[{"href":"https:\/\/klima-theke.com\/index.php?rest_route=\/wp\/v2\/product\/4152","targetHints":{"allow":["GET"]}}],"collection":[{"href":"https:\/\/klima-theke.com\/index.php?rest_route=\/wp\/v2\/product"}],"about":[{"href":"https:\/\/klima-theke.com\/index.php?rest_route=\/wp\/v2\/types\/product"}],"wp:featuredmedia":[{"embeddable":true,"href":"https:\/\/klima-theke.com\/index.php?rest_route=\/wp\/v2\/media\/49024"}],"wp:attachment":[{"href":"https:\/\/klima-theke.com\/index.php?rest_route=%2Fwp%2Fv2%2Fmedia&parent=4152"}],"wp:term":[{"taxonomy":"product_cat","embeddable":true,"href":"https:\/\/klima-theke.com\/index.php?rest_route=%2Fwp%2Fv2%2Fproduct_cat&post=4152"},{"taxonomy":"product_tag","embeddable":true,"href":"https:\/\/klima-theke.com\/index.php?rest_route=%2Fwp%2Fv2%2Fproduct_tag&post=4152"}],"curies":[{"name":"wp","href":"https:\/\/api.w.org\/{rel}","templated":true}]}}