{"id":4138,"date":"2023-07-19T11:48:50","date_gmt":"2023-07-19T09:48:50","guid":{"rendered":"https:\/\/klima-theke.com\/produkt\/oelheizung-7-kammern-sp-sahara-1503-grau-1500-w\/"},"modified":"2023-10-27T20:24:11","modified_gmt":"2023-10-27T18:24:11","slug":"oelheizung-7-kammern-sp-sahara-1503-grau-1500-w","status":"publish","type":"product","link":"https:\/\/klima-theke.com\/?product=oelheizung-7-kammern-sp-sahara-1503-grau-1500-w","title":{"rendered":"\u00d6lheizung (7 Kammern) S&amp;P SAHARA 1503 Grau 1500 W"},"content":{"rendered":"<p>Wenn Sie Haushaltsger\u00e4te zum besten Gro\u00dfhandelspreis suchen, dann verpassen Sie nicht Ihre Chance auf <b>\u00d6lheizung (7 Kammern) S&amp;P SAHARA 1503 Grau 1500 W<\/b> sowie ein breites Sortiment an kleinen Haushaltsger\u00e4ten!<\/p>\n<ul>\n<li>Art:\n<ul>\n<li>Heizk\u00f6rper<\/li>\n<li>\u00d6lheizung (7 Kammern)<\/li>\n<\/ul>\n<\/li>\n<li>Farbe: Grau<\/li>\n<li>Leistung: 1500 W<\/li>\n<li>Control Typ: Kn\u00f6pfe, drehbar<\/li>\n<li>Steckbares Produkt: Ja<\/li>\n<li>Stromquelle: Stromnetz<\/li>\n<li>Gewicht: 15 kg<\/li>\n<\/ul>\n","protected":false},"excerpt":{"rendered":"<p>Wenn Sie Haushaltsger\u00e4te zum besten Gro\u00dfhandelspreis suchen, dann verpassen Sie nicht Ihre Chance auf \u00d6lheizung (7 Kammern) S&amp;P SAHARA 1503 Grau 1500 W sowie ein breites Sortiment an kleinen Haushaltsger\u00e4ten! Art: Heizk\u00f6rper \u00d6lheizung (7 Kammern) Farbe: Grau Leistung: 1500 W Control Typ: Kn\u00f6pfe, drehbar Steckbares Produkt: Ja Stromquelle: Stromnetz Gewicht: 15 kg<\/p>\n","protected":false},"featured_media":123389,"template":"","meta":[],"product_cat":[116],"product_tag":[],"class_list":{"0":"post-4138","1":"product","2":"type-product","3":"status-publish","4":"has-post-thumbnail","6":"product_cat-radiator-heizkoerper","8":"first","9":"instock","10":"taxable","11":"shipping-taxable","12":"purchasable","13":"product-type-simple"},"_links":{"self":[{"href":"https:\/\/klima-theke.com\/index.php?rest_route=\/wp\/v2\/product\/4138","targetHints":{"allow":["GET"]}}],"collection":[{"href":"https:\/\/klima-theke.com\/index.php?rest_route=\/wp\/v2\/product"}],"about":[{"href":"https:\/\/klima-theke.com\/index.php?rest_route=\/wp\/v2\/types\/product"}],"wp:featuredmedia":[{"embeddable":true,"href":"https:\/\/klima-theke.com\/index.php?rest_route=\/wp\/v2\/media\/123389"}],"wp:attachment":[{"href":"https:\/\/klima-theke.com\/index.php?rest_route=%2Fwp%2Fv2%2Fmedia&parent=4138"}],"wp:term":[{"taxonomy":"product_cat","embeddable":true,"href":"https:\/\/klima-theke.com\/index.php?rest_route=%2Fwp%2Fv2%2Fproduct_cat&post=4138"},{"taxonomy":"product_tag","embeddable":true,"href":"https:\/\/klima-theke.com\/index.php?rest_route=%2Fwp%2Fv2%2Fproduct_tag&post=4138"}],"curies":[{"name":"wp","href":"https:\/\/api.w.org\/{rel}","templated":true}]}}