{"id":4136,"date":"2023-07-19T09:48:47","date_gmt":"2023-07-19T09:48:47","guid":{"rendered":"https:\/\/klima-theke.com\/produkt\/entlueftungsschlauch-junkers-azb-909\/"},"modified":"2023-09-25T12:37:26","modified_gmt":"2023-09-25T10:37:26","slug":"entlueftungsschlauch-junkers-azb-909","status":"publish","type":"product","link":"https:\/\/klima-theke.com\/?product=entlueftungsschlauch-junkers-azb-909","title":{"rendered":"Entl\u00fcftungsschlauch Junkers AZB-909"},"content":{"rendered":"<p>Wenn Sie Haushaltsger\u00e4te zum besten Gro\u00dfhandelspreis suchen, dann verpassen Sie nicht Ihre Chance auf <b>Entl\u00fcftungsschlauch Junkers AZB-909<\/b> sowie ein breites Sortiment an kleinen Haushaltsger\u00e4ten!<\/p>\n","protected":false},"excerpt":{"rendered":"<p>Wenn Sie Haushaltsger\u00e4te zum besten Gro\u00dfhandelspreis suchen, dann verpassen Sie nicht Ihre Chance auf Entl\u00fcftungsschlauch Junkers AZB-909 sowie ein breites Sortiment an kleinen Haushaltsger\u00e4ten!<\/p>\n","protected":false},"featured_media":84375,"template":"","meta":[],"product_cat":[34],"product_tag":[],"class_list":{"0":"post-4136","1":"product","2":"type-product","3":"status-publish","4":"has-post-thumbnail","6":"product_cat-tisch-standventilatoren","8":"first","9":"instock","10":"taxable","11":"shipping-taxable","12":"purchasable","13":"product-type-simple"},"_links":{"self":[{"href":"https:\/\/klima-theke.com\/index.php?rest_route=\/wp\/v2\/product\/4136","targetHints":{"allow":["GET"]}}],"collection":[{"href":"https:\/\/klima-theke.com\/index.php?rest_route=\/wp\/v2\/product"}],"about":[{"href":"https:\/\/klima-theke.com\/index.php?rest_route=\/wp\/v2\/types\/product"}],"wp:featuredmedia":[{"embeddable":true,"href":"https:\/\/klima-theke.com\/index.php?rest_route=\/wp\/v2\/media\/84375"}],"wp:attachment":[{"href":"https:\/\/klima-theke.com\/index.php?rest_route=%2Fwp%2Fv2%2Fmedia&parent=4136"}],"wp:term":[{"taxonomy":"product_cat","embeddable":true,"href":"https:\/\/klima-theke.com\/index.php?rest_route=%2Fwp%2Fv2%2Fproduct_cat&post=4136"},{"taxonomy":"product_tag","embeddable":true,"href":"https:\/\/klima-theke.com\/index.php?rest_route=%2Fwp%2Fv2%2Fproduct_tag&post=4136"}],"curies":[{"name":"wp","href":"https:\/\/api.w.org\/{rel}","templated":true}]}}