{"id":4106,"date":"2023-07-19T11:48:16","date_gmt":"2023-07-19T09:48:16","guid":{"rendered":"https:\/\/klima-theke.com\/produkt\/ventilator-orbegozo-40w-o-120-cm\/"},"modified":"2023-10-16T20:04:12","modified_gmt":"2023-10-16T18:04:12","slug":"ventilator-orbegozo-40w-o-120-cm","status":"publish","type":"product","link":"https:\/\/klima-theke.com\/?product=ventilator-orbegozo-40w-o-120-cm","title":{"rendered":"Ventilator Orbegozo 40W (\u00d8 120 cm)"},"content":{"rendered":"<p>Wenn Sie Haushaltsger\u00e4te zum besten Gro\u00dfhandelspreis suchen, dann verpassen Sie nicht Ihre Chance auf <b>Ventilator Orbegozo 40W (\u00d8 120 cm)<\/b> sowie ein breites Sortiment an kleinen Haushaltsger\u00e4ten!<\/p>\n<ul>\n<li>Leistung: 40 W<\/li>\n<li>Merkmale:\n<ul>\n<li>Innenbeleuchtung<\/li>\n<li>Dach<\/li>\n<\/ul>\n<\/li>\n<li>Lampe: 1<\/li>\n<li>Fernbedienung: Ja<\/li>\n<li>Klinge:\n<ul>\n<li>6<\/li>\n<li>\u00d8 120 cm<\/li>\n<\/ul>\n<\/li>\n<li>Geschwindigkeiten: 3<\/li>\n<li>Beleuchtung: LED<\/li>\n<\/ul>\n","protected":false},"excerpt":{"rendered":"<p>Wenn Sie Haushaltsger\u00e4te zum besten Gro\u00dfhandelspreis suchen, dann verpassen Sie nicht Ihre Chance auf Ventilator Orbegozo 40W (\u00d8 120 cm) sowie ein breites Sortiment an kleinen Haushaltsger\u00e4ten! Leistung: 40 W Merkmale: Innenbeleuchtung Dach Lampe: 1 Fernbedienung: Ja Klinge: 6 \u00d8 120 cm Geschwindigkeiten: 3 Beleuchtung: LED<\/p>\n","protected":false},"featured_media":112362,"template":"","meta":[],"product_cat":[36],"product_tag":[],"class_list":{"0":"post-4106","1":"product","2":"type-product","3":"status-publish","4":"has-post-thumbnail","6":"product_cat-deckenventilatoren","8":"first","9":"instock","10":"taxable","11":"shipping-taxable","12":"purchasable","13":"product-type-simple"},"_links":{"self":[{"href":"https:\/\/klima-theke.com\/index.php?rest_route=\/wp\/v2\/product\/4106","targetHints":{"allow":["GET"]}}],"collection":[{"href":"https:\/\/klima-theke.com\/index.php?rest_route=\/wp\/v2\/product"}],"about":[{"href":"https:\/\/klima-theke.com\/index.php?rest_route=\/wp\/v2\/types\/product"}],"wp:featuredmedia":[{"embeddable":true,"href":"https:\/\/klima-theke.com\/index.php?rest_route=\/wp\/v2\/media\/112362"}],"wp:attachment":[{"href":"https:\/\/klima-theke.com\/index.php?rest_route=%2Fwp%2Fv2%2Fmedia&parent=4106"}],"wp:term":[{"taxonomy":"product_cat","embeddable":true,"href":"https:\/\/klima-theke.com\/index.php?rest_route=%2Fwp%2Fv2%2Fproduct_cat&post=4106"},{"taxonomy":"product_tag","embeddable":true,"href":"https:\/\/klima-theke.com\/index.php?rest_route=%2Fwp%2Fv2%2Fproduct_tag&post=4106"}],"curies":[{"name":"wp","href":"https:\/\/api.w.org\/{rel}","templated":true}]}}