{"id":4074,"date":"2023-07-19T11:47:13","date_gmt":"2023-07-19T09:47:13","guid":{"rendered":"https:\/\/klima-theke.com\/produkt\/tragbare-klimaanlage-infiniton-pac-f75-2050-fg-h\/"},"modified":"2023-10-27T12:02:09","modified_gmt":"2023-10-27T10:02:09","slug":"tragbare-klimaanlage-infiniton-pac-f75-2050-fg-h","status":"publish","type":"product","link":"https:\/\/klima-theke.com\/?product=tragbare-klimaanlage-infiniton-pac-f75-2050-fg-h","title":{"rendered":"Tragbare Klimaanlage Infiniton PAC-F75 2050 fg\/h"},"content":{"rendered":"<p>Wenn Sie Haushaltsger\u00e4te zum besten Gro\u00dfhandelspreis suchen, dann verpassen Sie nicht Ihre Chance auf <b>Tragbare Klimaanlage Infiniton PAC-F75 2050 fg\/h<\/b> sowie ein breites Sortiment an kleinen Haushaltsger\u00e4ten!<\/p>\n<ul>\n<li>Art: Tragbare Klimaanlage<\/li>\n<li>Farbe:\n<ul>\n<li>Wei\u00df<\/li>\n<li>Schwarz<\/li>\n<\/ul>\n<\/li>\n<li>Merkmale:\n<ul>\n<li>Fernbedienung<\/li>\n<li>Zeitschaltuhr<\/li>\n<\/ul>\n<\/li>\n<li>K\u00fchlend: R-290<\/li>\n<li>Reichweite: 30 m\u00b2<\/li>\n<li>K\u00fchlleistung: 2050 fg\/h<\/li>\n<\/ul>\n","protected":false},"excerpt":{"rendered":"<p>Wenn Sie Haushaltsger\u00e4te zum besten Gro\u00dfhandelspreis suchen, dann verpassen Sie nicht Ihre Chance auf Tragbare Klimaanlage Infiniton PAC-F75 2050 fg\/h sowie ein breites Sortiment an kleinen Haushaltsger\u00e4ten! Art: Tragbare Klimaanlage Farbe: Wei\u00df Schwarz Merkmale: Fernbedienung Zeitschaltuhr K\u00fchlend: R-290 Reichweite: 30 m\u00b2 K\u00fchlleistung: 2050 fg\/h<\/p>\n","protected":false},"featured_media":122947,"template":"","meta":[],"product_cat":[34],"product_tag":[],"class_list":{"0":"post-4074","1":"product","2":"type-product","3":"status-publish","4":"has-post-thumbnail","6":"product_cat-tisch-standventilatoren","8":"first","9":"instock","10":"taxable","11":"shipping-taxable","12":"purchasable","13":"product-type-simple"},"_links":{"self":[{"href":"https:\/\/klima-theke.com\/index.php?rest_route=\/wp\/v2\/product\/4074","targetHints":{"allow":["GET"]}}],"collection":[{"href":"https:\/\/klima-theke.com\/index.php?rest_route=\/wp\/v2\/product"}],"about":[{"href":"https:\/\/klima-theke.com\/index.php?rest_route=\/wp\/v2\/types\/product"}],"wp:featuredmedia":[{"embeddable":true,"href":"https:\/\/klima-theke.com\/index.php?rest_route=\/wp\/v2\/media\/122947"}],"wp:attachment":[{"href":"https:\/\/klima-theke.com\/index.php?rest_route=%2Fwp%2Fv2%2Fmedia&parent=4074"}],"wp:term":[{"taxonomy":"product_cat","embeddable":true,"href":"https:\/\/klima-theke.com\/index.php?rest_route=%2Fwp%2Fv2%2Fproduct_cat&post=4074"},{"taxonomy":"product_tag","embeddable":true,"href":"https:\/\/klima-theke.com\/index.php?rest_route=%2Fwp%2Fv2%2Fproduct_tag&post=4074"}],"curies":[{"name":"wp","href":"https:\/\/api.w.org\/{rel}","templated":true}]}}