{"id":40710,"date":"2023-08-17T20:21:11","date_gmt":"2023-08-17T18:21:11","guid":{"rendered":"https:\/\/klima-theke.com\/produkt\/redfire-handgefertigte-feuerstelle-narfi-rostbraun-stahl\/"},"modified":"2023-10-26T07:21:23","modified_gmt":"2023-10-26T05:21:23","slug":"redfire-handgefertigte-feuerstelle-narfi-rostbraun-stahl","status":"publish","type":"product","link":"https:\/\/klima-theke.com\/?product=redfire-handgefertigte-feuerstelle-narfi-rostbraun-stahl","title":{"rendered":"RedFire Handgefertigte Feuerstelle Narfi Rostbraun Stahl"},"content":{"rendered":"<p>Dieser stilvolle rostfarbene Redfire Narfi Gartenkamin bringt eine einzigartige Atmosph\u00e4re in Ihren Garten und auf Ihre Terrasse. Die runde, kreativ gestaltete Feuerstelle in Corten-Optik passt zu jedem Gartenstil. Die l\u00e4ndliche Rostfarbe und der dekorative Bl\u00e4ttereffekt bieten eine einmalige Kombi. Narfi ist ein echter Blickfang in allen Arten von G\u00e4rten, aber auch sch\u00f6n auf dem Balkon, z.B. mit dicken Blockkerzen. Stellen Sie die sch\u00f6ne Feuerstelle auf die Terrasse f\u00fcr W\u00e4rme und ein sch\u00f6nes stimmungsvolles Erlebnis. Stellen Sie die Feuerstelle auf eine feste, flache Oberfl\u00e4che in angemessenem Abstand zu brennbaren Gegenst\u00e4nden und Pflanzen. Geeignet f\u00fcr geflieste, gepflasterte oder betonierte Fl\u00e4chen Wenn sie angez\u00fcndet werden, erhellen die tanzenden Flammen das Design der Bl\u00e4tter und schaffen eine wunderbare Umgebung, w\u00e4hrend Sie die W\u00e4rme eines echten Holzfeuers genie\u00dfen. Die Feuerstelle ist aus oxidiertem Stahl gefertigt.<\/p>\n<ul>\n<li>Farbe: Rostbraun<\/li>\n<li>Material: Oxidierter Stahl<\/li>\n<li>Ma\u00dfe: 50 x 35 cm (Durchmesser x H)<\/li>\n<li>Geeignet f\u00fcr geflieste, gepflasterte oder betonierte Fl\u00e4chen<\/li>\n<li>Nat\u00fcrlich gerostet<\/li>\n<li>Einzigartiges V-f\u00f6rmiges Design<\/li>\n<li>Handgefertigt aus \u00c4gypten<\/li>\n<li>Gewicht: 1,25 kg<\/li>\n<\/ul>\n","protected":false},"excerpt":{"rendered":"<p>Dieser stilvolle rostfarbene Redfire Narfi Gartenkamin bringt eine einzigartige Atmosph\u00e4re in Ihren Garten und auf Ihre Terrasse. Die runde, kreativ gestaltete Feuerstelle in Corten-Optik passt zu jedem Gartenstil. Die l\u00e4ndliche Rostfarbe und der dekorative Bl\u00e4ttereffekt bieten eine einmalige Kombi. Narfi ist ein echter Blickfang in allen Arten von G\u00e4rten, aber auch sch\u00f6n auf dem Balkon, [&#8230;]\n","protected":false},"featured_media":121245,"template":"","meta":[],"product_cat":[39],"product_tag":[],"class_list":{"0":"post-40710","1":"product","2":"type-product","3":"status-publish","4":"has-post-thumbnail","6":"product_cat-kamine-grills-grillkamine","8":"first","9":"outofstock","10":"taxable","11":"shipping-taxable","12":"purchasable","13":"product-type-simple"},"_links":{"self":[{"href":"https:\/\/klima-theke.com\/index.php?rest_route=\/wp\/v2\/product\/40710","targetHints":{"allow":["GET"]}}],"collection":[{"href":"https:\/\/klima-theke.com\/index.php?rest_route=\/wp\/v2\/product"}],"about":[{"href":"https:\/\/klima-theke.com\/index.php?rest_route=\/wp\/v2\/types\/product"}],"wp:featuredmedia":[{"embeddable":true,"href":"https:\/\/klima-theke.com\/index.php?rest_route=\/wp\/v2\/media\/121245"}],"wp:attachment":[{"href":"https:\/\/klima-theke.com\/index.php?rest_route=%2Fwp%2Fv2%2Fmedia&parent=40710"}],"wp:term":[{"taxonomy":"product_cat","embeddable":true,"href":"https:\/\/klima-theke.com\/index.php?rest_route=%2Fwp%2Fv2%2Fproduct_cat&post=40710"},{"taxonomy":"product_tag","embeddable":true,"href":"https:\/\/klima-theke.com\/index.php?rest_route=%2Fwp%2Fv2%2Fproduct_tag&post=40710"}],"curies":[{"name":"wp","href":"https:\/\/api.w.org\/{rel}","templated":true}]}}