{"id":40689,"date":"2023-08-17T20:20:57","date_gmt":"2023-08-17T18:20:57","guid":{"rendered":"https:\/\/klima-theke.com\/produkt\/garten-feuerschale-mit-grill-edelstahl-76-cm\/"},"modified":"2023-10-10T15:12:35","modified_gmt":"2023-10-10T13:12:35","slug":"garten-feuerschale-mit-grill-edelstahl-76-cm","status":"publish","type":"product","link":"https:\/\/klima-theke.com\/?product=garten-feuerschale-mit-grill-edelstahl-76-cm","title":{"rendered":"Garten-Feuerschale mit Grill Edelstahl 76 cm"},"content":{"rendered":"<p>Diese Garten-Feuerschale zeichnet sich durch das einzigartige und stilvolle Design aus, das Ihrer Terrasse, Ihrem Veranda oder Hinterhof eine entspannte Atmosph\u00e4re verleiht! Mit dieser Feuerstelle k\u00f6nnen Sie sich an einem k\u00fchlen Sommerabend oder an einem frischen Herbstabend mit Ihren Lieben an der W\u00e4rme eines einladenden Feuers entspannen! Diese Feuerschale aus hitzebest\u00e4ndigem Stahl und Edelstahl ist rostbest\u00e4ndig, leicht, wetterfest und somit f\u00fcr den dauerhaften Einsatz im Freien bestens geeignet. Das Sieb verhindert das Herausfliegen von Funken, Glut und Schmutz, w\u00e4hrend Sie mit einem Sch\u00fcrhaken mit Holzgriff den Feuerschutz sicher anheben und das Brennholz oder die Holzkohle bewegen k\u00f6nnen. Die Lieferung umfasst eine Feuerschale, einen Sch\u00fcrhaken, einen Eisen-Bratrost und einen Feuerschutzdeckel. Verwenden Sie das Produkt nicht in einem geschlossenen und \/ oder bewohnbaren Raum, z. B. in H\u00e4usern, Zelten, Wohnwagen, Wohnmobilen oder Booten. Denn dann besteht die Gefahr von Kohlenmonoxidvergiftungen.<\/p>\n<ul>\n<li>Farbe: Schwarz und Silber<\/li>\n<li>Material: Stahl und Edelstahl<\/li>\n<li>Abmessungen: 76 x 51 cm (Durchmesser x H)<\/li>\n<li>Feuerschutzsieb umschlie\u00dfen das Feuer und verhindern das Herausfliegen von Funken<\/li>\n<li>Die Lieferung umfasst eine Feuerschale, einen Sch\u00fcrhaken, einen Eisengrill und einen Feuerschutzdeckel<\/li>\n<\/ul>\n","protected":false},"excerpt":{"rendered":"<p>Diese Garten-Feuerschale zeichnet sich durch das einzigartige und stilvolle Design aus, das Ihrer Terrasse, Ihrem Veranda oder Hinterhof eine entspannte Atmosph\u00e4re verleiht! Mit dieser Feuerstelle k\u00f6nnen Sie sich an einem k\u00fchlen Sommerabend oder an einem frischen Herbstabend mit Ihren Lieben an der W\u00e4rme eines einladenden Feuers entspannen! Diese Feuerschale aus hitzebest\u00e4ndigem Stahl und Edelstahl ist [&#8230;]\n","protected":false},"featured_media":104774,"template":"","meta":[],"product_cat":[39],"product_tag":[],"class_list":{"0":"post-40689","1":"product","2":"type-product","3":"status-publish","4":"has-post-thumbnail","6":"product_cat-kamine-grills-grillkamine","8":"first","9":"instock","10":"taxable","11":"shipping-taxable","12":"purchasable","13":"product-type-simple"},"_links":{"self":[{"href":"https:\/\/klima-theke.com\/index.php?rest_route=\/wp\/v2\/product\/40689","targetHints":{"allow":["GET"]}}],"collection":[{"href":"https:\/\/klima-theke.com\/index.php?rest_route=\/wp\/v2\/product"}],"about":[{"href":"https:\/\/klima-theke.com\/index.php?rest_route=\/wp\/v2\/types\/product"}],"wp:featuredmedia":[{"embeddable":true,"href":"https:\/\/klima-theke.com\/index.php?rest_route=\/wp\/v2\/media\/104774"}],"wp:attachment":[{"href":"https:\/\/klima-theke.com\/index.php?rest_route=%2Fwp%2Fv2%2Fmedia&parent=40689"}],"wp:term":[{"taxonomy":"product_cat","embeddable":true,"href":"https:\/\/klima-theke.com\/index.php?rest_route=%2Fwp%2Fv2%2Fproduct_cat&post=40689"},{"taxonomy":"product_tag","embeddable":true,"href":"https:\/\/klima-theke.com\/index.php?rest_route=%2Fwp%2Fv2%2Fproduct_tag&post=40689"}],"curies":[{"name":"wp","href":"https:\/\/api.w.org\/{rel}","templated":true}]}}