{"id":40669,"date":"2023-08-17T20:20:45","date_gmt":"2023-08-17T18:20:45","guid":{"rendered":"https:\/\/klima-theke.com\/produkt\/feuerschale-mosaik-terrakotta-68-cm-keramik\/"},"modified":"2023-10-25T02:20:11","modified_gmt":"2023-10-25T00:20:11","slug":"feuerschale-mosaik-terrakotta-68-cm-keramik","status":"publish","type":"product","link":"https:\/\/klima-theke.com\/?product=feuerschale-mosaik-terrakotta-68-cm-keramik","title":{"rendered":"Feuerschale Mosaik Terrakotta 68 cm Keramik"},"content":{"rendered":"<p>Diese Feuerschale wird eine dekorative und stimmungsvolle Erg\u00e4nzung zu Ihrem Garten oder Ihrer Terrasse sein und h\u00e4lt Sie sch\u00f6n warm, wenn es abends etwas k\u00e4lter wird. Die Feuerschale aus Stahl absorbiert und strahlt hervorragend W\u00e4rme ab. Es kann verwendet werden, um trockenes Holz, Holzst\u00e4mme oder Holzkohle zu verbrennen. Die Feuerstelle wird von einem vierbeinigen St\u00e4nder getragen. Das mitgelieferte Sicherheitsgitter erm\u00f6glicht es Ihnen, das brennende Feuer zu beobachten, umschlie\u00dft das Feuer zu Ihrer Sicherheit und verhindert, dass Funken und Schmutz herausfliegen. Der Sch\u00fcrhaken kann sowohl zum Entfernen der Abdeckung als auch zum Umordnen der St\u00e4mme oder der Kohle verwendet werden. Zus\u00e4tzlich kann die Feuerstelle auch als Grill genutzt werden. Seine runde Keramikoberfl\u00e4che bietet einen perfekten Platz zur Abstellung von Getr\u00e4nken und Bratgut.<\/p>\n<ul>\n<li>Farbe: Terracotta-Rot<\/li>\n<li>Material: Stahl und Keramik<\/li>\n<li>Gesamtma\u00dfe: 68 x 68 x 60 cm (L x B x H)<\/li>\n<li>Mit einem vierbeinigen St\u00e4nder<\/li>\n<li><strong>Lieferung beinhaltet:<\/strong><\/li>\n<li>1 x Tischplatte<\/li>\n<li>1 x Topf<\/li>\n<li>1 x Galvanikgitter<\/li>\n<li>1 x schwarzer Rost zur Brandschutzd\u00e4mmung<\/li>\n<li>1 x Haken<\/li>\n<li>1 x Netzh\u00fclle<\/li>\n<li>1 x Mosaik-Deckel, rund<\/li>\n<\/ul>\n","protected":false},"excerpt":{"rendered":"<p>Diese Feuerschale wird eine dekorative und stimmungsvolle Erg\u00e4nzung zu Ihrem Garten oder Ihrer Terrasse sein und h\u00e4lt Sie sch\u00f6n warm, wenn es abends etwas k\u00e4lter wird. Die Feuerschale aus Stahl absorbiert und strahlt hervorragend W\u00e4rme ab. Es kann verwendet werden, um trockenes Holz, Holzst\u00e4mme oder Holzkohle zu verbrennen. Die Feuerstelle wird von einem vierbeinigen St\u00e4nder [&#8230;]\n","protected":false},"featured_media":120134,"template":"","meta":[],"product_cat":[39],"product_tag":[],"class_list":{"0":"post-40669","1":"product","2":"type-product","3":"status-publish","4":"has-post-thumbnail","6":"product_cat-kamine-grills-grillkamine","8":"first","9":"instock","10":"taxable","11":"shipping-taxable","12":"purchasable","13":"product-type-simple"},"_links":{"self":[{"href":"https:\/\/klima-theke.com\/index.php?rest_route=\/wp\/v2\/product\/40669","targetHints":{"allow":["GET"]}}],"collection":[{"href":"https:\/\/klima-theke.com\/index.php?rest_route=\/wp\/v2\/product"}],"about":[{"href":"https:\/\/klima-theke.com\/index.php?rest_route=\/wp\/v2\/types\/product"}],"wp:featuredmedia":[{"embeddable":true,"href":"https:\/\/klima-theke.com\/index.php?rest_route=\/wp\/v2\/media\/120134"}],"wp:attachment":[{"href":"https:\/\/klima-theke.com\/index.php?rest_route=%2Fwp%2Fv2%2Fmedia&parent=40669"}],"wp:term":[{"taxonomy":"product_cat","embeddable":true,"href":"https:\/\/klima-theke.com\/index.php?rest_route=%2Fwp%2Fv2%2Fproduct_cat&post=40669"},{"taxonomy":"product_tag","embeddable":true,"href":"https:\/\/klima-theke.com\/index.php?rest_route=%2Fwp%2Fv2%2Fproduct_tag&post=40669"}],"curies":[{"name":"wp","href":"https:\/\/api.w.org\/{rel}","templated":true}]}}