{"id":40630,"date":"2023-08-17T20:20:21","date_gmt":"2023-08-17T18:20:21","guid":{"rendered":"https:\/\/klima-theke.com\/produkt\/redfire-gartenkamin-kingston-160x60-cm-stahl-matt-schwarz\/"},"modified":"2023-10-21T14:36:18","modified_gmt":"2023-10-21T12:36:18","slug":"redfire-gartenkamin-kingston-160x60-cm-stahl-matt-schwarz","status":"publish","type":"product","link":"https:\/\/klima-theke.com\/?product=redfire-gartenkamin-kingston-160x60-cm-stahl-matt-schwarz","title":{"rendered":"RedFire Gartenkamin Kingston 160&#215;60 cm Stahl Matt-Schwarz"},"content":{"rendered":"<p>Mit dem gro\u00dfen, matt-schwarzen Kingston Outdoor-Ofen von RedFire verleihen Sie Ihrem Garten eine warme Note. Dieser Gartenkamin ist 60 cm breit und gibt durch das leitf\u00e4hige Material allseitig W\u00e4rme ab. Das Edelstahlkaminrohr leitet den Rauch ab und verleiht dem Kamin ein zeitgem\u00e4\u00dfes Aussehen. Zus\u00e4tzlich ist jeder Kingston Ofen unten mit einem Holzspeicher ausgestattet. Dies ist ideal, um das Holz schnell zu trocknen und sp\u00e4ter zu verwenden. Der Kamin wird mit einem Sch\u00fcrhaken und einem Holzgrill geliefert. HinweisBitte lassen Sie Feuerstellen nicht unbeaufsichtigt und erlauben Sie Kindern nicht, das Feuer zu ber\u00fchren oder damit zu spielen.<\/p>\n<ul>\n<li>Farbe: Mattschwarz<\/li>\n<li>Material: Stahl mit Schutzbeschichtung<\/li>\n<li>Gr\u00f6\u00dfe: 60 x 160 cm (Durchmesser x H)<\/li>\n<li>Stahlst\u00e4rke: 0,8 mm<\/li>\n<li>2-in-1 Feuerstelle und Holzlagerung<\/li>\n<li>Gro\u00dfe Nachf\u00fcll\u00f6ffnung<\/li>\n<li>Mit stabilem Standfu\u00df<\/li>\n<li>Rauchabzug mit Edelstahl-Ring<\/li>\n<li>Lieferung umfasst: 1 x Sch\u00fcrhaken, 1 x Grillrost<\/li>\n<\/ul>\n","protected":false},"excerpt":{"rendered":"<p>Mit dem gro\u00dfen, matt-schwarzen Kingston Outdoor-Ofen von RedFire verleihen Sie Ihrem Garten eine warme Note. Dieser Gartenkamin ist 60 cm breit und gibt durch das leitf\u00e4hige Material allseitig W\u00e4rme ab. Das Edelstahlkaminrohr leitet den Rauch ab und verleiht dem Kamin ein zeitgem\u00e4\u00dfes Aussehen. Zus\u00e4tzlich ist jeder Kingston Ofen unten mit einem Holzspeicher ausgestattet. Dies ist [&#8230;]\n","protected":false},"featured_media":117607,"template":"","meta":[],"product_cat":[39],"product_tag":[],"class_list":{"0":"post-40630","1":"product","2":"type-product","3":"status-publish","4":"has-post-thumbnail","6":"product_cat-kamine-grills-grillkamine","8":"first","9":"instock","10":"taxable","11":"shipping-taxable","12":"purchasable","13":"product-type-simple"},"_links":{"self":[{"href":"https:\/\/klima-theke.com\/index.php?rest_route=\/wp\/v2\/product\/40630","targetHints":{"allow":["GET"]}}],"collection":[{"href":"https:\/\/klima-theke.com\/index.php?rest_route=\/wp\/v2\/product"}],"about":[{"href":"https:\/\/klima-theke.com\/index.php?rest_route=\/wp\/v2\/types\/product"}],"wp:featuredmedia":[{"embeddable":true,"href":"https:\/\/klima-theke.com\/index.php?rest_route=\/wp\/v2\/media\/117607"}],"wp:attachment":[{"href":"https:\/\/klima-theke.com\/index.php?rest_route=%2Fwp%2Fv2%2Fmedia&parent=40630"}],"wp:term":[{"taxonomy":"product_cat","embeddable":true,"href":"https:\/\/klima-theke.com\/index.php?rest_route=%2Fwp%2Fv2%2Fproduct_cat&post=40630"},{"taxonomy":"product_tag","embeddable":true,"href":"https:\/\/klima-theke.com\/index.php?rest_route=%2Fwp%2Fv2%2Fproduct_tag&post=40630"}],"curies":[{"name":"wp","href":"https:\/\/api.w.org\/{rel}","templated":true}]}}