{"id":40606,"date":"2023-08-17T20:20:06","date_gmt":"2023-08-17T18:20:06","guid":{"rendered":"https:\/\/klima-theke.com\/produkt\/progarden-feuerschale-mit-grillrost-rund-hellgrau-52x185-cm\/"},"modified":"2023-10-17T14:18:26","modified_gmt":"2023-10-17T12:18:26","slug":"progarden-feuerschale-mit-grillrost-rund-hellgrau-52x185-cm","status":"publish","type":"product","link":"https:\/\/klima-theke.com\/?product=progarden-feuerschale-mit-grillrost-rund-hellgrau-52x185-cm","title":{"rendered":"ProGarden Feuerschale mit Grillrost Rund Hellgrau 52&#215;18,5 cm"},"content":{"rendered":"<p>Dieser ProGarden Feuerkorb mit Grillrost ist eine hervorragende Feuerstelle und Grill in Ihrem Outdoor-Wohnbereich. Die Feuerstelle eignet sich perfekt f\u00fcr lange Abende im Garten und um es an kalten Tagen warm zu haben. Au\u00dferdem bietet die Feuerschale einen wundersch\u00f6nen Mittelpunkt f\u00fcr jeden Au\u00dfenbereich. Der Feuerkorb verf\u00fcgt \u00fcber eine temperaturbest\u00e4ndige Beschichtung und kann mit Brennholz verwendet werden. Das kompakte Design der Feuerstelle passt perfekt zu jedem modernen Outdoor-Wohnbereich!<\/p>\n<ul>\n<li>Farbe: Hellgrau<\/li>\n<li>Material: MGO<\/li>\n<li>Design: Rund<\/li>\n<li>Geh\u00e4use-Ma\u00dfe: 52 x 18,5 cm (Durchm. x H)<\/li>\n<li>Grillrost-Ma\u00dfe: 41 x 0,6\/0,3 cm (Durchmesser x T)<\/li>\n<li>Feuerschale-Ma\u00dfe: 45,3 cm x 15,5 cm x 0,7 mm (Durchm. x H x T)<\/li>\n<li>Funkenschutz: 42 x 11 cm (Durchmesser x H)<\/li>\n<li>Gewicht: 10 kg<\/li>\n<li>Verchromter Grill<\/li>\n<li>Mit Hochtemperaturbeschichtung<\/li>\n<li>Mit Grillrost und Sch\u00fcrhaken<\/li>\n<li><strong>Lieferung beinhaltet:<\/strong><\/li>\n<li>Sicherheitswerkzeug<\/li>\n<\/ul>\n","protected":false},"excerpt":{"rendered":"<p>Dieser ProGarden Feuerkorb mit Grillrost ist eine hervorragende Feuerstelle und Grill in Ihrem Outdoor-Wohnbereich. Die Feuerstelle eignet sich perfekt f\u00fcr lange Abende im Garten und um es an kalten Tagen warm zu haben. Au\u00dferdem bietet die Feuerschale einen wundersch\u00f6nen Mittelpunkt f\u00fcr jeden Au\u00dfenbereich. Der Feuerkorb verf\u00fcgt \u00fcber eine temperaturbest\u00e4ndige Beschichtung und kann mit Brennholz verwendet [&#8230;]\n","protected":false},"featured_media":113671,"template":"","meta":[],"product_cat":[39],"product_tag":[],"class_list":{"0":"post-40606","1":"product","2":"type-product","3":"status-publish","4":"has-post-thumbnail","6":"product_cat-kamine-grills-grillkamine","8":"first","9":"instock","10":"taxable","11":"shipping-taxable","12":"purchasable","13":"product-type-simple"},"_links":{"self":[{"href":"https:\/\/klima-theke.com\/index.php?rest_route=\/wp\/v2\/product\/40606","targetHints":{"allow":["GET"]}}],"collection":[{"href":"https:\/\/klima-theke.com\/index.php?rest_route=\/wp\/v2\/product"}],"about":[{"href":"https:\/\/klima-theke.com\/index.php?rest_route=\/wp\/v2\/types\/product"}],"wp:featuredmedia":[{"embeddable":true,"href":"https:\/\/klima-theke.com\/index.php?rest_route=\/wp\/v2\/media\/113671"}],"wp:attachment":[{"href":"https:\/\/klima-theke.com\/index.php?rest_route=%2Fwp%2Fv2%2Fmedia&parent=40606"}],"wp:term":[{"taxonomy":"product_cat","embeddable":true,"href":"https:\/\/klima-theke.com\/index.php?rest_route=%2Fwp%2Fv2%2Fproduct_cat&post=40606"},{"taxonomy":"product_tag","embeddable":true,"href":"https:\/\/klima-theke.com\/index.php?rest_route=%2Fwp%2Fv2%2Fproduct_tag&post=40606"}],"curies":[{"name":"wp","href":"https:\/\/api.w.org\/{rel}","templated":true}]}}