{"id":40534,"date":"2023-08-17T19:59:05","date_gmt":"2023-08-17T17:59:05","guid":{"rendered":"https:\/\/klima-theke.com\/produkt\/bestway-lay-z-spa-aufblasbarer-whirlpool-helsinki-airjet\/"},"modified":"2023-10-13T13:52:43","modified_gmt":"2023-10-13T11:52:43","slug":"bestway-lay-z-spa-aufblasbarer-whirlpool-helsinki-airjet","status":"publish","type":"product","link":"https:\/\/klima-theke.com\/?product=bestway-lay-z-spa-aufblasbarer-whirlpool-helsinki-airjet","title":{"rendered":"Bestway Lay-Z-Spa Aufblasbarer Whirlpool Helsinki AirJet"},"content":{"rendered":"<p>Haben Sie davon getr\u00e4umt, einen eigenen Whirlpool zu haben? Dieser aufblasbare Lay-Z-Spa Whirlpool Helsinki AirJet von Bestway ist das erschwingliche Spa f\u00fcr unterwegs, das bequem Platz f\u00fcr bis zu 7 Erwachsene bietet. Im Winter und an kalten Abenden werden Sie viel Spa\u00df mit Ihrer Familie und Freunden erleben k\u00f6nnen. Der Rahmen in Holz-Optik macht den Pool zu etwas Besonderem. Helsinki ist mit einer Multifunktionspumpe ausgestattet, die gleichzeitig den Whirlpool aufblasen, das Wasser erw\u00e4rmen und filtern kann, um das Wasser so sauber wie m\u00f6glich zu halten und das Massagesystem zu aktivieren. \u00dcber das integrierte digitale Bedienfeld k\u00f6nnen Sie alle Funktionen einstellen, ohne dabei aufzustehen. Dank Heizsystem kann das Wasser eine maximale Temperatur von 40 \u00b0C erreichen und mit dem Airjet-Luftmassagesystem mit 180 D\u00fcsen k\u00f6nnen Sie eine erw\u00e4rmende und au\u00dferordentlich entspannende Massage genie\u00dfen. Die Struktur besteht aus DropStitch-Material, das beispiellose Festigkeit und Haltbarkeit bietet. Das innovative Freeze Shield-System erm\u00f6glicht einen langen Betrieb der Pumpe bei niedriger Temperatur und im Energiesparmodus. Dadurch wird verhindert, dass das Wasser im Becken gefriert und die innere Struktur besch\u00e4digt. Der Massage-Whirlpool kann mit der mitgelieferten Pumpe schnell aufgeblasen und entleert werden. Der Chemikalien-Spender, der das Chlor konstant im Pool verteilt, das Filtersystem mit Filterpatrone und die Abdeckplane sch\u00fctzen den Whirlpool bei Nichtgebrauch. Der aufblasbare Whirlpool kann zur Aufbewahrung und zum Transport leicht zusammengefalten werden.<\/p>\n<ul>\n<li>Abmessungen: 180 x 66 cm (Durchmesser x H)<\/li>\n<li>Aufblasbarer Whirlpool der Bestway Lay-Z Airjet-Linie, Holz-Optik<\/li>\n<li>F\u00fcr bis zu 7 Personen<\/li>\n<li>Kapazit\u00e4t (80%): 1123 L<\/li>\n<li>PVC-Liner mit DropStitch-Technologie mit Schaumstoffboden<\/li>\n<li>Frostschutzsystem<\/li>\n<li>Airjet-Technologie mit 180 Hot-Air-D\u00fcsen<\/li>\n<li>Maximale Wassertemperatur 40\u00b0 C (104\u00b0F) <\/li>\n<li>Multifunktionspumpe mit digitalem Bedienfeld und integriertem Flaschenbeh\u00e4lter<\/li>\n<li>Energiespartimer<\/li>\n<li>ChemConnect Chemie-Spender<\/li>\n<li>Aufblasbare Abdeckung<\/li>\n<li>Manuelle Pumpe<\/li>\n<li>Aufbau: 20 Minuten<\/li>\n<li>Zusammenbau erforderlich: Ja<\/li>\n<li>Bestway Artikelnummer: 60025<\/li>\n<li><strong>Lieferung enth\u00e4lt:<\/strong><\/li>\n<li>1 x Whirlpool<\/li>\n<li>1 x Poolabdeckung<\/li>\n<li>1 x Spa-Heizung<\/li>\n<li>1 x ChemConnect Dosierer<\/li>\n<li>1 x Hochdruck-Handpumpe<\/li>\n<li>1 x Filterkartusche (VI)<\/li>\n<li>1 x Reparaturset<\/li>\n<\/ul>\n","protected":false},"excerpt":{"rendered":"<p>Haben Sie davon getr\u00e4umt, einen eigenen Whirlpool zu haben? Dieser aufblasbare Lay-Z-Spa Whirlpool Helsinki AirJet von Bestway ist das erschwingliche Spa f\u00fcr unterwegs, das bequem Platz f\u00fcr bis zu 7 Erwachsene bietet. Im Winter und an kalten Abenden werden Sie viel Spa\u00df mit Ihrer Familie und Freunden erleben k\u00f6nnen. Der Rahmen in Holz-Optik macht den [&#8230;]\n","protected":false},"featured_media":109030,"template":"","meta":[],"product_cat":[109],"product_tag":[],"class_list":{"0":"post-40534","1":"product","2":"type-product","3":"status-publish","4":"has-post-thumbnail","6":"product_cat-pools-whirlpools","7":"product_shipping_class-spedition-light","9":"first","10":"instock","11":"taxable","12":"shipping-taxable","13":"purchasable","14":"product-type-simple"},"_links":{"self":[{"href":"https:\/\/klima-theke.com\/index.php?rest_route=\/wp\/v2\/product\/40534","targetHints":{"allow":["GET"]}}],"collection":[{"href":"https:\/\/klima-theke.com\/index.php?rest_route=\/wp\/v2\/product"}],"about":[{"href":"https:\/\/klima-theke.com\/index.php?rest_route=\/wp\/v2\/types\/product"}],"wp:featuredmedia":[{"embeddable":true,"href":"https:\/\/klima-theke.com\/index.php?rest_route=\/wp\/v2\/media\/109030"}],"wp:attachment":[{"href":"https:\/\/klima-theke.com\/index.php?rest_route=%2Fwp%2Fv2%2Fmedia&parent=40534"}],"wp:term":[{"taxonomy":"product_cat","embeddable":true,"href":"https:\/\/klima-theke.com\/index.php?rest_route=%2Fwp%2Fv2%2Fproduct_cat&post=40534"},{"taxonomy":"product_tag","embeddable":true,"href":"https:\/\/klima-theke.com\/index.php?rest_route=%2Fwp%2Fv2%2Fproduct_tag&post=40534"}],"curies":[{"name":"wp","href":"https:\/\/api.w.org\/{rel}","templated":true}]}}