{"id":40510,"date":"2023-08-17T19:58:51","date_gmt":"2023-08-17T17:58:51","guid":{"rendered":"https:\/\/klima-theke.com\/produkt\/bestway-lay-z-spa-aufblasbarer-whirlpool-hawaii-airjet\/"},"modified":"2023-10-13T16:22:38","modified_gmt":"2023-10-13T14:22:38","slug":"bestway-lay-z-spa-aufblasbarer-whirlpool-hawaii-airjet","status":"publish","type":"product","link":"https:\/\/klima-theke.com\/?product=bestway-lay-z-spa-aufblasbarer-whirlpool-hawaii-airjet","title":{"rendered":"Bestway Lay-Z-Spa Aufblasbarer Whirlpool Hawaii AirJet"},"content":{"rendered":"<p>Haben Sie schon immer davon getr\u00e4umt, einen eigenen Whirlpool zu haben? Der Lay-Z-Spa Hawaii AirJet von Bestway ist ein erschwinglicher Whirlpool, in dem bis zu 5 Erwachsene bequem Platz finden. Sie werden viel Spa\u00df mit Ihrer Familie und Freunden im kalten Winter haben. Dieser aufblasbare Whirlpool mit automatischer Timer-gesteuerter Heizfunktion hat hervorragende w\u00e4rmeisolierende Eigenschaften, um das Wasser langfristig warm zu halten. Dank des ChemConnect Chemikaliendosierers und des integrierten Wasserfiltersystems befindet sich im Whirlpool stets sauberes Wasser. Sie k\u00f6nnen das Wasser bei einer Temperatur von bis zu 40 \u00b0C genie\u00dfen. Die aufblasbare Wand aus TriTech-Materialien garantiert Langlebigkeit und Komfort. Mit der mitgelieferten Pumpe l\u00e4sst sich der Whirlpool schnell aufblasen und entleeren und bei Nichtgebrauch f\u00fcr Lagerung und Transport leicht zusammenklappen. Das AirJet Massage-System wird Sie mit einer Wolke von Blasen umgeben und Ihren Garten sofort in ein luxuri\u00f6ses Resort verwandeln. Dar\u00fcber hinaus verf\u00fcgt der Whirlpool \u00fcber eine verst\u00e4rkte Abdeckung mit Clipverschl\u00fcssen, um das Wasser stets im guten Zustand zu halten.<\/p>\n<ul>\n<li>Farbe: Blau<\/li>\n<li>Material: Tritech Premium PVC (mit DuraPlus I-Beam Konstruktion)<\/li>\n<li>Ma\u00dfe (aufgeblasen): 180 x 180 x 71 cm (L x B x H)<\/li>\n<li>Fassungsverm\u00f6gen (80 %): 840 L<\/li>\n<li>Spannung: 220 &#8211; 240 V~<\/li>\n<li>Aktueller Wasserdurchfluss: 1.325 L\/h (350 gal\/h)<\/li>\n<li>Max. Heizleistung: 40 \u02daC (104 \u02daF)<\/li>\n<li>AirJet-System: 140 Jets<\/li>\n<li>Integriertes Wasserfiltersystem<\/li>\n<li>Beruhigendes Massage-Erlebnis<\/li>\n<li>Verst\u00e4rkte Abdeckung mit Sicherheitsverschlussklemmen und eingebauter Luftkammer zur Isolierung<\/li>\n<li>Energiesparende, automatische Timer-gesteuerte Heiztechnik<\/li>\n<li>Blitzschneller, kinderleichter Aufbau &#8211; wird mittels Spa-Pumpe aufgeblasen<\/li>\n<li>Digital gesteuerte Pumpe mit Soft-Touch-Bedienfeld<\/li>\n<li>ChemConnect Spender<\/li>\n<li>Schnelles Aufblasen \/ Ablassen der Luft mit Hilfe von Schraubventil<\/li>\n<li>Bestway Artikelnummer: 60021<\/li>\n<li><strong>Lieferung enth\u00e4lt:<\/strong><\/li>\n<li>1 x Whirlpool<\/li>\n<li>1 x Poolfilter<\/li>\n<li>1 x Poolabdeckung<\/li>\n<li>1 x Whirlpoolpumpe<\/li>\n<li>1 x Filterkartusche (VI)<\/li>\n<li>1 x Selbstklebender Reparaturflicken<\/li>\n<\/ul>\n","protected":false},"excerpt":{"rendered":"<p>Haben Sie schon immer davon getr\u00e4umt, einen eigenen Whirlpool zu haben? Der Lay-Z-Spa Hawaii AirJet von Bestway ist ein erschwinglicher Whirlpool, in dem bis zu 5 Erwachsene bequem Platz finden. Sie werden viel Spa\u00df mit Ihrer Familie und Freunden im kalten Winter haben. Dieser aufblasbare Whirlpool mit automatischer Timer-gesteuerter Heizfunktion hat hervorragende w\u00e4rmeisolierende Eigenschaften, um [&#8230;]\n","protected":false},"featured_media":109522,"template":"","meta":[],"product_cat":[109],"product_tag":[],"class_list":{"0":"post-40510","1":"product","2":"type-product","3":"status-publish","4":"has-post-thumbnail","6":"product_cat-pools-whirlpools","7":"product_shipping_class-spedition-light","9":"first","10":"instock","11":"sale","12":"taxable","13":"shipping-taxable","14":"purchasable","15":"product-type-simple"},"_links":{"self":[{"href":"https:\/\/klima-theke.com\/index.php?rest_route=\/wp\/v2\/product\/40510","targetHints":{"allow":["GET"]}}],"collection":[{"href":"https:\/\/klima-theke.com\/index.php?rest_route=\/wp\/v2\/product"}],"about":[{"href":"https:\/\/klima-theke.com\/index.php?rest_route=\/wp\/v2\/types\/product"}],"wp:featuredmedia":[{"embeddable":true,"href":"https:\/\/klima-theke.com\/index.php?rest_route=\/wp\/v2\/media\/109522"}],"wp:attachment":[{"href":"https:\/\/klima-theke.com\/index.php?rest_route=%2Fwp%2Fv2%2Fmedia&parent=40510"}],"wp:term":[{"taxonomy":"product_cat","embeddable":true,"href":"https:\/\/klima-theke.com\/index.php?rest_route=%2Fwp%2Fv2%2Fproduct_cat&post=40510"},{"taxonomy":"product_tag","embeddable":true,"href":"https:\/\/klima-theke.com\/index.php?rest_route=%2Fwp%2Fv2%2Fproduct_tag&post=40510"}],"curies":[{"name":"wp","href":"https:\/\/api.w.org\/{rel}","templated":true}]}}