{"id":40498,"date":"2023-08-17T19:54:43","date_gmt":"2023-08-17T17:54:43","guid":{"rendered":"https:\/\/klima-theke.com\/produkt\/redfire-feuerkorb-mit-grill-midland-schwarz\/"},"modified":"2023-10-29T10:34:22","modified_gmt":"2023-10-29T08:34:22","slug":"redfire-feuerkorb-mit-grill-midland-schwarz","status":"publish","type":"product","link":"https:\/\/klima-theke.com\/?product=redfire-feuerkorb-mit-grill-midland-schwarz","title":{"rendered":"RedFire Feuerkorb mit Grill Midland Schwarz"},"content":{"rendered":"<p>Mit diesem eleganten und ger\u00e4umigen Midland Feuerkorb mit Grillrost k\u00f6nnen Sie in k\u00fcrzester Zeit grillen! Auf dem mitgelieferten Grillrost lassen sich Steak, Meeresfr\u00fcchte und Gem\u00fcse einfach grillen. Durch die gro\u00dfz\u00fcgige Ma\u00dfe der Feuerstelle und des Grillrosts k\u00f6nnen Sie problemlos vier bis f\u00fcnf Personen im Garten mit einer leckeren Mahlzeit versorgen. Nach dem Grillen l\u00e4sst sich der Rost einfach wegr\u00e4umen und das Feuer im Feuerkorb sorgt dann f\u00fcr einen stimmungsvollen Abend bis in die sp\u00e4ten Stunden. Nach dem Grille reinigen Sie den Grillrost mit einem Pfannenwender. Verwenden Sie dann etwas Oliven\u00f6l oder Kochspray und decken Sie den Grill mit einem Tuch ab, um ihn vor \u00e4u\u00dferen Einfl\u00fcssen zu sch\u00fctzen. So beugen Sie Rostbildung vor und erhalten eine sch\u00f6ne sch\u00fctzende Schicht, damit Sie am n\u00e4chsten Grillabend wieder Freude an Ihrem Grill haben.<\/p>\n<ul>\n<li>Farbe: Schwarz<\/li>\n<li>Material: Stahl<\/li>\n<li>Gr\u00f6\u00dfe: 50 x 50 cm (Durchmesser x H)<\/li>\n<li>Multifunktional und effizient<\/li>\n<li>Einfacher Zusammenbau<\/li>\n<li>Gewicht: 5 kg<\/li>\n<li>Einfache Reinigung<\/li>\n<li>Lieferung umfasst: 1 x Grillrost<\/li>\n<\/ul>\n","protected":false},"excerpt":{"rendered":"<p>Mit diesem eleganten und ger\u00e4umigen Midland Feuerkorb mit Grillrost k\u00f6nnen Sie in k\u00fcrzester Zeit grillen! Auf dem mitgelieferten Grillrost lassen sich Steak, Meeresfr\u00fcchte und Gem\u00fcse einfach grillen. Durch die gro\u00dfz\u00fcgige Ma\u00dfe der Feuerstelle und des Grillrosts k\u00f6nnen Sie problemlos vier bis f\u00fcnf Personen im Garten mit einer leckeren Mahlzeit versorgen. Nach dem Grillen l\u00e4sst sich [&#8230;]\n","protected":false},"featured_media":124283,"template":"","meta":[],"product_cat":[39],"product_tag":[],"class_list":{"0":"post-40498","1":"product","2":"type-product","3":"status-publish","4":"has-post-thumbnail","6":"product_cat-kamine-grills-grillkamine","8":"first","9":"instock","10":"taxable","11":"shipping-taxable","12":"purchasable","13":"product-type-simple"},"_links":{"self":[{"href":"https:\/\/klima-theke.com\/index.php?rest_route=\/wp\/v2\/product\/40498","targetHints":{"allow":["GET"]}}],"collection":[{"href":"https:\/\/klima-theke.com\/index.php?rest_route=\/wp\/v2\/product"}],"about":[{"href":"https:\/\/klima-theke.com\/index.php?rest_route=\/wp\/v2\/types\/product"}],"wp:featuredmedia":[{"embeddable":true,"href":"https:\/\/klima-theke.com\/index.php?rest_route=\/wp\/v2\/media\/124283"}],"wp:attachment":[{"href":"https:\/\/klima-theke.com\/index.php?rest_route=%2Fwp%2Fv2%2Fmedia&parent=40498"}],"wp:term":[{"taxonomy":"product_cat","embeddable":true,"href":"https:\/\/klima-theke.com\/index.php?rest_route=%2Fwp%2Fv2%2Fproduct_cat&post=40498"},{"taxonomy":"product_tag","embeddable":true,"href":"https:\/\/klima-theke.com\/index.php?rest_route=%2Fwp%2Fv2%2Fproduct_tag&post=40498"}],"curies":[{"name":"wp","href":"https:\/\/api.w.org\/{rel}","templated":true}]}}