{"id":40490,"date":"2023-08-17T19:54:17","date_gmt":"2023-08-17T17:54:17","guid":{"rendered":"https:\/\/klima-theke.com\/produkt\/garten-feuerkorb-mit-grillrost-stahl-475-cm\/"},"modified":"2023-10-13T10:29:03","modified_gmt":"2023-10-13T08:29:03","slug":"garten-feuerkorb-mit-grillrost-stahl-475-cm","status":"publish","type":"product","link":"https:\/\/klima-theke.com\/?product=garten-feuerkorb-mit-grillrost-stahl-475-cm","title":{"rendered":"Garten-Feuerkorb mit Grillrost Stahl 47,5 cm"},"content":{"rendered":"<p>Mit dieser 2-in-1-Feuerkorb\/Grill k\u00f6nnen Sie das Gerichte zubereiten und die W\u00e4rme eines gem\u00fctlichen knisternden Feuers zur gleichen Zeit genie\u00dfen. Der Feuerkorb ist perfekt, um eine sch\u00f6ne Atmosph\u00e4re in Ihrem Garten zu schaffen, besonders in k\u00fchlen N\u00e4chten. Der Feuerkorb kann genug Holz\/Holzkohle aufnehmen, um Sie und Ihre Familie und Freunde warm zu halten. Ausgestattet mit einem verchromten Grillrost kann dieser Feuerkorb auch als Grill verwendet werden. Der Feuerkorb besteht aus robustem, pulverbeschichtetem Stahl. An der Seite befinden sich zwei Griffe, mit denen Sie den Feuerkorb problemlos transportieren k\u00f6nnen. Dank der gro\u00dfen Standfl\u00e4che ist der Feuerkorb sehr stabil. Dank seiner kompakten Bauweise ist er auch in kleineren G\u00e4rten eine ideale Wahl.<\/p>\n<ul>\n<li>Farbe: Schwarz <\/li>\n<li>Material: pulverbeschichteter Stahl<\/li>\n<li>Grillrost-Durchmesser: 34 cm<\/li>\n<li>Standfu\u00df-Durchmesser: 38 cm<\/li>\n<li>H\u00f6he: 60,5 cm<\/li>\n<li>Gesamtl\u00e4nge (mit Griffen): 47,5 cm<\/li>\n<li>Verchromter Grillrost<\/li>\n<li>Mit Holzkohlepfanne<\/li>\n<li>Zusammenbau erforderlich: Ja<\/li>\n<\/ul>\n","protected":false},"excerpt":{"rendered":"<p>Mit dieser 2-in-1-Feuerkorb\/Grill k\u00f6nnen Sie das Gerichte zubereiten und die W\u00e4rme eines gem\u00fctlichen knisternden Feuers zur gleichen Zeit genie\u00dfen. Der Feuerkorb ist perfekt, um eine sch\u00f6ne Atmosph\u00e4re in Ihrem Garten zu schaffen, besonders in k\u00fchlen N\u00e4chten. Der Feuerkorb kann genug Holz\/Holzkohle aufnehmen, um Sie und Ihre Familie und Freunde warm zu halten. Ausgestattet mit einem [&#8230;]\n","protected":false},"featured_media":108578,"template":"","meta":[],"product_cat":[39],"product_tag":[],"class_list":{"0":"post-40490","1":"product","2":"type-product","3":"status-publish","4":"has-post-thumbnail","6":"product_cat-kamine-grills-grillkamine","8":"first","9":"instock","10":"taxable","11":"shipping-taxable","12":"purchasable","13":"product-type-simple"},"_links":{"self":[{"href":"https:\/\/klima-theke.com\/index.php?rest_route=\/wp\/v2\/product\/40490","targetHints":{"allow":["GET"]}}],"collection":[{"href":"https:\/\/klima-theke.com\/index.php?rest_route=\/wp\/v2\/product"}],"about":[{"href":"https:\/\/klima-theke.com\/index.php?rest_route=\/wp\/v2\/types\/product"}],"wp:featuredmedia":[{"embeddable":true,"href":"https:\/\/klima-theke.com\/index.php?rest_route=\/wp\/v2\/media\/108578"}],"wp:attachment":[{"href":"https:\/\/klima-theke.com\/index.php?rest_route=%2Fwp%2Fv2%2Fmedia&parent=40490"}],"wp:term":[{"taxonomy":"product_cat","embeddable":true,"href":"https:\/\/klima-theke.com\/index.php?rest_route=%2Fwp%2Fv2%2Fproduct_cat&post=40490"},{"taxonomy":"product_tag","embeddable":true,"href":"https:\/\/klima-theke.com\/index.php?rest_route=%2Fwp%2Fv2%2Fproduct_tag&post=40490"}],"curies":[{"name":"wp","href":"https:\/\/api.w.org\/{rel}","templated":true}]}}