{"id":40480,"date":"2023-08-17T19:54:10","date_gmt":"2023-08-17T17:54:10","guid":{"rendered":"https:\/\/klima-theke.com\/produkt\/redfire-feuerkorb-irving-mittel-schwarz\/"},"modified":"2023-10-18T09:52:07","modified_gmt":"2023-10-18T07:52:07","slug":"redfire-feuerkorb-irving-mittel-schwarz","status":"publish","type":"product","link":"https:\/\/klima-theke.com\/?product=redfire-feuerkorb-irving-mittel-schwarz","title":{"rendered":"RedFire Feuerkorb Irving Mittel Schwarz"},"content":{"rendered":"<p>Dieser schwarze Irving Feuerkorb aus der RedFire-Serie verleiht Ihrem Garten und Ihrer Terrasse eine einzigartige Atmosph\u00e4re. Der Gartenkamin ist praktisch und ger\u00e4umig, mit einer guten Gr\u00f6\u00dfe und einem sch\u00f6nen Design, wodurch er f\u00fcr jeden Gartenstil geeignet ist. Die Holzst\u00e4mme bleiben mit ihren Stahls\u00e4ulen rundum an Ort und Stelle. Z\u00fcnden Sie einfach das Feuer an und versammeln Sie sich um die Flammen, um die W\u00e4rme zu genie\u00dfen. Mit einem Durchmesser von 43 cm passen problemlos mehrere Holzscheite gleichzeitig hinein. Der Irving ist aus einem St\u00fcck gefertigt, so dass keine Montage erforderlich ist. Die besondere Oberfl\u00e4chenstruktur verleiht ihm einen industriellen Look und die schwarze hitzebest\u00e4ndige Pulverbeschichtung macht die Feuerstelle zu einem echten Blickfang in jedem Garten. Um lange Freude an der Feuerstelle zu haben, k\u00f6nnen Sie das Gestell am n\u00e4chsten Tag oder nach dem Abk\u00fchlen reinigen, um einer schnellen Abnutzung vorzubeugen.<\/p>\n<ul>\n<li>Farbe: Schwarz<\/li>\n<li>Material: Stahl<\/li>\n<li>Gr\u00f6\u00dfe: 43 x 44,5 cm (Durchmesser x H)<\/li>\n<li>Einzigartiger, industrieller Look<\/li>\n<li>Hitzebest\u00e4ndige schwarze Pulverbeschichtung<\/li>\n<li>Korbtr\u00e4ger aus Stahl<\/li>\n<li>Gewicht: 7 kg<\/li>\n<\/ul>\n","protected":false},"excerpt":{"rendered":"<p>Dieser schwarze Irving Feuerkorb aus der RedFire-Serie verleiht Ihrem Garten und Ihrer Terrasse eine einzigartige Atmosph\u00e4re. Der Gartenkamin ist praktisch und ger\u00e4umig, mit einer guten Gr\u00f6\u00dfe und einem sch\u00f6nen Design, wodurch er f\u00fcr jeden Gartenstil geeignet ist. Die Holzst\u00e4mme bleiben mit ihren Stahls\u00e4ulen rundum an Ort und Stelle. Z\u00fcnden Sie einfach das Feuer an und [&#8230;]\n","protected":false},"featured_media":114753,"template":"","meta":[],"product_cat":[39],"product_tag":[],"class_list":{"0":"post-40480","1":"product","2":"type-product","3":"status-publish","4":"has-post-thumbnail","6":"product_cat-kamine-grills-grillkamine","8":"first","9":"outofstock","10":"taxable","11":"shipping-taxable","12":"purchasable","13":"product-type-simple"},"_links":{"self":[{"href":"https:\/\/klima-theke.com\/index.php?rest_route=\/wp\/v2\/product\/40480","targetHints":{"allow":["GET"]}}],"collection":[{"href":"https:\/\/klima-theke.com\/index.php?rest_route=\/wp\/v2\/product"}],"about":[{"href":"https:\/\/klima-theke.com\/index.php?rest_route=\/wp\/v2\/types\/product"}],"wp:featuredmedia":[{"embeddable":true,"href":"https:\/\/klima-theke.com\/index.php?rest_route=\/wp\/v2\/media\/114753"}],"wp:attachment":[{"href":"https:\/\/klima-theke.com\/index.php?rest_route=%2Fwp%2Fv2%2Fmedia&parent=40480"}],"wp:term":[{"taxonomy":"product_cat","embeddable":true,"href":"https:\/\/klima-theke.com\/index.php?rest_route=%2Fwp%2Fv2%2Fproduct_cat&post=40480"},{"taxonomy":"product_tag","embeddable":true,"href":"https:\/\/klima-theke.com\/index.php?rest_route=%2Fwp%2Fv2%2Fproduct_tag&post=40480"}],"curies":[{"name":"wp","href":"https:\/\/api.w.org\/{rel}","templated":true}]}}