{"id":40475,"date":"2023-08-17T19:54:06","date_gmt":"2023-08-17T17:54:06","guid":{"rendered":"https:\/\/klima-theke.com\/produkt\/redfire-feuerkorb-dallas-schwarz-stahl\/"},"modified":"2023-10-27T17:26:09","modified_gmt":"2023-10-27T15:26:09","slug":"redfire-feuerkorb-dallas-schwarz-stahl","status":"publish","type":"product","link":"https:\/\/klima-theke.com\/?product=redfire-feuerkorb-dallas-schwarz-stahl","title":{"rendered":"RedFire Feuerkorb Dallas Schwarz Stahl"},"content":{"rendered":"<p>Dieser multifunktionale Feuerkorb Dallas von RedFire ist bestimmt die beste Wahl f\u00fcr Sie! Die pulverbeschichtete Feuerstelle mit Feuergrube und Grillplatz in Einem kennzeichnet sich durch schlanke Optik und praktisches Design. Dar\u00fcber hinaus kann die Bodenplatte die Asche sowie Brandr\u00fcckst\u00e4nde auffangen, sodass im Garten oder auf der Terrasse immer Ordnung bleibt. Wie geht man vor, wenn die Flamme ausgeht? Um mit einem neuen Feuer zu beginnen, k\u00f6nnen Sie den Feuerkorb mittels der robusten Griffe leicht an verschiedene Stellen bringen. Um den neuen Look des Dallas zu erhalten, empfehlen wir, den Kamin immer trocken und abgedeckt zu halten.<\/p>\n<ul>\n<li>Farbe: Schwarz <\/li>\n<li>Material: Stahl<\/li>\n<li>Abmessungen: 40 x 56 cm (Durchmesser x H)<\/li>\n<li>Stahlst\u00e4rke: 2 mm<\/li>\n<li>Moderner und klassischer Look<\/li>\n<li>Bodenplatte f\u00e4ngt Asche und Brandr\u00fcckst\u00e4nde auf<\/li>\n<li>Lieferung enth\u00e4lt einen Grill und einen Aschenf\u00e4nger<\/li>\n<\/ul>\n","protected":false},"excerpt":{"rendered":"<p>30 Tage R\u00fcckgaberecht: Einfach bestellen und testen<\/p>\n","protected":false},"featured_media":123209,"template":"","meta":[],"product_cat":[39],"product_tag":[],"class_list":{"0":"post-40475","1":"product","2":"type-product","3":"status-publish","4":"has-post-thumbnail","6":"product_cat-kamine-grills-grillkamine","8":"first","9":"instock","10":"sale","11":"taxable","12":"shipping-taxable","13":"purchasable","14":"product-type-simple"},"_links":{"self":[{"href":"https:\/\/klima-theke.com\/index.php?rest_route=\/wp\/v2\/product\/40475","targetHints":{"allow":["GET"]}}],"collection":[{"href":"https:\/\/klima-theke.com\/index.php?rest_route=\/wp\/v2\/product"}],"about":[{"href":"https:\/\/klima-theke.com\/index.php?rest_route=\/wp\/v2\/types\/product"}],"wp:featuredmedia":[{"embeddable":true,"href":"https:\/\/klima-theke.com\/index.php?rest_route=\/wp\/v2\/media\/123209"}],"wp:attachment":[{"href":"https:\/\/klima-theke.com\/index.php?rest_route=%2Fwp%2Fv2%2Fmedia&parent=40475"}],"wp:term":[{"taxonomy":"product_cat","embeddable":true,"href":"https:\/\/klima-theke.com\/index.php?rest_route=%2Fwp%2Fv2%2Fproduct_cat&post=40475"},{"taxonomy":"product_tag","embeddable":true,"href":"https:\/\/klima-theke.com\/index.php?rest_route=%2Fwp%2Fv2%2Fproduct_tag&post=40475"}],"curies":[{"name":"wp","href":"https:\/\/api.w.org\/{rel}","templated":true}]}}