{"id":40466,"date":"2023-08-17T19:50:20","date_gmt":"2023-08-17T17:50:20","guid":{"rendered":"https:\/\/klima-theke.com\/produkt\/redfire-feuerkorb-amarillo-schwarz\/"},"modified":"2023-10-29T10:34:11","modified_gmt":"2023-10-29T08:34:11","slug":"redfire-feuerkorb-amarillo-schwarz","status":"publish","type":"product","link":"https:\/\/klima-theke.com\/?product=redfire-feuerkorb-amarillo-schwarz","title":{"rendered":"RedFire Feuerkorb Amarillo Schwarz"},"content":{"rendered":"<p>Dieser schwarze Amarillo Feuerkorb von RedFire wird sicherlich ein Mittelpunkt in deinem Garten sein, um den du dich mit deiner Familie und Freunden versammelst. Mit seinen flackernden Flammen, brennenden Holzscheiten und seinem einzigartigen Design wird der Amarillo dich nicht entt\u00e4uschen! Diese Feuerstelle ist aus hochwertigem Stahl mit robuster, hitzebest\u00e4ndiger, schwarzer Beschichtung gefertigt, was sie zu einem unverwechselbaren Dekoartikel macht. Daher entfaltet sie an dunklen Abenden mit ihrer W\u00e4rme und ihrem Licht ihren einzigartigen Charme. Dieser gro\u00dfe, funktionale Feuerkorb ist schlicht und stilvoll und sieht in jeder Art von Gartenumgebung gro\u00dfartig aus.<\/p>\n<ul>\n<li>Farbe: Schwarz<\/li>\n<li>Material: Stahl<\/li>\n<li>Gr\u00f6\u00dfe: 45 x 80 cm (Durchmesser x H)<\/li>\n<li>Der moderne Look passt in jede Gartenumgebung<\/li>\n<li>Robuste Stahlkonstruktion<\/li>\n<li>Robuste, hitzebest\u00e4ndige Beschichtung<\/li>\n<li>Geeignet f\u00fcr gr\u00f6\u00dfere Holzscheite<\/li>\n<li>Einfacher Zusammenbau<\/li>\n<li>Gewicht: 1,8 kg<\/li>\n<\/ul>\n","protected":false},"excerpt":{"rendered":"<p>Dieser schwarze Amarillo Feuerkorb von RedFire wird sicherlich ein Mittelpunkt in deinem Garten sein, um den du dich mit deiner Familie und Freunden versammelst. Mit seinen flackernden Flammen, brennenden Holzscheiten und seinem einzigartigen Design wird der Amarillo dich nicht entt\u00e4uschen! Diese Feuerstelle ist aus hochwertigem Stahl mit robuster, hitzebest\u00e4ndiger, schwarzer Beschichtung gefertigt, was sie zu [&#8230;]\n","protected":false},"featured_media":124267,"template":"","meta":[],"product_cat":[39],"product_tag":[],"class_list":{"0":"post-40466","1":"product","2":"type-product","3":"status-publish","4":"has-post-thumbnail","6":"product_cat-kamine-grills-grillkamine","8":"first","9":"instock","10":"taxable","11":"shipping-taxable","12":"purchasable","13":"product-type-simple"},"_links":{"self":[{"href":"https:\/\/klima-theke.com\/index.php?rest_route=\/wp\/v2\/product\/40466","targetHints":{"allow":["GET"]}}],"collection":[{"href":"https:\/\/klima-theke.com\/index.php?rest_route=\/wp\/v2\/product"}],"about":[{"href":"https:\/\/klima-theke.com\/index.php?rest_route=\/wp\/v2\/types\/product"}],"wp:featuredmedia":[{"embeddable":true,"href":"https:\/\/klima-theke.com\/index.php?rest_route=\/wp\/v2\/media\/124267"}],"wp:attachment":[{"href":"https:\/\/klima-theke.com\/index.php?rest_route=%2Fwp%2Fv2%2Fmedia&parent=40466"}],"wp:term":[{"taxonomy":"product_cat","embeddable":true,"href":"https:\/\/klima-theke.com\/index.php?rest_route=%2Fwp%2Fv2%2Fproduct_cat&post=40466"},{"taxonomy":"product_tag","embeddable":true,"href":"https:\/\/klima-theke.com\/index.php?rest_route=%2Fwp%2Fv2%2Fproduct_tag&post=40466"}],"curies":[{"name":"wp","href":"https:\/\/api.w.org\/{rel}","templated":true}]}}