{"id":4017,"date":"2023-07-19T11:46:18","date_gmt":"2023-07-19T09:46:18","guid":{"rendered":"https:\/\/klima-theke.com\/produkt\/esschert-design-feuerkorb-ball-gestreift-schwarz-kohlenstoffstahl-ff400\/"},"modified":"2023-10-10T15:40:12","modified_gmt":"2023-10-10T13:40:12","slug":"esschert-design-feuerkorb-ball-gestreift-schwarz-kohlenstoffstahl-ff400","status":"publish","type":"product","link":"https:\/\/klima-theke.com\/?product=esschert-design-feuerkorb-ball-gestreift-schwarz-kohlenstoffstahl-ff400","title":{"rendered":"Esschert Design Feuerkorb Ball Gestreift Schwarz Kohlenstoffstahl FF400"},"content":{"rendered":"<p>Diese sph\u00e4rische Feuerschale von Esschert Design ist eine dekorative Feuerstelle aus Kohlenstoffstahl. Das besondere Design und die vertikalen Leisten verleihen diesem Feuerball einen modernen, zeitlosen Look und sorgen daf\u00fcr, dass die W\u00e4rme des Feuers in alle Richtungen ausstrahlt. Die tanzenden Flammen bieten abends einen wundersch\u00f6nen Anblick. Die Feuerschale verf\u00fcgt \u00fcber drei robuste Beine. Ihre H\u00f6he betr\u00e4gt 73,5 cm und der Durchmesser 59,2 cm. Dank breiter \u00d6ffnung auf der Oberseite l\u00e4sst sich das Holz ganz einfach in den Feuerkorb in Ballform hineinstecken.<\/p>\n<ul>\n<li>Farbe: Schwarz <\/li>\n<li>Material: Kohlenstoffstahl<\/li>\n<li>Abmessungen: 59,2 x 73,5 cm (Durchmesser x H)<\/li>\n<\/ul>\n","protected":false},"excerpt":{"rendered":"<p>Diese sph\u00e4rische Feuerschale von Esschert Design ist eine dekorative Feuerstelle aus Kohlenstoffstahl. Das besondere Design und die vertikalen Leisten verleihen diesem Feuerball einen modernen, zeitlosen Look und sorgen daf\u00fcr, dass die W\u00e4rme des Feuers in alle Richtungen ausstrahlt. Die tanzenden Flammen bieten abends einen wundersch\u00f6nen Anblick. Die Feuerschale verf\u00fcgt \u00fcber drei robuste Beine. Ihre H\u00f6he [&#8230;]\n","protected":false},"featured_media":104816,"template":"","meta":[],"product_cat":[39],"product_tag":[],"class_list":{"0":"post-4017","1":"product","2":"type-product","3":"status-publish","4":"has-post-thumbnail","6":"product_cat-kamine-grills-grillkamine","8":"first","9":"instock","10":"taxable","11":"shipping-taxable","12":"purchasable","13":"product-type-simple"},"_links":{"self":[{"href":"https:\/\/klima-theke.com\/index.php?rest_route=\/wp\/v2\/product\/4017","targetHints":{"allow":["GET"]}}],"collection":[{"href":"https:\/\/klima-theke.com\/index.php?rest_route=\/wp\/v2\/product"}],"about":[{"href":"https:\/\/klima-theke.com\/index.php?rest_route=\/wp\/v2\/types\/product"}],"wp:featuredmedia":[{"embeddable":true,"href":"https:\/\/klima-theke.com\/index.php?rest_route=\/wp\/v2\/media\/104816"}],"wp:attachment":[{"href":"https:\/\/klima-theke.com\/index.php?rest_route=%2Fwp%2Fv2%2Fmedia&parent=4017"}],"wp:term":[{"taxonomy":"product_cat","embeddable":true,"href":"https:\/\/klima-theke.com\/index.php?rest_route=%2Fwp%2Fv2%2Fproduct_cat&post=4017"},{"taxonomy":"product_tag","embeddable":true,"href":"https:\/\/klima-theke.com\/index.php?rest_route=%2Fwp%2Fv2%2Fproduct_tag&post=4017"}],"curies":[{"name":"wp","href":"https:\/\/api.w.org\/{rel}","templated":true}]}}