{"id":4007,"date":"2023-07-19T11:46:10","date_gmt":"2023-07-19T09:46:10","guid":{"rendered":"https:\/\/klima-theke.com\/produkt\/vertikaler-heizkoerper-edm-schwarz-1000-2000-w\/"},"modified":"2023-10-30T12:59:45","modified_gmt":"2023-10-30T10:59:45","slug":"vertikaler-heizkoerper-edm-schwarz-1000-2000-w","status":"publish","type":"product","link":"https:\/\/klima-theke.com\/?product=vertikaler-heizkoerper-edm-schwarz-1000-2000-w","title":{"rendered":"Vertikaler Heizl\u00fcfter EDM Schwarz 1000-2000 W"},"content":{"rendered":"<p>Wenn Sie Haushaltsger\u00e4te zum besten Gro\u00dfhandelspreis suchen, dann verpassen Sie nicht Ihre Chance auf <b>Vertikaler Heizk\u00f6rper EDM Schwarz 1000-2000 W<\/b> sowie ein breites Sortiment an kleinen Haushaltsger\u00e4ten!<\/p>\n<ul>\n<li>Art: Heizung<\/li>\n<li>Farbe: Schwarz<\/li>\n<li>Leistung: 1000-2000 W<\/li>\n<li>Spannung: 220-240 V<\/li>\n<li>Heizsystem: Luft<\/li>\n<li>Merkmale:\n<ul>\n<li>Vertikal<\/li>\n<li>Anzeigeleuchte<\/li>\n<li>Tragegriff<\/li>\n<li>\u00dcberhitzungsschutz<\/li>\n<li>Kaltluft-Funktion<\/li>\n<\/ul>\n<\/li>\n<li>Ma\u00dfe ca.: 23 x 14 x 27 cm<\/li>\n<li>Leistungspegel: 2<\/li>\n<li>Thermostat: Einstellbar<\/li>\n<li>Stromquelle: Stromnetz<\/li>\n<\/ul>\n","protected":false},"excerpt":{"rendered":"<p>Wenn Sie Haushaltsger\u00e4te zum besten Gro\u00dfhandelspreis suchen, dann verpassen Sie nicht Ihre Chance auf Vertikaler Heizk\u00f6rper EDM Schwarz 1000-2000 W sowie ein breites Sortiment an kleinen Haushaltsger\u00e4ten! Art: Heizung Farbe: Schwarz Leistung: 1000-2000 W Spannung: 220-240 V Heizsystem: Luft Merkmale: Vertikal Anzeigeleuchte Tragegriff \u00dcberhitzungsschutz Kaltluft-Funktion Ma\u00dfe ca.: 23 x 14 x 27 cm Leistungspegel: 2 [&#8230;]\n","protected":false},"featured_media":125190,"template":"","meta":[],"product_cat":[117],"product_tag":[],"class_list":{"0":"post-4007","1":"product","2":"type-product","3":"status-publish","4":"has-post-thumbnail","6":"product_cat-heizluefter","8":"first","9":"instock","10":"taxable","11":"shipping-taxable","12":"purchasable","13":"product-type-simple"},"_links":{"self":[{"href":"https:\/\/klima-theke.com\/index.php?rest_route=\/wp\/v2\/product\/4007","targetHints":{"allow":["GET"]}}],"collection":[{"href":"https:\/\/klima-theke.com\/index.php?rest_route=\/wp\/v2\/product"}],"about":[{"href":"https:\/\/klima-theke.com\/index.php?rest_route=\/wp\/v2\/types\/product"}],"wp:featuredmedia":[{"embeddable":true,"href":"https:\/\/klima-theke.com\/index.php?rest_route=\/wp\/v2\/media\/125190"}],"wp:attachment":[{"href":"https:\/\/klima-theke.com\/index.php?rest_route=%2Fwp%2Fv2%2Fmedia&parent=4007"}],"wp:term":[{"taxonomy":"product_cat","embeddable":true,"href":"https:\/\/klima-theke.com\/index.php?rest_route=%2Fwp%2Fv2%2Fproduct_cat&post=4007"},{"taxonomy":"product_tag","embeddable":true,"href":"https:\/\/klima-theke.com\/index.php?rest_route=%2Fwp%2Fv2%2Fproduct_tag&post=4007"}],"curies":[{"name":"wp","href":"https:\/\/api.w.org\/{rel}","templated":true}]}}