{"id":3908,"date":"2023-07-19T11:44:52","date_gmt":"2023-07-19T09:44:52","guid":{"rendered":"https:\/\/klima-theke.com\/produkt\/oelheizung-11-kammern-sp-sahara-2503-weiss-2500-w\/"},"modified":"2023-10-27T20:24:11","modified_gmt":"2023-10-27T18:24:11","slug":"oelheizung-11-kammern-sp-sahara-2503-weiss-2500-w","status":"publish","type":"product","link":"https:\/\/klima-theke.com\/?product=oelheizung-11-kammern-sp-sahara-2503-weiss-2500-w","title":{"rendered":"\u00d6lheizung (11 Kammern) S&amp;P SAHARA 2503 Wei\u00df 2500 W"},"content":{"rendered":"<p>Wenn Sie Haushaltsger\u00e4te zum besten Gro\u00dfhandelspreis suchen, dann verpassen Sie nicht Ihre Chance auf <b>\u00d6lheizung (11 Kammern) S&amp;P SAHARA 2503 Wei\u00df 2500 W<\/b> sowie ein breites Sortiment an kleinen Haushaltsger\u00e4ten!<\/p>\n<ul>\n<li>Art:\n<ul>\n<li>Heizk\u00f6rper<\/li>\n<li>\u00d6lheizung (11 Kammern)<\/li>\n<\/ul>\n<\/li>\n<li>Farbe: Wei\u00df<\/li>\n<li>Merkmale: Elektrisch<\/li>\n<li>Leistung: 2500 W<\/li>\n<li>Bildschirm: Kein<\/li>\n<li>Control Typ: Drehend<\/li>\n<li>Gewicht:\n<ul>\n<li>0,5 kg<\/li>\n<li>500 gr<\/li>\n<\/ul>\n<\/li>\n<li>Spannung: 230 V<\/li>\n<\/ul>\n","protected":false},"excerpt":{"rendered":"<p>Wenn Sie Haushaltsger\u00e4te zum besten Gro\u00dfhandelspreis suchen, dann verpassen Sie nicht Ihre Chance auf \u00d6lheizung (11 Kammern) S&amp;P SAHARA 2503 Wei\u00df 2500 W sowie ein breites Sortiment an kleinen Haushaltsger\u00e4ten! Art: Heizk\u00f6rper \u00d6lheizung (11 Kammern) Farbe: Wei\u00df Merkmale: Elektrisch Leistung: 2500 W Bildschirm: Kein Control Typ: Drehend Gewicht: 0,5 kg 500 gr Spannung: 230 V<\/p>\n","protected":false},"featured_media":123388,"template":"","meta":[],"product_cat":[116],"product_tag":[],"class_list":{"0":"post-3908","1":"product","2":"type-product","3":"status-publish","4":"has-post-thumbnail","6":"product_cat-radiator-heizkoerper","8":"first","9":"outofstock","10":"taxable","11":"shipping-taxable","12":"purchasable","13":"product-type-simple"},"_links":{"self":[{"href":"https:\/\/klima-theke.com\/index.php?rest_route=\/wp\/v2\/product\/3908","targetHints":{"allow":["GET"]}}],"collection":[{"href":"https:\/\/klima-theke.com\/index.php?rest_route=\/wp\/v2\/product"}],"about":[{"href":"https:\/\/klima-theke.com\/index.php?rest_route=\/wp\/v2\/types\/product"}],"wp:featuredmedia":[{"embeddable":true,"href":"https:\/\/klima-theke.com\/index.php?rest_route=\/wp\/v2\/media\/123388"}],"wp:attachment":[{"href":"https:\/\/klima-theke.com\/index.php?rest_route=%2Fwp%2Fv2%2Fmedia&parent=3908"}],"wp:term":[{"taxonomy":"product_cat","embeddable":true,"href":"https:\/\/klima-theke.com\/index.php?rest_route=%2Fwp%2Fv2%2Fproduct_cat&post=3908"},{"taxonomy":"product_tag","embeddable":true,"href":"https:\/\/klima-theke.com\/index.php?rest_route=%2Fwp%2Fv2%2Fproduct_tag&post=3908"}],"curies":[{"name":"wp","href":"https:\/\/api.w.org\/{rel}","templated":true}]}}