{"id":3864,"date":"2023-07-19T09:44:20","date_gmt":"2023-07-19T09:44:20","guid":{"rendered":"https:\/\/klima-theke.com\/produkt\/deckenventilator-universal-blue-bora-4048wdc-70w-118-cm\/"},"modified":"2023-09-30T15:01:23","modified_gmt":"2023-09-30T13:01:23","slug":"deckenventilator-universal-blue-bora-4048wdc-70w-118-cm","status":"publish","type":"product","link":"https:\/\/klima-theke.com\/?product=deckenventilator-universal-blue-bora-4048wdc-70w-118-cm","title":{"rendered":"Deckenventilator Universal Blue BORA 4048WDC 70W (118 CM)"},"content":{"rendered":"<p>Wenn Sie Haushaltsger\u00e4te zum besten Gro\u00dfhandelspreis suchen, dann verpassen Sie nicht Ihre Chance auf <b>Deckenventilator Universal Blue BORA 4048WDC 70W (118 CM)<\/b> sowie ein breites Sortiment an kleinen Haushaltsger\u00e4ten!<\/p>\n<ul>\n<li>Farbe: Wei\u00df<\/li>\n<li>Geschwindigkeiten: 3<\/li>\n<li>Beleuchtung: LED<\/li>\n<li>Ma\u00dfe ca.: 118 cm<\/li>\n<li>Leistung: 70 W<\/li>\n<\/ul>\n","protected":false},"excerpt":{"rendered":"<p>Wenn Sie Haushaltsger\u00e4te zum besten Gro\u00dfhandelspreis suchen, dann verpassen Sie nicht Ihre Chance auf Deckenventilator Universal Blue BORA 4048WDC 70W (118 CM) sowie ein breites Sortiment an kleinen Haushaltsger\u00e4ten! Farbe: Wei\u00df Geschwindigkeiten: 3 Beleuchtung: LED Ma\u00dfe ca.: 118 cm Leistung: 70 W<\/p>\n","protected":false},"featured_media":90158,"template":"","meta":[],"product_cat":[36],"product_tag":[],"class_list":{"0":"post-3864","1":"product","2":"type-product","3":"status-publish","4":"has-post-thumbnail","6":"product_cat-deckenventilatoren","8":"first","9":"outofstock","10":"taxable","11":"shipping-taxable","12":"purchasable","13":"product-type-simple"},"_links":{"self":[{"href":"https:\/\/klima-theke.com\/index.php?rest_route=\/wp\/v2\/product\/3864","targetHints":{"allow":["GET"]}}],"collection":[{"href":"https:\/\/klima-theke.com\/index.php?rest_route=\/wp\/v2\/product"}],"about":[{"href":"https:\/\/klima-theke.com\/index.php?rest_route=\/wp\/v2\/types\/product"}],"wp:featuredmedia":[{"embeddable":true,"href":"https:\/\/klima-theke.com\/index.php?rest_route=\/wp\/v2\/media\/90158"}],"wp:attachment":[{"href":"https:\/\/klima-theke.com\/index.php?rest_route=%2Fwp%2Fv2%2Fmedia&parent=3864"}],"wp:term":[{"taxonomy":"product_cat","embeddable":true,"href":"https:\/\/klima-theke.com\/index.php?rest_route=%2Fwp%2Fv2%2Fproduct_cat&post=3864"},{"taxonomy":"product_tag","embeddable":true,"href":"https:\/\/klima-theke.com\/index.php?rest_route=%2Fwp%2Fv2%2Fproduct_tag&post=3864"}],"curies":[{"name":"wp","href":"https:\/\/api.w.org\/{rel}","templated":true}]}}