{"id":3815,"date":"2023-07-19T11:43:43","date_gmt":"2023-07-19T09:43:43","guid":{"rendered":"https:\/\/klima-theke.com\/produkt\/mini-humidor-aroma-diffusor-honey-pine-innovagoods\/"},"modified":"2023-10-30T12:54:27","modified_gmt":"2023-10-30T10:54:27","slug":"mini-humidor-aroma-diffusor-honey-pine-innovagoods","status":"publish","type":"product","link":"https:\/\/klima-theke.com\/?product=mini-humidor-aroma-diffusor-honey-pine-innovagoods","title":{"rendered":"Mini-Humidor Aroma-Diffusor Honey Pine InnovaGoods"},"content":{"rendered":"<p><b>InnovaGoods<\/b> bietet Ihnen die besten Neuigkeiten f\u00fcr Ihr Zuhause, wie zum Beispiel <b>Mini-Humidor Aroma-Diffusor Honey Pine InnovaGoods Home Deco<\/b>! Entdecken Sie eine breite Palette von Qualit\u00e4tsprodukten, die sich durch Funktionalit\u00e4t, Effizienz und innovatives Design auszeichnen: Beleuchtung, Organisation, Dekoration, Klimaanlage, Garten, Haustiere, Reinigung, etc.<\/p>\n<ul>\n<li>Material: ABS<\/li>\n<li>Touch-Taste: On\/Off<\/li>\n<li>Kapazit\u00e4t: 180 ml<\/li>\n<li>Ultraschall<\/li>\n<li>Leise<\/li>\n<li>Mehrfarbige LED-Sequenz<\/li>\n<li>Doppelfunktion: verbessert die Luftqualit\u00e4t und beduftet den Raum<\/li>\n<li>Lange Haltbarkeit: 7 h<\/li>\n<li>Spr\u00fchverfahren: 30 ml\/h<\/li>\n<li>500 mA \/ 5 V \/ 2 W<\/li>\n<li>Funktioniert mit USB-Anschluss (inkl. USB-Mikro-USB-Kabel)<\/li>\n<li>Automatische Abschaltung bei Wassermangel<\/li>\n<li>Enth\u00e4lt keine \u00e4therischen \u00d6le<\/li>\n<li>Ma\u00dfe ca.: 8 x 12,5 x 8 cm<\/li>\n<li>Verpackung und Anleitung in 24 Sprachen (Englisch, Franz\u00f6sisch, Spanisch, Deutsch, Italienisch, Portugiesisch, Niederl\u00e4ndisch, Polnisch, Ungarisch, Rum\u00e4nisch, D\u00e4nisch, Schwedisch, Finnisch, Litauisch, Norwegisch, Slowenisch, Griechisch, Tschechisch, Bulgarisch, Kroatisch, Slowakisch, Estnisch, Russisch, Lettisch)<\/li>\n<\/ul>\n","protected":false},"excerpt":{"rendered":"<p>InnovaGoods bietet Ihnen die besten Neuigkeiten f\u00fcr Ihr Zuhause, wie zum Beispiel Mini-Humidor Aroma-Diffusor Honey Pine InnovaGoods Home Deco! Entdecken Sie eine breite Palette von Qualit\u00e4tsprodukten, die sich durch Funktionalit\u00e4t, Effizienz und innovatives Design auszeichnen: Beleuchtung, Organisation, Dekoration, Klimaanlage, Garten, Haustiere, Reinigung, etc. Material: ABS Touch-Taste: On\/Off Kapazit\u00e4t: 180 ml Ultraschall Leise Mehrfarbige LED-Sequenz Doppelfunktion: [&#8230;]\n","protected":false},"featured_media":125164,"template":"","meta":[],"product_cat":[35],"product_tag":[],"class_list":{"0":"post-3815","1":"product","2":"type-product","3":"status-publish","4":"has-post-thumbnail","6":"product_cat-luftbefeuchter-diffusor","8":"first","9":"instock","10":"taxable","11":"shipping-taxable","12":"purchasable","13":"product-type-simple"},"_links":{"self":[{"href":"https:\/\/klima-theke.com\/index.php?rest_route=\/wp\/v2\/product\/3815","targetHints":{"allow":["GET"]}}],"collection":[{"href":"https:\/\/klima-theke.com\/index.php?rest_route=\/wp\/v2\/product"}],"about":[{"href":"https:\/\/klima-theke.com\/index.php?rest_route=\/wp\/v2\/types\/product"}],"wp:featuredmedia":[{"embeddable":true,"href":"https:\/\/klima-theke.com\/index.php?rest_route=\/wp\/v2\/media\/125164"}],"wp:attachment":[{"href":"https:\/\/klima-theke.com\/index.php?rest_route=%2Fwp%2Fv2%2Fmedia&parent=3815"}],"wp:term":[{"taxonomy":"product_cat","embeddable":true,"href":"https:\/\/klima-theke.com\/index.php?rest_route=%2Fwp%2Fv2%2Fproduct_cat&post=3815"},{"taxonomy":"product_tag","embeddable":true,"href":"https:\/\/klima-theke.com\/index.php?rest_route=%2Fwp%2Fv2%2Fproduct_tag&post=3815"}],"curies":[{"name":"wp","href":"https:\/\/api.w.org\/{rel}","templated":true}]}}