{"id":38143,"date":"2023-08-15T07:32:11","date_gmt":"2023-08-15T05:32:11","guid":{"rendered":"https:\/\/klima-theke.com\/produkt\/vakuumpumpe-mit-4-wege-verteiler-manometer-set-fuer-klimaanlagen-2\/"},"modified":"2023-10-29T11:14:13","modified_gmt":"2023-10-29T09:14:13","slug":"vakuumpumpe-mit-4-wege-verteiler-manometer-set-fuer-klimaanlagen-2","status":"publish","type":"product","link":"https:\/\/klima-theke.com\/?product=vakuumpumpe-mit-4-wege-verteiler-manometer-set-fuer-klimaanlagen-2","title":{"rendered":"Vakuumpumpe mit 4-Wege-Verteiler-Manometer Set f\u00fcr Klimaanlagen"},"content":{"rendered":"<p>Diese Vakuumpumpe ist f\u00fcr den professionellen Einsatz in Klimaanlagen konzipiert. Die Pumpe erzeugt ein Vakuum, das das anschlie\u00dfende Bef\u00fcllen der Klimaanlage mit K\u00e4ltemittel erm\u00f6glicht. Die Pumpe verf\u00fcgt \u00fcber ein Aluminiumgeh\u00e4use und ein praktisches \u00d6lschauglas, mit dem Sie den \u00d6lstand jederzeit \u00fcberpr\u00fcfen k\u00f6nnen. Au\u00dferdem verf\u00fcgt sie \u00fcber einen integrierten Griff f\u00fcr den einfachen Transport. Das mitgelieferte 4-Wege-Manometer-Set eignet sich zum Bef\u00fcllen und \u00dcberpr\u00fcfen von Klimaanlagen, indem es den Systemdruck anzeigt. Es eignet sich f\u00fcr alle Klimaanlagen in Kraftfahrzeugen sowie f\u00fcr gewerbliche und h\u00e4usliche Klimaanlagen und K\u00fchlsysteme. Die farbcodierten Manometer sind schnell, klar und einfach ablesbar. Die Messger\u00e4te sind von einer Schutzh\u00fclle umgeben, um Besch\u00e4digungen zu vermeiden. Sie k\u00f6nnen den integrierten Stahlhaken verwenden, um die Messger\u00e4te schnell und einfach aufzuh\u00e4ngen. Das Manometer-Set hat eine robuste Konstruktion.<\/p>\n<ul>\n<li><strong>Vakuumpumpe:<\/strong><\/li>\n<li>Spannung: 220 V, 50 Hz<\/li>\n<li>Pumpendrehzahl: 2,5 CFM<\/li>\n<li>Motorleistung: 1\/3 PS<\/li>\n<li>Drehgeschwindigkeit: 2800 rpm<\/li>\n<li>Fassungsverm\u00f6gen \u00d6l: 250 ml<\/li>\n<li>Leistung: 250 W<\/li>\n<li>Vakuum-Saugleistung: 50 L\/min<\/li>\n<li>Geh\u00e4use aus Aluminium-Legierung<\/li>\n<li><strong>4-Wege-Verteiler-Messger\u00e4t-Set<\/strong><\/li>\n<li>Schlauchl\u00e4nge: 152 cm<\/li>\n<li>Berstdruck: 4000 PSI<\/li>\n<li>Maximaler Betriebsdruck: 800 PSI<\/li>\n<li>Aluminium-F\u00fcllventil<\/li>\n<li>Mit 4 F\u00fcllschl\u00e4uchen<\/li>\n<li>Mit Aufh\u00e4ngehaken aus Stahl <\/li>\n<li>Gro\u00dfes Schauglas zur Steuerung der Str\u00f6mung des K\u00fchlmittels<\/li>\n<li>Geeignet f\u00fcr K\u00e4ltemittel R134, R410a, R22 und R407c<\/li>\n<li>Zusammenbau erforderlich: Ja<\/li>\n<li><strong>Lieferung beinhaltet:<\/strong><\/li>\n<li>1 x Vakuumpumpe<\/li>\n<li>2 x \u00d6lfl\u00e4schchen<\/li>\n<li>1 x Verbindung<\/li>\n<li>1 x 4-Wege-Verteiler-Messger\u00e4t-Set<\/li>\n<\/ul>\n","protected":false},"excerpt":{"rendered":"<p>Diese Vakuumpumpe ist f\u00fcr den professionellen Einsatz in Klimaanlagen konzipiert. Die Pumpe erzeugt ein Vakuum, das das anschlie\u00dfende Bef\u00fcllen der Klimaanlage mit K\u00e4ltemittel erm\u00f6glicht. Die Pumpe verf\u00fcgt \u00fcber ein Aluminiumgeh\u00e4use und ein praktisches \u00d6lschauglas, mit dem Sie den \u00d6lstand jederzeit \u00fcberpr\u00fcfen k\u00f6nnen. Au\u00dferdem verf\u00fcgt sie \u00fcber einen integrierten Griff f\u00fcr den einfachen Transport. Das mitgelieferte [&#8230;]\n","protected":false},"featured_media":124398,"template":"","meta":[],"product_cat":[41],"product_tag":[],"class_list":{"0":"post-38143","1":"product","2":"type-product","3":"status-publish","4":"has-post-thumbnail","6":"product_cat-klimaanlagen-zubehoer","8":"first","9":"outofstock","10":"taxable","11":"shipping-taxable","12":"purchasable","13":"product-type-simple"},"_links":{"self":[{"href":"https:\/\/klima-theke.com\/index.php?rest_route=\/wp\/v2\/product\/38143","targetHints":{"allow":["GET"]}}],"collection":[{"href":"https:\/\/klima-theke.com\/index.php?rest_route=\/wp\/v2\/product"}],"about":[{"href":"https:\/\/klima-theke.com\/index.php?rest_route=\/wp\/v2\/types\/product"}],"wp:featuredmedia":[{"embeddable":true,"href":"https:\/\/klima-theke.com\/index.php?rest_route=\/wp\/v2\/media\/124398"}],"wp:attachment":[{"href":"https:\/\/klima-theke.com\/index.php?rest_route=%2Fwp%2Fv2%2Fmedia&parent=38143"}],"wp:term":[{"taxonomy":"product_cat","embeddable":true,"href":"https:\/\/klima-theke.com\/index.php?rest_route=%2Fwp%2Fv2%2Fproduct_cat&post=38143"},{"taxonomy":"product_tag","embeddable":true,"href":"https:\/\/klima-theke.com\/index.php?rest_route=%2Fwp%2Fv2%2Fproduct_tag&post=38143"}],"curies":[{"name":"wp","href":"https:\/\/api.w.org\/{rel}","templated":true}]}}