{"id":38071,"date":"2023-08-15T07:31:33","date_gmt":"2023-08-15T05:31:33","guid":{"rendered":"https:\/\/klima-theke.com\/produkt\/vakuumpumpe-100-l-min-2-wege-verteiler-manometer-klimaanlagen\/"},"modified":"2023-10-28T22:24:17","modified_gmt":"2023-10-28T20:24:17","slug":"vakuumpumpe-100-l-min-2-wege-verteiler-manometer-klimaanlagen","status":"publish","type":"product","link":"https:\/\/klima-theke.com\/?product=vakuumpumpe-100-l-min-2-wege-verteiler-manometer-klimaanlagen","title":{"rendered":"Vakuumpumpe 100 L\/min 2-Wege-Verteiler-Manometer Klimaanlagen"},"content":{"rendered":"<p>Diese Vakuumpumpe ist f\u00fcr den professionellen Einsatz im Bereich K\u00e4ltesysteme und Klimaanlagen konzipiert. Die Pumpe erzeugt ein Vakuum, das das anschlie\u00dfende Bef\u00fcllen der Klimaanlage mit K\u00e4ltemittel erm\u00f6glicht. Dank ihrer technischen Eigenschaften eignet sich die Pumpe f\u00fcr die Reparatur von K\u00fchlger\u00e4ten, Druckmaschinen, medizinischen Ger\u00e4ten, Vakuumverpackungen, Warmumformung und anderen Absaugvorg\u00e4ngen. Die Pumpe verf\u00fcgt \u00fcber ein Aluminiumgeh\u00e4use und ein praktisches \u00d6lschauglas, mit dem Sie den \u00d6lstand jederzeit \u00fcberpr\u00fcfen k\u00f6nnen. Au\u00dferdem hat sie einen integrierten Griff f\u00fcr den einfachen Transport. Dieses mitgelieferte 2-Wege-Manometer-Set eignet sich zum Bef\u00fcllen und \u00dcberpr\u00fcfen von Klimaanlagen, indem es den Systemdruck anzeigt. Es eignet sich f\u00fcr alle Klimaanlagen in Kraftfahrzeugen sowie f\u00fcr gewerbliche und h\u00e4usliche Klimaanlagen und K\u00fchlsysteme. Die farbcodierten Manometer sind schnell, klar und einfach ablesbar. Die Messger\u00e4te sind von einer Schutzh\u00fclle umgeben, um Besch\u00e4digungen zu vermeiden. Sie k\u00f6nnen den integrierten Stahlhaken verwenden, um die Messger\u00e4te schnell und einfach aufzuh\u00e4ngen. Das Manometer-Set hat eine robuste Konstruktion und wird in einem blasgeformten Tragekoffer geliefert, der den Transport und die Lagerung erleichtert.<\/p>\n<ul>\n<li><strong>Vakuumpumpe:<\/strong><\/li>\n<li>Spannung: 220 V, 50 Hz<\/li>\n<li>Pumpendrehzahl: 4,5 CFM<\/li>\n<li>Motorleistung: 1 \/ 2 HP<\/li>\n<li>Drehgeschwindigkeit: 2800 rpm<\/li>\n<li>\u00d6lkapazit\u00e4t: 330 ml<\/li>\n<li>Strom: 375 W<\/li>\n<li>Vakuum-Saugleistung: 100 L\/min<\/li>\n<li>Geh\u00e4use aus Aluminium-Legierung<\/li>\n<li><strong>2-Wege-Verteiler-Messger\u00e4t-Set<\/strong><\/li>\n<li>Schlauchl\u00e4nge: 152 cm<\/li>\n<li>Berstdruck: 2500 PSI<\/li>\n<li>Maximaler Betriebsdruck: 500 PSI<\/li>\n<li>Bronze F\u00fcllventil<\/li>\n<li>Mit 3 F\u00fcllschl\u00e4uche<\/li>\n<li>Mit Aufh\u00e4ngehaken aus Stahl <\/li>\n<li>Mit 2 Schnellkupplungen mit Adaptern f\u00fcr den Einsatz in Autoklimaanlagen<\/li>\n<li>Schauglas zur Steuerung der Str\u00f6mung des K\u00fchlmittels<\/li>\n<li>Geeignet f\u00fcr K\u00e4ltemittel R134a, R22, R12 und R502<\/li>\n<li>Lieferung in blasgeformter Trageschatulle<\/li>\n<li>Zusammenbau erforderlich: Ja<\/li>\n<li><strong>Lieferung beinhaltet:<\/strong><\/li>\n<li>1 x Vakuumpumpe<\/li>\n<li>1 x \u00d6lfl\u00e4schchen<\/li>\n<li>1 x Verbindung<\/li>\n<li>1 x 2-Wege-Verteiler-Messger\u00e4t-Set<\/li>\n<\/ul>\n","protected":false},"excerpt":{"rendered":"<p>Diese Vakuumpumpe ist f\u00fcr den professionellen Einsatz im Bereich K\u00e4ltesysteme und Klimaanlagen konzipiert. Die Pumpe erzeugt ein Vakuum, das das anschlie\u00dfende Bef\u00fcllen der Klimaanlage mit K\u00e4ltemittel erm\u00f6glicht. Dank ihrer technischen Eigenschaften eignet sich die Pumpe f\u00fcr die Reparatur von K\u00fchlger\u00e4ten, Druckmaschinen, medizinischen Ger\u00e4ten, Vakuumverpackungen, Warmumformung und anderen Absaugvorg\u00e4ngen. Die Pumpe verf\u00fcgt \u00fcber ein Aluminiumgeh\u00e4use und [&#8230;]\n","protected":false},"featured_media":123922,"template":"","meta":[],"product_cat":[41],"product_tag":[],"class_list":{"0":"post-38071","1":"product","2":"type-product","3":"status-publish","4":"has-post-thumbnail","6":"product_cat-klimaanlagen-zubehoer","8":"first","9":"instock","10":"taxable","11":"shipping-taxable","12":"purchasable","13":"product-type-simple"},"_links":{"self":[{"href":"https:\/\/klima-theke.com\/index.php?rest_route=\/wp\/v2\/product\/38071","targetHints":{"allow":["GET"]}}],"collection":[{"href":"https:\/\/klima-theke.com\/index.php?rest_route=\/wp\/v2\/product"}],"about":[{"href":"https:\/\/klima-theke.com\/index.php?rest_route=\/wp\/v2\/types\/product"}],"wp:featuredmedia":[{"embeddable":true,"href":"https:\/\/klima-theke.com\/index.php?rest_route=\/wp\/v2\/media\/123922"}],"wp:attachment":[{"href":"https:\/\/klima-theke.com\/index.php?rest_route=%2Fwp%2Fv2%2Fmedia&parent=38071"}],"wp:term":[{"taxonomy":"product_cat","embeddable":true,"href":"https:\/\/klima-theke.com\/index.php?rest_route=%2Fwp%2Fv2%2Fproduct_cat&post=38071"},{"taxonomy":"product_tag","embeddable":true,"href":"https:\/\/klima-theke.com\/index.php?rest_route=%2Fwp%2Fv2%2Fproduct_tag&post=38071"}],"curies":[{"name":"wp","href":"https:\/\/api.w.org\/{rel}","templated":true}]}}