{"id":3581,"date":"2023-07-19T11:40:49","date_gmt":"2023-07-19T09:40:49","guid":{"rendered":"https:\/\/klima-theke.com\/produkt\/oelheizung-cecotec-readywarm-7000-space-1500-w\/"},"modified":"2023-10-16T20:06:49","modified_gmt":"2023-10-16T18:06:49","slug":"oelheizung-cecotec-readywarm-7000-space-1500-w","status":"publish","type":"product","link":"https:\/\/klima-theke.com\/?product=oelheizung-cecotec-readywarm-7000-space-1500-w","title":{"rendered":"\u00d6lheizung Cecotec ReadyWarm 7000 Space 1500 W"},"content":{"rendered":"<p>Wenn Sie Haushaltsger\u00e4te zum besten Gro\u00dfhandelspreis suchen, dann verpassen Sie nicht Ihre Chance auf <b>\u00d6lheizung Cecotec ReadyWarm 7000 Space 1500 W<\/b> sowie ein breites Sortiment an kleinen Haushaltsger\u00e4ten!<\/p>\n<ul>\n<li>Leistung: 1500 W<\/li>\n<li>Spannung: 220-240 V<\/li>\n<li>Frequenz: 50\/60 Hz<\/li>\n<li>Farbe: Schwarz<\/li>\n<li>Stromquelle: Elektrizit\u00e4t<\/li>\n<\/ul>\n","protected":false},"excerpt":{"rendered":"<p>Wenn Sie Haushaltsger\u00e4te zum besten Gro\u00dfhandelspreis suchen, dann verpassen Sie nicht Ihre Chance auf \u00d6lheizung Cecotec ReadyWarm 7000 Space 1500 W sowie ein breites Sortiment an kleinen Haushaltsger\u00e4ten! Leistung: 1500 W Spannung: 220-240 V Frequenz: 50\/60 Hz Farbe: Schwarz Stromquelle: Elektrizit\u00e4t<\/p>\n","protected":false},"featured_media":112430,"template":"","meta":[],"product_cat":[116],"product_tag":[],"class_list":{"0":"post-3581","1":"product","2":"type-product","3":"status-publish","4":"has-post-thumbnail","6":"product_cat-radiator-heizkoerper","8":"first","9":"instock","10":"taxable","11":"shipping-taxable","12":"purchasable","13":"product-type-simple"},"_links":{"self":[{"href":"https:\/\/klima-theke.com\/index.php?rest_route=\/wp\/v2\/product\/3581","targetHints":{"allow":["GET"]}}],"collection":[{"href":"https:\/\/klima-theke.com\/index.php?rest_route=\/wp\/v2\/product"}],"about":[{"href":"https:\/\/klima-theke.com\/index.php?rest_route=\/wp\/v2\/types\/product"}],"wp:featuredmedia":[{"embeddable":true,"href":"https:\/\/klima-theke.com\/index.php?rest_route=\/wp\/v2\/media\/112430"}],"wp:attachment":[{"href":"https:\/\/klima-theke.com\/index.php?rest_route=%2Fwp%2Fv2%2Fmedia&parent=3581"}],"wp:term":[{"taxonomy":"product_cat","embeddable":true,"href":"https:\/\/klima-theke.com\/index.php?rest_route=%2Fwp%2Fv2%2Fproduct_cat&post=3581"},{"taxonomy":"product_tag","embeddable":true,"href":"https:\/\/klima-theke.com\/index.php?rest_route=%2Fwp%2Fv2%2Fproduct_tag&post=3581"}],"curies":[{"name":"wp","href":"https:\/\/api.w.org\/{rel}","templated":true}]}}