{"id":3564,"date":"2023-07-19T11:40:31","date_gmt":"2023-07-19T09:40:31","guid":{"rendered":"https:\/\/klima-theke.com\/produkt\/redfire-garten-terrassen-kamin-cancun-ton-86032\/"},"modified":"2023-10-26T18:25:07","modified_gmt":"2023-10-26T16:25:07","slug":"redfire-garten-terrassen-kamin-cancun-ton-86032","status":"publish","type":"product","link":"https:\/\/klima-theke.com\/?product=redfire-garten-terrassen-kamin-cancun-ton-86032","title":{"rendered":"RedFire Gartenkamin Cancun Ton 86032"},"content":{"rendered":"<p>Sorgen Sie f\u00fcr zus\u00e4tzliche W\u00e4rme und eine gem\u00fctliche Atmosph\u00e4re an k\u00fchlen Abenden mit dem Cancun Terrassenofen von RedFire. Mit seinem authentischen Handarbeit-Design und der Bl\u00e4tterverzierung ist diese Feuerstelle nicht nur ein praktischer W\u00e4rmespender an k\u00fchlen Abenden, sondern auch ein tolles Deko-Element! Der Gartenofen hat vorne eine gro\u00dfe \u00d6ffnung, um das Feuerholz aufzunehmen. Schichten Sie einfach einige Scheite auf, z\u00fcnden Sie das Feuer an und erfreuen Sie sich an den knisternden Flammen. Der Cancun wird mit einem stabilen Stahlgestell geliefert. Ein sch\u00fctzender Ton-Schornsteindeckel ist ebenfalls im Lieferumfang enthalten, um den Kamin vor Regen zu sch\u00fctzen. Wenn Sie Ihren Einkauf zus\u00e4tzlich vor Witterungseinfl\u00fcssen sch\u00fctzen m\u00f6chten, k\u00f6nnen Sie die f\u00fcr den Kamin passende RedFire Kaminabdeckung Chimeneas S erwerben, die nicht im Lieferumfang enthalten ist.<\/p>\n<ul>\n<li>Farbe: Kupfern<\/li>\n<li>Material: Ton<\/li>\n<li>Abmessungen: 31 x 71 cm (Durchmesser x H)<\/li>\n<li>Handgefertigt im authentischem Design<\/li>\n<li>Im Lieferumfang ebenfalls enthalten sind: ein stabiles, schwarzes, pulverbeschichtetes Stahl-Gestell und ein Rauchabzug-Deckel<\/li>\n<\/ul>\n","protected":false},"excerpt":{"rendered":"<p>30 Tage R\u00fcckgaberecht: bestellen und testen!<\/p>\n","protected":false},"featured_media":122444,"template":"","meta":[],"product_cat":[39],"product_tag":[],"class_list":{"0":"post-3564","1":"product","2":"type-product","3":"status-publish","4":"has-post-thumbnail","6":"product_cat-kamine-grills-grillkamine","8":"first","9":"instock","10":"taxable","11":"shipping-taxable","12":"purchasable","13":"product-type-simple"},"_links":{"self":[{"href":"https:\/\/klima-theke.com\/index.php?rest_route=\/wp\/v2\/product\/3564","targetHints":{"allow":["GET"]}}],"collection":[{"href":"https:\/\/klima-theke.com\/index.php?rest_route=\/wp\/v2\/product"}],"about":[{"href":"https:\/\/klima-theke.com\/index.php?rest_route=\/wp\/v2\/types\/product"}],"wp:featuredmedia":[{"embeddable":true,"href":"https:\/\/klima-theke.com\/index.php?rest_route=\/wp\/v2\/media\/122444"}],"wp:attachment":[{"href":"https:\/\/klima-theke.com\/index.php?rest_route=%2Fwp%2Fv2%2Fmedia&parent=3564"}],"wp:term":[{"taxonomy":"product_cat","embeddable":true,"href":"https:\/\/klima-theke.com\/index.php?rest_route=%2Fwp%2Fv2%2Fproduct_cat&post=3564"},{"taxonomy":"product_tag","embeddable":true,"href":"https:\/\/klima-theke.com\/index.php?rest_route=%2Fwp%2Fv2%2Fproduct_tag&post=3564"}],"curies":[{"name":"wp","href":"https:\/\/api.w.org\/{rel}","templated":true}]}}