{"id":3545,"date":"2023-07-19T11:40:16","date_gmt":"2023-07-19T09:40:16","guid":{"rendered":"https:\/\/klima-theke.com\/produkt\/esschert-design-feuerschale-s-ff209\/"},"modified":"2023-10-25T10:47:19","modified_gmt":"2023-10-25T08:47:19","slug":"esschert-design-feuerschale-s-ff209","status":"publish","type":"product","link":"https:\/\/klima-theke.com\/?product=esschert-design-feuerschale-s-ff209","title":{"rendered":"Esschert Design Feuerschale S FF209"},"content":{"rendered":"<p>Die Feuerschale FF209 von Esschert Design wird eine gro\u00dfartige Wahl sein, wenn Sie zus\u00e4tzliche W\u00e4rme in kalten N\u00e4chten brauchen. Aus Gusseisen hergestellt, ist diese Feuerschale sehr robust und langlebig. Lieferung beinhaltet nur eine Feuerschale; Holz ist nicht inbegriffen.<\/p>\n<ul>\n<li>Abmessungen: 50 x 50 x 17,5 cm (B x T x H)<\/li>\n<li>Material: Gusseisen<\/li>\n<li>Lieferung erfolgt ohne Holz<\/li>\n<\/ul>\n","protected":false},"excerpt":{"rendered":"<p>Die Feuerschale FF209 von Esschert Design wird eine gro\u00dfartige Wahl sein, wenn Sie zus\u00e4tzliche W\u00e4rme in kalten N\u00e4chten brauchen. Aus Gusseisen hergestellt, ist diese Feuerschale sehr robust und langlebig. Lieferung beinhaltet nur eine Feuerschale; Holz ist nicht inbegriffen. Abmessungen: 50 x 50 x 17,5 cm (B x T x H) Material: Gusseisen Lieferung erfolgt ohne [&#8230;]\n","protected":false},"featured_media":120371,"template":"","meta":[],"product_cat":[39],"product_tag":[],"class_list":{"0":"post-3545","1":"product","2":"type-product","3":"status-publish","4":"has-post-thumbnail","6":"product_cat-kamine-grills-grillkamine","8":"first","9":"instock","10":"taxable","11":"shipping-taxable","12":"purchasable","13":"product-type-simple"},"_links":{"self":[{"href":"https:\/\/klima-theke.com\/index.php?rest_route=\/wp\/v2\/product\/3545","targetHints":{"allow":["GET"]}}],"collection":[{"href":"https:\/\/klima-theke.com\/index.php?rest_route=\/wp\/v2\/product"}],"about":[{"href":"https:\/\/klima-theke.com\/index.php?rest_route=\/wp\/v2\/types\/product"}],"wp:featuredmedia":[{"embeddable":true,"href":"https:\/\/klima-theke.com\/index.php?rest_route=\/wp\/v2\/media\/120371"}],"wp:attachment":[{"href":"https:\/\/klima-theke.com\/index.php?rest_route=%2Fwp%2Fv2%2Fmedia&parent=3545"}],"wp:term":[{"taxonomy":"product_cat","embeddable":true,"href":"https:\/\/klima-theke.com\/index.php?rest_route=%2Fwp%2Fv2%2Fproduct_cat&post=3545"},{"taxonomy":"product_tag","embeddable":true,"href":"https:\/\/klima-theke.com\/index.php?rest_route=%2Fwp%2Fv2%2Fproduct_tag&post=3545"}],"curies":[{"name":"wp","href":"https:\/\/api.w.org\/{rel}","templated":true}]}}