{"id":3530,"date":"2023-07-19T11:39:58","date_gmt":"2023-07-19T09:39:58","guid":{"rendered":"https:\/\/klima-theke.com\/produkt\/medisana-luftbefeuchter-ah-670-35-w-weiss\/"},"modified":"2023-10-10T09:59:37","modified_gmt":"2023-10-10T07:59:37","slug":"medisana-luftbefeuchter-ah-670-35-w-weiss","status":"publish","type":"product","link":"https:\/\/klima-theke.com\/?product=medisana-luftbefeuchter-ah-670-35-w-weiss","title":{"rendered":"Medisana Luftbefeuchter AH 670 35 W Wei\u00df"},"content":{"rendered":"<p>Verbessern Sie die Qualit\u00e4t der Atemluft in Ihrem Zuhause mit dem Luftbefeuchter AH 670 von Medisana! Dank der ger\u00e4uscharmen und energieeffizienten Ultraschall-Zerst\u00e4ubung m\u00fcssen Sie sich keine Sorgen um trockene Augen, Haut oder trockenen Hals machen. Sie k\u00f6nnen 9 Stunden den subtilen Duft der Aromen genie\u00dfen, ohne den 1800 ml-Wassertank nachf\u00fcllen zu m\u00fcssen. Die Zerst\u00e4ubungsgeschwindigkeit betr\u00e4gt 200 ml\/h. Dank seines Timers kann der Luftbefeuchter wahlweise auf eine Betriebsdauer von einer Stunde, zwei oder vier Stunden programmiert werden. F\u00fcr zus\u00e4tzliche Sicherheit schaltet sich der Luftbefeuchter bei leerem Tank automatisch ab. Dar\u00fcber hinaus verf\u00fcgt es \u00fcber eine praktische Fernbedienung und eine \u00e4sthetisch ansprechende LED-Beleuchtung mit mehreren Farben.<\/p>\n<ul>\n<li>Farbe: Wei\u00df<\/li>\n<li>Material: Kunststoff<\/li>\n<li>Abmessungen: 18 x 30,3 cm (\u2205 x H)<\/li>\n<li>Spannung: 220-240 V~ 50 Hz<\/li>\n<li>Wassertank: 1,8 L<\/li>\n<li>Maximale Laufzeit: 9 Stunden<\/li>\n<li>Zwei Vernebelungsintensit\u00e4ten<\/li>\n<li>Praktische Fernbedienung<\/li>\n<li>Mit Wasserfilter<\/li>\n<li>Aromafach<\/li>\n<li>Mit attraktiver LED-Beleuchtung<\/li>\n<li>Automatische Abschaltung bei leerem Tank<\/li>\n<li>Zwei um 360 Grad verstellbare Bel\u00fcftungs\u00f6ffnungen<\/li>\n<li>Ger\u00e4uscharm und energiesparend<\/li>\n<li>Hohe Wirksamkeit durch mikrofeine Zerst\u00e4ubung<\/li>\n<li>Ultraschall-Technologie zur Verbesserung der Atemluft<\/li>\n<\/ul>\n","protected":false},"excerpt":{"rendered":"<p>Verbessern Sie die Qualit\u00e4t der Atemluft in Ihrem Zuhause mit dem Luftbefeuchter AH 670 von Medisana! Dank der ger\u00e4uscharmen und energieeffizienten Ultraschall-Zerst\u00e4ubung m\u00fcssen Sie sich keine Sorgen um trockene Augen, Haut oder trockenen Hals machen. Sie k\u00f6nnen 9 Stunden den subtilen Duft der Aromen genie\u00dfen, ohne den 1800 ml-Wassertank nachf\u00fcllen zu m\u00fcssen. Die Zerst\u00e4ubungsgeschwindigkeit betr\u00e4gt [&#8230;]\n","protected":false},"featured_media":103521,"template":"","meta":[],"product_cat":[35],"product_tag":[],"class_list":{"0":"post-3530","1":"product","2":"type-product","3":"status-publish","4":"has-post-thumbnail","6":"product_cat-luftbefeuchter-diffusor","8":"first","9":"instock","10":"taxable","11":"shipping-taxable","12":"purchasable","13":"product-type-simple"},"_links":{"self":[{"href":"https:\/\/klima-theke.com\/index.php?rest_route=\/wp\/v2\/product\/3530","targetHints":{"allow":["GET"]}}],"collection":[{"href":"https:\/\/klima-theke.com\/index.php?rest_route=\/wp\/v2\/product"}],"about":[{"href":"https:\/\/klima-theke.com\/index.php?rest_route=\/wp\/v2\/types\/product"}],"wp:featuredmedia":[{"embeddable":true,"href":"https:\/\/klima-theke.com\/index.php?rest_route=\/wp\/v2\/media\/103521"}],"wp:attachment":[{"href":"https:\/\/klima-theke.com\/index.php?rest_route=%2Fwp%2Fv2%2Fmedia&parent=3530"}],"wp:term":[{"taxonomy":"product_cat","embeddable":true,"href":"https:\/\/klima-theke.com\/index.php?rest_route=%2Fwp%2Fv2%2Fproduct_cat&post=3530"},{"taxonomy":"product_tag","embeddable":true,"href":"https:\/\/klima-theke.com\/index.php?rest_route=%2Fwp%2Fv2%2Fproduct_tag&post=3530"}],"curies":[{"name":"wp","href":"https:\/\/api.w.org\/{rel}","templated":true}]}}