{"id":3502,"date":"2023-07-19T09:39:39","date_gmt":"2023-07-19T09:39:39","guid":{"rendered":"https:\/\/klima-theke.com\/produkt\/raster-edm-33910-ersatzteil-o-45-cm\/"},"modified":"2023-09-05T16:56:24","modified_gmt":"2023-09-05T14:56:24","slug":"raster-edm-33910-ersatzteil-o-45-cm","status":"publish","type":"product","link":"https:\/\/klima-theke.com\/?product=raster-edm-33910-ersatzteil-o-45-cm","title":{"rendered":"Raster EDM 33910 Ersatzteil \u00d8 45 cm"},"content":{"rendered":"<p>Wenn Sie bei der Einrichtung ihres Heims Wert auf Details legen und bei Produkten, die Ihnen das Leben leichter machen, auf dem letzten Stand sein m\u00f6chten, dann kaufen Sie <b>Raster EDM 33910 Ersatzteil \u00d8 45 cm<\/b> zum besten Preis.<\/p>\n<ul>\n<li>Art:\n<ul>\n<li>Ventilator<\/li>\n<li>Raster<\/li>\n<li>Ersatzteil<\/li>\n<\/ul>\n<\/li>\n<li>Farbe: Wei\u00df<\/li>\n<li>Material: Metall<\/li>\n<li>Anzahl der St\u00fccke: 2 St\u00fccke<\/li>\n<li>Durchmesser: \u00d8 45 cm<\/li>\n<\/ul>\n","protected":false},"excerpt":{"rendered":"<p>Wenn Sie bei der Einrichtung ihres Heims Wert auf Details legen und bei Produkten, die Ihnen das Leben leichter machen, auf dem letzten Stand sein m\u00f6chten, dann kaufen Sie Raster EDM 33910 Ersatzteil \u00d8 45 cm zum besten Preis. Art: Ventilator Raster Ersatzteil Farbe: Wei\u00df Material: Metall Anzahl der St\u00fccke: 2 St\u00fccke Durchmesser: \u00d8 45 [&#8230;]\n","protected":false},"featured_media":68126,"template":"","meta":[],"product_cat":[34],"product_tag":[],"class_list":{"0":"post-3502","1":"product","2":"type-product","3":"status-publish","4":"has-post-thumbnail","6":"product_cat-tisch-standventilatoren","8":"first","9":"outofstock","10":"taxable","11":"shipping-taxable","12":"purchasable","13":"product-type-simple"},"_links":{"self":[{"href":"https:\/\/klima-theke.com\/index.php?rest_route=\/wp\/v2\/product\/3502","targetHints":{"allow":["GET"]}}],"collection":[{"href":"https:\/\/klima-theke.com\/index.php?rest_route=\/wp\/v2\/product"}],"about":[{"href":"https:\/\/klima-theke.com\/index.php?rest_route=\/wp\/v2\/types\/product"}],"wp:featuredmedia":[{"embeddable":true,"href":"https:\/\/klima-theke.com\/index.php?rest_route=\/wp\/v2\/media\/68126"}],"wp:attachment":[{"href":"https:\/\/klima-theke.com\/index.php?rest_route=%2Fwp%2Fv2%2Fmedia&parent=3502"}],"wp:term":[{"taxonomy":"product_cat","embeddable":true,"href":"https:\/\/klima-theke.com\/index.php?rest_route=%2Fwp%2Fv2%2Fproduct_cat&post=3502"},{"taxonomy":"product_tag","embeddable":true,"href":"https:\/\/klima-theke.com\/index.php?rest_route=%2Fwp%2Fv2%2Fproduct_tag&post=3502"}],"curies":[{"name":"wp","href":"https:\/\/api.w.org\/{rel}","templated":true}]}}