{"id":3500,"date":"2023-07-19T09:39:36","date_gmt":"2023-07-19T09:39:36","guid":{"rendered":"https:\/\/klima-theke.com\/produkt\/ventilator-edm-45-w-o-106-cm\/"},"modified":"2023-09-06T18:53:29","modified_gmt":"2023-09-06T16:53:29","slug":"ventilator-edm-45-w-o-106-cm","status":"publish","type":"product","link":"https:\/\/klima-theke.com\/?product=ventilator-edm-45-w-o-106-cm","title":{"rendered":"Ventilator EDM 4,5 W \u00d8 10,6 cm"},"content":{"rendered":"<p>Wenn Sie bei der Einrichtung ihres Heims Wert auf Details legen und bei Produkten, die Ihnen das Leben leichter machen, auf dem letzten Stand sein m\u00f6chten, dann kaufen Sie <b>Ventilator EDM 4,5 W \u00d8 10,6 cm<\/b> zum besten Preis.<\/p>\n<ul>\n<li>Art: Hand<\/li>\n<li>Farbe: Wei\u00df<\/li>\n<li>Leistung: 4,5 W<\/li>\n<li>Ger\u00e4uschpegel: 45 dB<\/li>\n<li>Klinge: 4<\/li>\n<li>Durchmesser: \u00d8 10,6 cm<\/li>\n<\/ul>\n","protected":false},"excerpt":{"rendered":"<p>Wenn Sie bei der Einrichtung ihres Heims Wert auf Details legen und bei Produkten, die Ihnen das Leben leichter machen, auf dem letzten Stand sein m\u00f6chten, dann kaufen Sie Ventilator EDM 4,5 W \u00d8 10,6 cm zum besten Preis. Art: Hand Farbe: Wei\u00df Leistung: 4,5 W Ger\u00e4uschpegel: 45 dB Klinge: 4 Durchmesser: \u00d8 10,6 cm<\/p>\n","protected":false},"featured_media":70043,"template":"","meta":[],"product_cat":[34],"product_tag":[],"class_list":{"0":"post-3500","1":"product","2":"type-product","3":"status-publish","4":"has-post-thumbnail","6":"product_cat-tisch-standventilatoren","8":"first","9":"outofstock","10":"taxable","11":"shipping-taxable","12":"purchasable","13":"product-type-simple"},"_links":{"self":[{"href":"https:\/\/klima-theke.com\/index.php?rest_route=\/wp\/v2\/product\/3500","targetHints":{"allow":["GET"]}}],"collection":[{"href":"https:\/\/klima-theke.com\/index.php?rest_route=\/wp\/v2\/product"}],"about":[{"href":"https:\/\/klima-theke.com\/index.php?rest_route=\/wp\/v2\/types\/product"}],"wp:featuredmedia":[{"embeddable":true,"href":"https:\/\/klima-theke.com\/index.php?rest_route=\/wp\/v2\/media\/70043"}],"wp:attachment":[{"href":"https:\/\/klima-theke.com\/index.php?rest_route=%2Fwp%2Fv2%2Fmedia&parent=3500"}],"wp:term":[{"taxonomy":"product_cat","embeddable":true,"href":"https:\/\/klima-theke.com\/index.php?rest_route=%2Fwp%2Fv2%2Fproduct_cat&post=3500"},{"taxonomy":"product_tag","embeddable":true,"href":"https:\/\/klima-theke.com\/index.php?rest_route=%2Fwp%2Fv2%2Fproduct_tag&post=3500"}],"curies":[{"name":"wp","href":"https:\/\/api.w.org\/{rel}","templated":true}]}}