{"id":3441,"date":"2023-07-19T11:38:48","date_gmt":"2023-07-19T09:38:48","guid":{"rendered":"https:\/\/klima-theke.com\/produkt\/quartz-heizung-edm-07093-2100-w-verchromt\/"},"modified":"2023-10-23T07:53:11","modified_gmt":"2023-10-23T05:53:11","slug":"quartz-heizung-edm-07093-2100-w-verchromt","status":"publish","type":"product","link":"https:\/\/klima-theke.com\/?product=quartz-heizung-edm-07093-2100-w-verchromt","title":{"rendered":"Quartz-Heizung EDM 07093 2100 W Verchromt"},"content":{"rendered":"<p>Wenn Sie Haushaltsger\u00e4te zum besten Gro\u00dfhandelspreis suchen, dann verpassen Sie nicht Ihre Chance auf <b>Quartz-Heizung EDM 07093 2100 W Verchromt<\/b> sowie ein breites Sortiment an kleinen Haushaltsger\u00e4ten!<\/p>\n<ul>\n<li>Spannung: 220-240 V<\/li>\n<li>Farbe: Verchromt<\/li>\n<li>Leistung: 2100 W<\/li>\n<li>Merkmale: 3 Intensit\u00e4tsstufen<\/li>\n<li>Heizsystem: Quarzstangen<\/li>\n<li>Art: Herd<\/li>\n<li>Geeignet f\u00fcr: Au\u00dfenbereich<\/li>\n<\/ul>\n","protected":false},"excerpt":{"rendered":"<p>Wenn Sie Haushaltsger\u00e4te zum besten Gro\u00dfhandelspreis suchen, dann verpassen Sie nicht Ihre Chance auf Quartz-Heizung EDM 07093 2100 W Verchromt sowie ein breites Sortiment an kleinen Haushaltsger\u00e4ten! Spannung: 220-240 V Farbe: Verchromt Leistung: 2100 W Merkmale: 3 Intensit\u00e4tsstufen Heizsystem: Quarzstangen Art: Herd Geeignet f\u00fcr: Au\u00dfenbereich<\/p>\n","protected":false},"featured_media":118220,"template":"","meta":[],"product_cat":[115],"product_tag":[],"class_list":{"0":"post-3441","1":"product","2":"type-product","3":"status-publish","4":"has-post-thumbnail","6":"product_cat-heizstrahler","8":"first","9":"instock","10":"taxable","11":"shipping-taxable","12":"purchasable","13":"product-type-simple"},"_links":{"self":[{"href":"https:\/\/klima-theke.com\/index.php?rest_route=\/wp\/v2\/product\/3441","targetHints":{"allow":["GET"]}}],"collection":[{"href":"https:\/\/klima-theke.com\/index.php?rest_route=\/wp\/v2\/product"}],"about":[{"href":"https:\/\/klima-theke.com\/index.php?rest_route=\/wp\/v2\/types\/product"}],"wp:featuredmedia":[{"embeddable":true,"href":"https:\/\/klima-theke.com\/index.php?rest_route=\/wp\/v2\/media\/118220"}],"wp:attachment":[{"href":"https:\/\/klima-theke.com\/index.php?rest_route=%2Fwp%2Fv2%2Fmedia&parent=3441"}],"wp:term":[{"taxonomy":"product_cat","embeddable":true,"href":"https:\/\/klima-theke.com\/index.php?rest_route=%2Fwp%2Fv2%2Fproduct_cat&post=3441"},{"taxonomy":"product_tag","embeddable":true,"href":"https:\/\/klima-theke.com\/index.php?rest_route=%2Fwp%2Fv2%2Fproduct_tag&post=3441"}],"curies":[{"name":"wp","href":"https:\/\/api.w.org\/{rel}","templated":true}]}}