{"id":3388,"date":"2023-07-19T11:38:12","date_gmt":"2023-07-19T09:38:12","guid":{"rendered":"https:\/\/klima-theke.com\/produkt\/oelheizung-9-kammern-edm-07124-weiss-2000-w\/"},"modified":"2023-10-27T19:53:14","modified_gmt":"2023-10-27T17:53:14","slug":"oelheizung-9-kammern-edm-07124-weiss-2000-w","status":"publish","type":"product","link":"https:\/\/klima-theke.com\/?product=oelheizung-9-kammern-edm-07124-weiss-2000-w","title":{"rendered":"\u00d6lheizung (9 Kammern) EDM 07124 Wei\u00df 2000 W"},"content":{"rendered":"<p>Wenn Sie Haushaltsger\u00e4te zum besten Gro\u00dfhandelspreis suchen, dann verpassen Sie nicht Ihre Chance auf <b>\u00d6lheizung (9 Kammern) EDM 07124 Wei\u00df 2000 W<\/b> sowie ein breites Sortiment an kleinen Haushaltsger\u00e4ten!<\/p>\n<ul>\n<li>Art: Heizk\u00f6rper<\/li>\n<li>Farbe:\n<ul>\n<li>Wei\u00df<\/li>\n<li>Bunt<\/li>\n<\/ul>\n<\/li>\n<li>Leistung: 2000 W<\/li>\n<li>Merkmale: \u00d6lheizung (9 Kammern)<\/li>\n<li>Ma\u00dfe ca.: 25 x 41 x 60 cm<\/li>\n<li>Stromquelle: AC-Strom<\/li>\n<\/ul>\n","protected":false},"excerpt":{"rendered":"<p>Wenn Sie Haushaltsger\u00e4te zum besten Gro\u00dfhandelspreis suchen, dann verpassen Sie nicht Ihre Chance auf \u00d6lheizung (9 Kammern) EDM 07124 Wei\u00df 2000 W sowie ein breites Sortiment an kleinen Haushaltsger\u00e4ten! Art: Heizk\u00f6rper Farbe: Wei\u00df Bunt Leistung: 2000 W Merkmale: \u00d6lheizung (9 Kammern) Ma\u00dfe ca.: 25 x 41 x 60 cm Stromquelle: AC-Strom<\/p>\n","protected":false},"featured_media":123358,"template":"","meta":[],"product_cat":[116],"product_tag":[],"class_list":{"0":"post-3388","1":"product","2":"type-product","3":"status-publish","4":"has-post-thumbnail","6":"product_cat-radiator-heizkoerper","8":"first","9":"instock","10":"taxable","11":"shipping-taxable","12":"purchasable","13":"product-type-simple"},"_links":{"self":[{"href":"https:\/\/klima-theke.com\/index.php?rest_route=\/wp\/v2\/product\/3388","targetHints":{"allow":["GET"]}}],"collection":[{"href":"https:\/\/klima-theke.com\/index.php?rest_route=\/wp\/v2\/product"}],"about":[{"href":"https:\/\/klima-theke.com\/index.php?rest_route=\/wp\/v2\/types\/product"}],"wp:featuredmedia":[{"embeddable":true,"href":"https:\/\/klima-theke.com\/index.php?rest_route=\/wp\/v2\/media\/123358"}],"wp:attachment":[{"href":"https:\/\/klima-theke.com\/index.php?rest_route=%2Fwp%2Fv2%2Fmedia&parent=3388"}],"wp:term":[{"taxonomy":"product_cat","embeddable":true,"href":"https:\/\/klima-theke.com\/index.php?rest_route=%2Fwp%2Fv2%2Fproduct_cat&post=3388"},{"taxonomy":"product_tag","embeddable":true,"href":"https:\/\/klima-theke.com\/index.php?rest_route=%2Fwp%2Fv2%2Fproduct_tag&post=3388"}],"curies":[{"name":"wp","href":"https:\/\/api.w.org\/{rel}","templated":true}]}}