{"id":3343,"date":"2023-07-19T11:37:41","date_gmt":"2023-07-19T09:37:41","guid":{"rendered":"https:\/\/klima-theke.com\/produkt\/heizkoerper-edm-black-edition-schwarz-grau-1500-w\/"},"modified":"2023-10-30T12:59:17","modified_gmt":"2023-10-30T10:59:17","slug":"heizkoerper-edm-black-edition-schwarz-grau-1500-w","status":"publish","type":"product","link":"https:\/\/klima-theke.com\/?product=heizkoerper-edm-black-edition-schwarz-grau-1500-w","title":{"rendered":"Heizk\u00f6rper EDM Black Edition Schwarz\/Grau 1500 W"},"content":{"rendered":"<p>Wenn Sie Haushaltsger\u00e4te zum besten Gro\u00dfhandelspreis suchen, dann verpassen Sie nicht Ihre Chance auf <b>Heizk\u00f6rper EDM Black Edition Schwarz\/Grau 1500 W<\/b> sowie ein breites Sortiment an kleinen Haushaltsger\u00e4ten!<\/p>\n<ul>\n<li>Art: Heizk\u00f6rper<\/li>\n<li>Leistung: 1500 W<\/li>\n<li>Spannung: 220-240 V<\/li>\n<li>Farbe:\n<ul>\n<li>Schwarz\/Grau<\/li>\n<li>Bunt<\/li>\n<\/ul>\n<\/li>\n<li>Heizsystem: Widerst\u00e4nde<\/li>\n<li>Ma\u00dfe ca.: 24 x 46 x 64 cm<\/li>\n<li>Stromquelle: AC-Strom<\/li>\n<\/ul>\n","protected":false},"excerpt":{"rendered":"<p>Wenn Sie Haushaltsger\u00e4te zum besten Gro\u00dfhandelspreis suchen, dann verpassen Sie nicht Ihre Chance auf Heizk\u00f6rper EDM Black Edition Schwarz\/Grau 1500 W sowie ein breites Sortiment an kleinen Haushaltsger\u00e4ten! Art: Heizk\u00f6rper Leistung: 1500 W Spannung: 220-240 V Farbe: Schwarz\/Grau Bunt Heizsystem: Widerst\u00e4nde Ma\u00dfe ca.: 24 x 46 x 64 cm Stromquelle: AC-Strom<\/p>\n","protected":false},"featured_media":125186,"template":"","meta":[],"product_cat":[38],"product_tag":[],"class_list":{"0":"post-3343","1":"product","2":"type-product","3":"status-publish","4":"has-post-thumbnail","6":"product_cat-heizungen-zubehoer","8":"first","9":"instock","10":"taxable","11":"shipping-taxable","12":"purchasable","13":"product-type-simple"},"_links":{"self":[{"href":"https:\/\/klima-theke.com\/index.php?rest_route=\/wp\/v2\/product\/3343","targetHints":{"allow":["GET"]}}],"collection":[{"href":"https:\/\/klima-theke.com\/index.php?rest_route=\/wp\/v2\/product"}],"about":[{"href":"https:\/\/klima-theke.com\/index.php?rest_route=\/wp\/v2\/types\/product"}],"wp:featuredmedia":[{"embeddable":true,"href":"https:\/\/klima-theke.com\/index.php?rest_route=\/wp\/v2\/media\/125186"}],"wp:attachment":[{"href":"https:\/\/klima-theke.com\/index.php?rest_route=%2Fwp%2Fv2%2Fmedia&parent=3343"}],"wp:term":[{"taxonomy":"product_cat","embeddable":true,"href":"https:\/\/klima-theke.com\/index.php?rest_route=%2Fwp%2Fv2%2Fproduct_cat&post=3343"},{"taxonomy":"product_tag","embeddable":true,"href":"https:\/\/klima-theke.com\/index.php?rest_route=%2Fwp%2Fv2%2Fproduct_tag&post=3343"}],"curies":[{"name":"wp","href":"https:\/\/api.w.org\/{rel}","templated":true}]}}