{"id":3310,"date":"2023-07-19T11:37:18","date_gmt":"2023-07-19T09:37:18","guid":{"rendered":"https:\/\/klima-theke.com\/produkt\/tischventilator-45-w-weiss\/"},"modified":"2023-10-28T11:22:34","modified_gmt":"2023-10-28T09:22:34","slug":"tischventilator-45-w-weiss","status":"publish","type":"product","link":"https:\/\/klima-theke.com\/?product=tischventilator-45-w-weiss","title":{"rendered":"Tischventilator 45 W Wei\u00df"},"content":{"rendered":"<p>Wenn Sie Haushaltsger\u00e4te zum besten Gro\u00dfhandelspreis suchen, dann verpassen Sie nicht Ihre Chance auf <b>Tischventilator 45 W Wei\u00df<\/b> sowie ein breites Sortiment an kleinen Haushaltsger\u00e4ten!<\/p>\n<ul>\n<li>Farbe: Wei\u00df<\/li>\n<li>Material: PP<\/li>\n<li>L\u00e4nge des Kabels: 1,3 m<\/li>\n<li>Ma\u00dfe ca.: 27,5 x 51 x 33,5 cm<\/li>\n<li>Geschwindigkeiten: 3 Geschwindigkeitsstufen<\/li>\n<li>Frequenz: 50 Hz<\/li>\n<li>Leistung: 45 W<\/li>\n<li>Spannung: 220 &#8211; 240 V<\/li>\n<li>Merkmale:\n<ul>\n<li>Einstellbar<\/li>\n<li>Oszillierend<\/li>\n<li>Tasten-Steuerung<\/li>\n<\/ul>\n<\/li>\n<li>Durchmesser: \u00d8 33 cm<\/li>\n<li>Dreh: 75\u00ba<\/li>\n<li>Art: Tischventilator<\/li>\n<\/ul>\n","protected":false},"excerpt":{"rendered":"<p>Wenn Sie Haushaltsger\u00e4te zum besten Gro\u00dfhandelspreis suchen, dann verpassen Sie nicht Ihre Chance auf Tischventilator 45 W Wei\u00df sowie ein breites Sortiment an kleinen Haushaltsger\u00e4ten! Farbe: Wei\u00df Material: PP L\u00e4nge des Kabels: 1,3 m Ma\u00dfe ca.: 27,5 x 51 x 33,5 cm Geschwindigkeiten: 3 Geschwindigkeitsstufen Frequenz: 50 Hz Leistung: 45 W Spannung: 220 &#8211; 240 [&#8230;]\n","protected":false},"featured_media":123727,"template":"","meta":[],"product_cat":[34],"product_tag":[],"class_list":{"0":"post-3310","1":"product","2":"type-product","3":"status-publish","4":"has-post-thumbnail","6":"product_cat-tisch-standventilatoren","8":"first","9":"instock","10":"taxable","11":"shipping-taxable","12":"purchasable","13":"product-type-simple"},"_links":{"self":[{"href":"https:\/\/klima-theke.com\/index.php?rest_route=\/wp\/v2\/product\/3310","targetHints":{"allow":["GET"]}}],"collection":[{"href":"https:\/\/klima-theke.com\/index.php?rest_route=\/wp\/v2\/product"}],"about":[{"href":"https:\/\/klima-theke.com\/index.php?rest_route=\/wp\/v2\/types\/product"}],"wp:featuredmedia":[{"embeddable":true,"href":"https:\/\/klima-theke.com\/index.php?rest_route=\/wp\/v2\/media\/123727"}],"wp:attachment":[{"href":"https:\/\/klima-theke.com\/index.php?rest_route=%2Fwp%2Fv2%2Fmedia&parent=3310"}],"wp:term":[{"taxonomy":"product_cat","embeddable":true,"href":"https:\/\/klima-theke.com\/index.php?rest_route=%2Fwp%2Fv2%2Fproduct_cat&post=3310"},{"taxonomy":"product_tag","embeddable":true,"href":"https:\/\/klima-theke.com\/index.php?rest_route=%2Fwp%2Fv2%2Fproduct_tag&post=3310"}],"curies":[{"name":"wp","href":"https:\/\/api.w.org\/{rel}","templated":true}]}}